{"id":86242,"date":"2024-01-10T06:37:57","date_gmt":"2024-01-10T06:37:57","guid":{"rendered":"https:\/\/onlinehardwareshop.de\/index.php\/produkt\/panasonic-sd-pn100kxe\/"},"modified":"2025-05-14T17:58:01","modified_gmt":"2025-05-14T17:58:01","slug":"panasonic-sd-pn100kxe","status":"publish","type":"product","link":"https:\/\/onlinehardwareshop.de\/index.php\/produkt\/panasonic-sd-pn100kxe\/","title":{"rendered":"Panasonic SD-PN100KXE"},"content":{"rendered":"<p>Der Panasonic SD-PN100KXE passt dank seiner kleinen Gr\u00f6\u00dfe in jede K\u00fcche. Au\u00dferdem schmei\u00dft du weniger Brot weg. Das ist super, denn das verringert die Lebensmittelverschwendung. Du backst 18 verschiedene Arten von Brot und Teig auf Knopfdruck. Zum Beispiel gibt es ein Programm f\u00fcr Vollkornbrot, Brioche und sogar Kuchen. Au\u00dferdem stehen dir vier glutenfreie Programme f\u00fcr Brot, Kuchen, Pizzateig und Nudelteig zur Auswahl. Dank des Timers stellst du den Brotbackautomaten bis zu 13 Stunden vor Backbeginn ein. Das ist praktisch, wenn du morgens wenig Zeit hast und schon am Vorabend das Brot vorbereitest.<\/p>\n","protected":false},"excerpt":{"rendered":"<p>Der Panasonic SD-PN100KXE passt dank seiner kleinen Gr\u00f6\u00dfe in jede K\u00fcche. Au\u00dferdem schmei\u00dft du weniger Brot weg. Das ist super, denn das verringert die Lebensmittelverschwendung. Du backst 18 verschiedene Arten von Brot und Teig auf Knopfdruck. Zum Beispiel gibt es ein Programm f\u00fcr Vollkornbrot, Brioche und sogar Kuchen. Au\u00dferdem stehen dir vier glutenfreie Programme f\u00fcr Brot, Kuchen, Pizzateig und Nudelteig zur Auswahl. Dank des Timers stellst du den Brotbackautomaten bis zu 13 Stunden vor Backbeginn ein. Das ist praktisch, wenn du morgens wenig Zeit hast und schon am Vorabend das Brot vorbereitest.<\/p>\n","protected":false},"featured_media":0,"comment_status":"closed","ping_status":"open","template":"","meta":{"_acf_changed":false},"brand":[173],"product_brand":[],"product_cat":[1396],"product_tag":[1397],"class_list":{"0":"post-86242","1":"product","2":"type-product","3":"status-publish","5":"brand-panasonic","6":"product_cat-brotbackautomaten","7":"product_tag-broodbakmachines","8":"pa_condition-new","9":"pa_coolblue-de-verzending-morgen-gratis-geliefert","10":"pa_ean-33771","11":"pa_mpn-sd-pn100kxe","13":"first","14":"instock","15":"product-type-external"},"acf":[],"_links":{"self":[{"href":"https:\/\/onlinehardwareshop.de\/index.php\/wp-json\/wp\/v2\/product\/86242","targetHints":{"allow":["GET"]}}],"collection":[{"href":"https:\/\/onlinehardwareshop.de\/index.php\/wp-json\/wp\/v2\/product"}],"about":[{"href":"https:\/\/onlinehardwareshop.de\/index.php\/wp-json\/wp\/v2\/types\/product"}],"replies":[{"embeddable":true,"href":"https:\/\/onlinehardwareshop.de\/index.php\/wp-json\/wp\/v2\/comments?post=86242"}],"wp:attachment":[{"href":"https:\/\/onlinehardwareshop.de\/index.php\/wp-json\/wp\/v2\/media?parent=86242"}],"wp:term":[{"taxonomy":"brand","embeddable":true,"href":"https:\/\/onlinehardwareshop.de\/index.php\/wp-json\/wp\/v2\/brand?post=86242"},{"taxonomy":"product_brand","embeddable":true,"href":"https:\/\/onlinehardwareshop.de\/index.php\/wp-json\/wp\/v2\/product_brand?post=86242"},{"taxonomy":"product_cat","embeddable":true,"href":"https:\/\/onlinehardwareshop.de\/index.php\/wp-json\/wp\/v2\/product_cat?post=86242"},{"taxonomy":"product_tag","embeddable":true,"href":"https:\/\/onlinehardwareshop.de\/index.php\/wp-json\/wp\/v2\/product_tag?post=86242"}],"curies":[{"name":"wp","href":"https:\/\/api.w.org\/{rel}","templated":true}]}}