{"id":86235,"date":"2025-05-08T11:50:24","date_gmt":"2025-05-08T11:50:24","guid":{"rendered":"https:\/\/onlinehardwareshop.de\/index.php\/produkt\/obsbot-meet-2-cloud-white\/"},"modified":"2025-05-14T17:25:31","modified_gmt":"2025-05-14T17:25:31","slug":"obsbot-meet-2-cloud-white","status":"publish","type":"product","link":"https:\/\/onlinehardwareshop.de\/index.php\/produkt\/obsbot-meet-2-cloud-white\/","title":{"rendered":"OBSBOT Meet 2 Cloud White"},"content":{"rendered":"<p>Die OBSBOT Meet 2 Cloud White ist eine 4K-Webcam, die KI verwendet, f\u00fcr die besten Bilder. Dank der KI-Autoframing-Funktion siehst du auf deinen Bildern immer professionell aus. Mit dem KI-Algorithmus, der 4K-Aufl\u00f6sung und dem Autofokus bist du immer gut und scharf im Bild. Du steuerst die Meet 2 mit verschiedenen Handgesten. Halte deine Hand hoch und die Kamera fokussiert nur auf dich. M\u00f6chtest du rein- und rauszoomen? Dann h\u00e4ltst du einfach Daumen und Zeigefinger hoch. Au\u00dferdem passt du die Einstellungen an und wechselst zwischen den verschiedenen Modi \u00fcber die OBSBOT Center Software. Mit dem mitgelieferten magnetischen Privacy-Cover sch\u00fctzt du deine Privatsph\u00e4re. Neben normalen Videoanrufen verwendest du diese Webcam auch f\u00fcr Streaming, das Erstellen von Inhalten, Podcasts und Online-Kurse.<\/p>\n","protected":false},"excerpt":{"rendered":"<p>Die OBSBOT Meet 2 Cloud White ist eine 4K-Webcam, die KI verwendet, f\u00fcr die besten Bilder. Dank der KI-Autoframing-Funktion siehst du auf deinen Bildern immer professionell aus. Mit dem KI-Algorithmus, der 4K-Aufl\u00f6sung und dem Autofokus bist du immer gut und scharf im Bild. Du steuerst die Meet 2 mit verschiedenen Handgesten. Halte deine Hand hoch und die Kamera fokussiert nur auf dich. M\u00f6chtest du rein- und rauszoomen? Dann h\u00e4ltst du einfach Daumen und Zeigefinger hoch. Au\u00dferdem passt du die Einstellungen an und wechselst zwischen den verschiedenen Modi \u00fcber die OBSBOT Center Software. Mit dem mitgelieferten magnetischen Privacy-Cover sch\u00fctzt du deine Privatsph\u00e4re. Neben normalen Videoanrufen verwendest du diese Webcam auch f\u00fcr Streaming, das Erstellen von Inhalten, Podcasts und Online-Kurse.<\/p>\n","protected":false},"featured_media":0,"comment_status":"closed","ping_status":"open","template":"","meta":{"_acf_changed":false},"brand":[14877],"product_brand":[],"product_cat":[999],"product_tag":[1000],"class_list":{"0":"post-86235","1":"product","2":"type-product","3":"status-publish","5":"brand-obsbot","6":"product_cat-webcams","7":"product_tag-webcams","8":"pa_condition-new","9":"pa_coolblue-de-verzending-morgen-gratis-geliefert","10":"pa_ean-34154","11":"pa_mpn-ob119398","13":"first","14":"instock","15":"product-type-external"},"acf":[],"_links":{"self":[{"href":"https:\/\/onlinehardwareshop.de\/index.php\/wp-json\/wp\/v2\/product\/86235","targetHints":{"allow":["GET"]}}],"collection":[{"href":"https:\/\/onlinehardwareshop.de\/index.php\/wp-json\/wp\/v2\/product"}],"about":[{"href":"https:\/\/onlinehardwareshop.de\/index.php\/wp-json\/wp\/v2\/types\/product"}],"replies":[{"embeddable":true,"href":"https:\/\/onlinehardwareshop.de\/index.php\/wp-json\/wp\/v2\/comments?post=86235"}],"wp:attachment":[{"href":"https:\/\/onlinehardwareshop.de\/index.php\/wp-json\/wp\/v2\/media?parent=86235"}],"wp:term":[{"taxonomy":"brand","embeddable":true,"href":"https:\/\/onlinehardwareshop.de\/index.php\/wp-json\/wp\/v2\/brand?post=86235"},{"taxonomy":"product_brand","embeddable":true,"href":"https:\/\/onlinehardwareshop.de\/index.php\/wp-json\/wp\/v2\/product_brand?post=86235"},{"taxonomy":"product_cat","embeddable":true,"href":"https:\/\/onlinehardwareshop.de\/index.php\/wp-json\/wp\/v2\/product_cat?post=86235"},{"taxonomy":"product_tag","embeddable":true,"href":"https:\/\/onlinehardwareshop.de\/index.php\/wp-json\/wp\/v2\/product_tag?post=86235"}],"curies":[{"name":"wp","href":"https:\/\/api.w.org\/{rel}","templated":true}]}}