{"id":86213,"date":"2024-05-13T02:30:32","date_gmt":"2024-05-13T02:30:32","guid":{"rendered":"https:\/\/onlinehardwareshop.de\/index.php\/produkt\/apple-macbook-pro-14-m4-pro-14-core-cpu-20-core-gpu-48gb-1tb-space-schwarz-qwertz\/"},"modified":"2025-05-14T16:21:54","modified_gmt":"2025-05-14T16:21:54","slug":"apple-macbook-pro-14-m4-pro-14-core-cpu-20-core-gpu-48gb-1tb-space-schwarz-qwertz","status":"publish","type":"product","link":"https:\/\/onlinehardwareshop.de\/index.php\/produkt\/apple-macbook-pro-14-m4-pro-14-core-cpu-20-core-gpu-48gb-1tb-space-schwarz-qwertz\/","title":{"rendered":"Apple MacBook Pro 14&#xBF; M4 Pro (14 Core CPU\/20 Core GPU) 48GB\/1TB Space Schwarz QWERTZ"},"content":{"rendered":"<p>Mit dem Apple MacBook Pro 14 Zoll M4 Pro (14 Core CPU\/20 Core GPU) 48GB \/ 1TB in Space Schwarz bearbeitest du m\u00fchelos mehrere 4K Videodateien. Dies erledigst du in anspruchsvollen Programmen wie Final Cut Pro und iMovie. W\u00e4hrend deine Videos gerendert werden, bearbeitest du ohne Verz\u00f6gerung RAW Fotodateien in Adobe Photoshop. Daf\u00fcr sorgen der leistungsstarke Apple M4 Pro Chip, 48 Gigabyte Arbeitsspeicher und die 16 Core NPU. Deine Dateien speicherst du bequem auf der gro\u00dfz\u00fcgigen 1 Terabyte Festplatte. Du arbeitest problemlos in hell beleuchteten R\u00e4umen, genie\u00dft realistische Farben und erkennst jedes Detail auf dem 1600 Nits Liquid Retina XDR-Display. Ben\u00f6tigst du mehr Bildschirmfl\u00e4che? Kein Problem, du schlie\u00dft ganz einfach 2 zus\u00e4tzliche hochaufl\u00f6sende Monitore an. Du arbeitest den ganzen Tag ohne Unterbrechung an deinen Projekten, da ein vollst\u00e4ndig aufgeladenes MacBook Pro bis zu 24 Stunden durchh\u00e4lt. Und dank der Mittelpunkt Technologie bleibst du bei Videogespr\u00e4chen immer im Fokus, auch wenn du dich im Raum bewegst.  Ratschlag unseres Apple Spezialisten Im Internet surfen, E-Mails schreiben &#038; Textverarbeitung: geeignet Filme &#038; Serien schauen: geeignet Fotos bearbeiten: geeignet Videos bearbeiten: geeignet 3D Designs erstellen und rendern: m\u00f6glich, aber schneller mit M4 Max Apps in Xcode entwickeln: ungeeignet, mindestens M4 Max und 36 Gigabyte Arbeitsspeicher erforderlich Gaming: m\u00f6glich, aber vor allem leichte Spiele. Alle Spiele von Apple Arcade sind jedoch geeignet<\/p>\n","protected":false},"excerpt":{"rendered":"<p>Mit dem Apple MacBook Pro 14 Zoll M4 Pro (14 Core CPU\/20 Core GPU) 48GB \/ 1TB in Space Schwarz bearbeitest du m\u00fchelos mehrere 4K Videodateien. Dies erledigst du in anspruchsvollen Programmen wie Final Cut Pro und iMovie. W\u00e4hrend deine Videos gerendert werden, bearbeitest du ohne Verz\u00f6gerung RAW Fotodateien in Adobe Photoshop. Daf\u00fcr sorgen der leistungsstarke Apple M4 Pro Chip, 48 Gigabyte Arbeitsspeicher und die 16 Core NPU. Deine Dateien speicherst du bequem auf der gro\u00dfz\u00fcgigen 1 Terabyte Festplatte. Du arbeitest problemlos in hell beleuchteten R\u00e4umen, genie\u00dft realistische Farben und erkennst jedes Detail auf dem 1600 Nits Liquid Retina XDR-Display. Ben\u00f6tigst du mehr Bildschirmfl\u00e4che? Kein Problem, du schlie\u00dft ganz einfach 2 zus\u00e4tzliche hochaufl\u00f6sende Monitore an. Du arbeitest den ganzen Tag ohne Unterbrechung an deinen Projekten, da ein vollst\u00e4ndig aufgeladenes MacBook Pro bis zu 24 Stunden durchh\u00e4lt. Und dank der Mittelpunkt Technologie bleibst du bei Videogespr\u00e4chen immer im Fokus, auch wenn du dich im Raum bewegst.  Ratschlag unseres Apple Spezialisten Im Internet surfen, E-Mails schreiben &#038; Textverarbeitung: geeignet Filme &#038; Serien schauen: geeignet Fotos bearbeiten: geeignet Videos bearbeiten: geeignet 3D Designs erstellen und rendern: m\u00f6glich, aber schneller mit M4 Max Apps in Xcode entwickeln: ungeeignet, mindestens M4 Max und 36 Gigabyte Arbeitsspeicher erforderlich Gaming: m\u00f6glich, aber vor allem leichte Spiele. Alle Spiele von Apple Arcade sind jedoch geeignet<\/p>\n","protected":false},"featured_media":0,"comment_status":"closed","ping_status":"open","template":"","meta":{"_acf_changed":false},"brand":[148],"product_brand":[],"product_cat":[8884],"product_tag":[8885],"class_list":{"0":"post-86213","1":"product","2":"type-product","3":"status-publish","5":"brand-apple","6":"product_cat-laptops","7":"product_tag-macbooks-qwertz","8":"pa_condition-new","9":"pa_coolblue-de-verzending-morgen-gratis-geliefert","10":"pa_ean-27148","11":"pa_mpn-z1ff_1390_de_cto","13":"first","14":"instock","15":"product-type-external"},"acf":[],"_links":{"self":[{"href":"https:\/\/onlinehardwareshop.de\/index.php\/wp-json\/wp\/v2\/product\/86213","targetHints":{"allow":["GET"]}}],"collection":[{"href":"https:\/\/onlinehardwareshop.de\/index.php\/wp-json\/wp\/v2\/product"}],"about":[{"href":"https:\/\/onlinehardwareshop.de\/index.php\/wp-json\/wp\/v2\/types\/product"}],"replies":[{"embeddable":true,"href":"https:\/\/onlinehardwareshop.de\/index.php\/wp-json\/wp\/v2\/comments?post=86213"}],"wp:attachment":[{"href":"https:\/\/onlinehardwareshop.de\/index.php\/wp-json\/wp\/v2\/media?parent=86213"}],"wp:term":[{"taxonomy":"brand","embeddable":true,"href":"https:\/\/onlinehardwareshop.de\/index.php\/wp-json\/wp\/v2\/brand?post=86213"},{"taxonomy":"product_brand","embeddable":true,"href":"https:\/\/onlinehardwareshop.de\/index.php\/wp-json\/wp\/v2\/product_brand?post=86213"},{"taxonomy":"product_cat","embeddable":true,"href":"https:\/\/onlinehardwareshop.de\/index.php\/wp-json\/wp\/v2\/product_cat?post=86213"},{"taxonomy":"product_tag","embeddable":true,"href":"https:\/\/onlinehardwareshop.de\/index.php\/wp-json\/wp\/v2\/product_tag?post=86213"}],"curies":[{"name":"wp","href":"https:\/\/api.w.org\/{rel}","templated":true}]}}