{"id":86174,"date":"2025-05-11T23:37:16","date_gmt":"2025-05-11T23:37:16","guid":{"rendered":"https:\/\/onlinehardwareshop.de\/index.php\/produkt\/bosch-fontus-gen-ii-18v-25-ah-akku-2x-starterset\/"},"modified":"2025-05-14T14:53:49","modified_gmt":"2025-05-14T14:53:49","slug":"bosch-fontus-gen-ii-18v-25-ah-akku-2x-starterset","status":"publish","type":"product","link":"https:\/\/onlinehardwareshop.de\/index.php\/produkt\/bosch-fontus-gen-ii-18v-25-ah-akku-2x-starterset\/","title":{"rendered":"Bosch Fontus GEN II 18V 2,5-Ah-Akku (2x) Starterset"},"content":{"rendered":"<p>Mit dem Bosch Fontus GEN II 18V 2,5-Ah-Akku (2x) Starterset machst du dich dank der zwei mitgelieferten Akkus direkt ans Werk. Mit dem 15 Liter gro\u00dfen Wassertank f\u00fchrst du verschiedene Arbeiten durch. Du reinigst zum Beispiel drei Gartenst\u00fchle gleichzeitig. Mit einem Arbeitsdruck von 20 bar reinigst du auch m\u00fchelos Terrassen von bis zu 25 Quadratmetern. Dank der vier Spr\u00fchmuster und dem einstellbaren Wasserdruck beseitigst du sowohl leichte als auch hartn\u00e4ckige Flecken von deinen Gartenger\u00e4ten. Dank der stabilen R\u00e4der und des ausziehbaren Griffs l\u00e4sst sich der Hochdruckreiniger problemlos bewegen. Der Fontus GEN II 18V ist au\u00dferdem mit einem Aufbewahrungsfach ausgestattet, in dem du kleines Zubeh\u00f6r verstaust.  Zu dem Hochdruckreiniger wird kein Gartenschlauch mitgeliefert. F\u00fcr diesen Hochdruckreiniger ben\u00f6tigst du einen Gartenschlauch mit einem Durchmesser von 12,7\u00a0mm (1\/2 Zoll) und einer L\u00e4nge zwischen 2\u00a0m und 20\u00a0m.<\/p>\n","protected":false},"excerpt":{"rendered":"<p>Mit dem Bosch Fontus GEN II 18V 2,5-Ah-Akku (2x) Starterset machst du dich dank der zwei mitgelieferten Akkus direkt ans Werk. Mit dem 15 Liter gro\u00dfen Wassertank f\u00fchrst du verschiedene Arbeiten durch. Du reinigst zum Beispiel drei Gartenst\u00fchle gleichzeitig. Mit einem Arbeitsdruck von 20 bar reinigst du auch m\u00fchelos Terrassen von bis zu 25 Quadratmetern. Dank der vier Spr\u00fchmuster und dem einstellbaren Wasserdruck beseitigst du sowohl leichte als auch hartn\u00e4ckige Flecken von deinen Gartenger\u00e4ten. Dank der stabilen R\u00e4der und des ausziehbaren Griffs l\u00e4sst sich der Hochdruckreiniger problemlos bewegen. Der Fontus GEN II 18V ist au\u00dferdem mit einem Aufbewahrungsfach ausgestattet, in dem du kleines Zubeh\u00f6r verstaust.  Zu dem Hochdruckreiniger wird kein Gartenschlauch mitgeliefert. F\u00fcr diesen Hochdruckreiniger ben\u00f6tigst du einen Gartenschlauch mit einem Durchmesser von 12,7\u00a0mm (1\/2 Zoll) und einer L\u00e4nge zwischen 2\u00a0m und 20\u00a0m.<\/p>\n","protected":false},"featured_media":0,"comment_status":"closed","ping_status":"open","template":"","meta":{"_acf_changed":false},"brand":[250],"product_brand":[],"product_cat":[2722],"product_tag":[2723],"class_list":{"0":"post-86174","1":"product","2":"type-product","3":"status-publish","5":"brand-bosch","6":"product_cat-hochdruckreiniger","7":"product_tag-hogedrukreinigers","8":"pa_condition-new","9":"pa_coolblue-de-verzending-morgen-gratis-geliefert","10":"pa_ean-24010","12":"first","13":"instock","14":"product-type-external"},"acf":[],"_links":{"self":[{"href":"https:\/\/onlinehardwareshop.de\/index.php\/wp-json\/wp\/v2\/product\/86174","targetHints":{"allow":["GET"]}}],"collection":[{"href":"https:\/\/onlinehardwareshop.de\/index.php\/wp-json\/wp\/v2\/product"}],"about":[{"href":"https:\/\/onlinehardwareshop.de\/index.php\/wp-json\/wp\/v2\/types\/product"}],"replies":[{"embeddable":true,"href":"https:\/\/onlinehardwareshop.de\/index.php\/wp-json\/wp\/v2\/comments?post=86174"}],"wp:attachment":[{"href":"https:\/\/onlinehardwareshop.de\/index.php\/wp-json\/wp\/v2\/media?parent=86174"}],"wp:term":[{"taxonomy":"brand","embeddable":true,"href":"https:\/\/onlinehardwareshop.de\/index.php\/wp-json\/wp\/v2\/brand?post=86174"},{"taxonomy":"product_brand","embeddable":true,"href":"https:\/\/onlinehardwareshop.de\/index.php\/wp-json\/wp\/v2\/product_brand?post=86174"},{"taxonomy":"product_cat","embeddable":true,"href":"https:\/\/onlinehardwareshop.de\/index.php\/wp-json\/wp\/v2\/product_cat?post=86174"},{"taxonomy":"product_tag","embeddable":true,"href":"https:\/\/onlinehardwareshop.de\/index.php\/wp-json\/wp\/v2\/product_tag?post=86174"}],"curies":[{"name":"wp","href":"https:\/\/api.w.org\/{rel}","templated":true}]}}