{"id":86150,"date":"2024-04-25T11:19:09","date_gmt":"2024-04-25T11:19:09","guid":{"rendered":"https:\/\/onlinehardwareshop.de\/index.php\/produkt\/jbl-tune-520bt-schwarz-bluebuilt-quick-charge-ladegert-mit-usb-a-port-18w-schwarz\/"},"modified":"2025-05-14T13:57:47","modified_gmt":"2025-05-14T13:57:47","slug":"jbl-tune-520bt-schwarz-bluebuilt-quick-charge-ladegert-mit-usb-a-port-18w-schwarz","status":"publish","type":"product","link":"https:\/\/onlinehardwareshop.de\/index.php\/produkt\/jbl-tune-520bt-schwarz-bluebuilt-quick-charge-ladegert-mit-usb-a-port-18w-schwarz\/","title":{"rendered":"JBL Tune 520BT Schwarz + BlueBuilt Quick-Charge-Ladeger&#xE4;t mit USB-A-Port 18&#xA0;W Schwarz"},"content":{"rendered":"<p>Mit dem JBL Tune 520BT Schwarz + BlueBuilt Quick-Charge-Ladeger\u00e4t mit USB-A-Port 18\u00a0W Schwarz erh\u00e4ltst du einen Kopfh\u00f6rer und ein Ladepaket. Du kannst bis zu 57 Stunden deine Lieblingsmusik bzw. deinen Lieblingspodcast h\u00f6ren. Wenn der Akku leer ist, l\u00e4sst er sich innerhalb von 5 Minuten ausreichend aufladen, um drei Stunden lang Musik h\u00f6ren zu k\u00f6nnen. Dieser Kopfh\u00f6rer hat Multipoint-Pairing. Dank dieser Technologie l\u00e4sst sich der Kopfh\u00f6rer gleichzeitig mit zwei Ger\u00e4ten verbinden. So h\u00f6rst du auf deinem Laptop Musik und nimmst gleichzeitig Anrufe entgegen. Dank Voice Aware sind Telefongespr\u00e4che deutlich. Diese Technik erm\u00f6glicht es dir, deine Stimme gut zu h\u00f6ren, w\u00e4hrend du den Kopfh\u00f6rer tr\u00e4gst. In der JBL Headphones App kannst du den Klang \u00fcber den Equalizer selbst anpassen.<\/p>\n","protected":false},"excerpt":{"rendered":"<p>Mit dem JBL Tune 520BT Schwarz + BlueBuilt Quick-Charge-Ladeger\u00e4t mit USB-A-Port 18\u00a0W Schwarz erh\u00e4ltst du einen Kopfh\u00f6rer und ein Ladepaket. Du kannst bis zu 57 Stunden deine Lieblingsmusik bzw. deinen Lieblingspodcast h\u00f6ren. Wenn der Akku leer ist, l\u00e4sst er sich innerhalb von 5 Minuten ausreichend aufladen, um drei Stunden lang Musik h\u00f6ren zu k\u00f6nnen. Dieser Kopfh\u00f6rer hat Multipoint-Pairing. Dank dieser Technologie l\u00e4sst sich der Kopfh\u00f6rer gleichzeitig mit zwei Ger\u00e4ten verbinden. So h\u00f6rst du auf deinem Laptop Musik und nimmst gleichzeitig Anrufe entgegen. Dank Voice Aware sind Telefongespr\u00e4che deutlich. Diese Technik erm\u00f6glicht es dir, deine Stimme gut zu h\u00f6ren, w\u00e4hrend du den Kopfh\u00f6rer tr\u00e4gst. In der JBL Headphones App kannst du den Klang \u00fcber den Equalizer selbst anpassen.<\/p>\n","protected":false},"featured_media":0,"comment_status":"closed","ping_status":"open","template":"","meta":{"_acf_changed":false},"brand":[5677],"product_brand":[],"product_cat":[1182],"product_tag":[1183],"class_list":{"0":"post-86150","1":"product","2":"type-product","3":"status-publish","5":"brand-jbl","6":"product_cat-kopfhrer","7":"product_tag-hoofdtelefoons-zonder-noisecancelling","8":"pa_condition-new","9":"pa_coolblue-de-verzending-morgen-gratis-geliefert","10":"pa_ean-22897","12":"first","13":"instock","14":"product-type-external"},"acf":[],"_links":{"self":[{"href":"https:\/\/onlinehardwareshop.de\/index.php\/wp-json\/wp\/v2\/product\/86150","targetHints":{"allow":["GET"]}}],"collection":[{"href":"https:\/\/onlinehardwareshop.de\/index.php\/wp-json\/wp\/v2\/product"}],"about":[{"href":"https:\/\/onlinehardwareshop.de\/index.php\/wp-json\/wp\/v2\/types\/product"}],"replies":[{"embeddable":true,"href":"https:\/\/onlinehardwareshop.de\/index.php\/wp-json\/wp\/v2\/comments?post=86150"}],"wp:attachment":[{"href":"https:\/\/onlinehardwareshop.de\/index.php\/wp-json\/wp\/v2\/media?parent=86150"}],"wp:term":[{"taxonomy":"brand","embeddable":true,"href":"https:\/\/onlinehardwareshop.de\/index.php\/wp-json\/wp\/v2\/brand?post=86150"},{"taxonomy":"product_brand","embeddable":true,"href":"https:\/\/onlinehardwareshop.de\/index.php\/wp-json\/wp\/v2\/product_brand?post=86150"},{"taxonomy":"product_cat","embeddable":true,"href":"https:\/\/onlinehardwareshop.de\/index.php\/wp-json\/wp\/v2\/product_cat?post=86150"},{"taxonomy":"product_tag","embeddable":true,"href":"https:\/\/onlinehardwareshop.de\/index.php\/wp-json\/wp\/v2\/product_tag?post=86150"}],"curies":[{"name":"wp","href":"https:\/\/api.w.org\/{rel}","templated":true}]}}