{"id":86116,"date":"2024-02-20T17:58:47","date_gmt":"2024-02-20T17:58:47","guid":{"rendered":"https:\/\/onlinehardwareshop.de\/index.php\/produkt\/bosch-universal-cut-18v-65-25-ah-akku-und-ladegert\/"},"modified":"2025-05-14T12:21:32","modified_gmt":"2025-05-14T12:21:32","slug":"bosch-universal-cut-18v-65-25-ah-akku-und-ladegert","status":"publish","type":"product","link":"https:\/\/onlinehardwareshop.de\/index.php\/produkt\/bosch-universal-cut-18v-65-25-ah-akku-und-ladegert\/","title":{"rendered":"Bosch Universal Cut 18V-65 + 2,5-Ah-Akku und Ladeger&#xE4;t"},"content":{"rendered":"<p>Zu diesem Set geh\u00f6rt neben der Bosch Universal Cut 18V-65 auch ein 2,5-Ah-Akku und ein Ladeger\u00e4t. So kannst du gleich mit den unterschiedlichsten S\u00e4gearbeiten beginnen. Durch ihre geringe Gr\u00f6\u00dfe liegt die Stichs\u00e4ge gut in der Hand. In Holz, Kunststoff und Laminat s\u00e4gst du 65 Millimeter tief. So s\u00e4gst du beispielsweise ein Loch f\u00fcr Fernseherkabel in ein M\u00f6belst\u00fcck. Durch das praktische SDS System wechselst du schnell das S\u00e4geblatt. Au\u00dferdem passt du die S\u00e4gegeschwindigkeit an die Art Holz an, das du bearbeitest. Die Universal Cut 18V-65 + 2,5-Ah-Akku und Ladeger\u00e4t geh\u00f6ren zum Akkusystem Bosch Power For All 18V. Du verwendest den Akku also auch mit anderen (Garten-)Ger\u00e4ten desselben Akkusystems.<\/p>\n","protected":false},"excerpt":{"rendered":"<p>Zu diesem Set geh\u00f6rt neben der Bosch Universal Cut 18V-65 auch ein 2,5-Ah-Akku und ein Ladeger\u00e4t. So kannst du gleich mit den unterschiedlichsten S\u00e4gearbeiten beginnen. Durch ihre geringe Gr\u00f6\u00dfe liegt die Stichs\u00e4ge gut in der Hand. In Holz, Kunststoff und Laminat s\u00e4gst du 65 Millimeter tief. So s\u00e4gst du beispielsweise ein Loch f\u00fcr Fernseherkabel in ein M\u00f6belst\u00fcck. Durch das praktische SDS System wechselst du schnell das S\u00e4geblatt. Au\u00dferdem passt du die S\u00e4gegeschwindigkeit an die Art Holz an, das du bearbeitest. Die Universal Cut 18V-65 + 2,5-Ah-Akku und Ladeger\u00e4t geh\u00f6ren zum Akkusystem Bosch Power For All 18V. Du verwendest den Akku also auch mit anderen (Garten-)Ger\u00e4ten desselben Akkusystems.<\/p>\n","protected":false},"featured_media":0,"comment_status":"closed","ping_status":"open","template":"","meta":{"_acf_changed":false},"brand":[250],"product_brand":[],"product_cat":[43],"product_tag":[2773],"class_list":{"0":"post-86116","1":"product","2":"type-product","3":"status-publish","5":"brand-bosch","6":"product_cat-stichsgen","7":"product_tag-accu-decoupeerzagen","8":"pa_condition-new","9":"pa_coolblue-de-verzending-morgen-gratis-geliefert","10":"pa_ean-20523","12":"first","13":"instock","14":"product-type-external"},"acf":[],"_links":{"self":[{"href":"https:\/\/onlinehardwareshop.de\/index.php\/wp-json\/wp\/v2\/product\/86116","targetHints":{"allow":["GET"]}}],"collection":[{"href":"https:\/\/onlinehardwareshop.de\/index.php\/wp-json\/wp\/v2\/product"}],"about":[{"href":"https:\/\/onlinehardwareshop.de\/index.php\/wp-json\/wp\/v2\/types\/product"}],"replies":[{"embeddable":true,"href":"https:\/\/onlinehardwareshop.de\/index.php\/wp-json\/wp\/v2\/comments?post=86116"}],"wp:attachment":[{"href":"https:\/\/onlinehardwareshop.de\/index.php\/wp-json\/wp\/v2\/media?parent=86116"}],"wp:term":[{"taxonomy":"brand","embeddable":true,"href":"https:\/\/onlinehardwareshop.de\/index.php\/wp-json\/wp\/v2\/brand?post=86116"},{"taxonomy":"product_brand","embeddable":true,"href":"https:\/\/onlinehardwareshop.de\/index.php\/wp-json\/wp\/v2\/product_brand?post=86116"},{"taxonomy":"product_cat","embeddable":true,"href":"https:\/\/onlinehardwareshop.de\/index.php\/wp-json\/wp\/v2\/product_cat?post=86116"},{"taxonomy":"product_tag","embeddable":true,"href":"https:\/\/onlinehardwareshop.de\/index.php\/wp-json\/wp\/v2\/product_tag?post=86116"}],"curies":[{"name":"wp","href":"https:\/\/api.w.org\/{rel}","templated":true}]}}