{"id":86072,"date":"2024-09-30T18:50:25","date_gmt":"2024-09-30T18:50:25","guid":{"rendered":"https:\/\/onlinehardwareshop.de\/index.php\/produkt\/bosch-universalhammer-18v-bosch-starterset-18v-25ah-akku\/"},"modified":"2025-05-14T10:58:00","modified_gmt":"2025-05-14T10:58:00","slug":"bosch-universalhammer-18v-bosch-starterset-18v-25ah-akku","status":"publish","type":"product","link":"https:\/\/onlinehardwareshop.de\/index.php\/produkt\/bosch-universalhammer-18v-bosch-starterset-18v-25ah-akku\/","title":{"rendered":"Bosch UniversalHammer 18&#xA0;V + Bosch Starterset 18&#xA0;V 2,5&#xA0;Ah Akku"},"content":{"rendered":"<p>Mit dem Set aus Bosch UniversalHammer 18\u00a0V + Bosch Starterset 18\u00a0V 2,5\u00a0Ah Akku bohrst du sofort in harte Materialien. Dazu geh\u00f6ren zum Beispiel (Back-)Stein, Fliesen und Beton. Mit dem Drehstopp f\u00fchrst du auch einfachere Abbrucharbeiten aus. Schlage zum Beispiel die Badezimmerfliesen von der Wand ab oder rei\u00dfe eine Steinmauer ein. Der Kombihammer verf\u00fcgt zudem \u00fcber einen verstellbaren Handgriff. So beh\u00e4ltst du immer die Kontrolle \u00fcber die Maschine. Dank der integrierten LED-Beleuchtung arbeitest du auch im Dunkeln problemlos weiter. Der Kombihammer und der Akku geh\u00f6ren zum Bosch Power For All 18V Akkusystem. Du verwendest den Akku daher auch in anderen (Garten-)Werkzeugen desselben Akkusystems.<\/p>\n","protected":false},"excerpt":{"rendered":"<p>Mit dem Set aus Bosch UniversalHammer 18\u00a0V + Bosch Starterset 18\u00a0V 2,5\u00a0Ah Akku bohrst du sofort in harte Materialien. Dazu geh\u00f6ren zum Beispiel (Back-)Stein, Fliesen und Beton. Mit dem Drehstopp f\u00fchrst du auch einfachere Abbrucharbeiten aus. Schlage zum Beispiel die Badezimmerfliesen von der Wand ab oder rei\u00dfe eine Steinmauer ein. Der Kombihammer verf\u00fcgt zudem \u00fcber einen verstellbaren Handgriff. So beh\u00e4ltst du immer die Kontrolle \u00fcber die Maschine. Dank der integrierten LED-Beleuchtung arbeitest du auch im Dunkeln problemlos weiter. Der Kombihammer und der Akku geh\u00f6ren zum Bosch Power For All 18V Akkusystem. Du verwendest den Akku daher auch in anderen (Garten-)Werkzeugen desselben Akkusystems.<\/p>\n","protected":false},"featured_media":0,"comment_status":"closed","ping_status":"open","template":"","meta":{"_acf_changed":false},"brand":[250],"product_brand":[],"product_cat":[261],"product_tag":[262],"class_list":{"0":"post-86072","1":"product","2":"type-product","3":"status-publish","5":"brand-bosch","6":"product_cat-bohrmaschinen","7":"product_tag-boorhamers","8":"pa_condition-new","9":"pa_coolblue-de-verzending-morgen-gratis-geliefert","10":"pa_ean-18522","12":"first","13":"instock","14":"product-type-external"},"acf":[],"_links":{"self":[{"href":"https:\/\/onlinehardwareshop.de\/index.php\/wp-json\/wp\/v2\/product\/86072","targetHints":{"allow":["GET"]}}],"collection":[{"href":"https:\/\/onlinehardwareshop.de\/index.php\/wp-json\/wp\/v2\/product"}],"about":[{"href":"https:\/\/onlinehardwareshop.de\/index.php\/wp-json\/wp\/v2\/types\/product"}],"replies":[{"embeddable":true,"href":"https:\/\/onlinehardwareshop.de\/index.php\/wp-json\/wp\/v2\/comments?post=86072"}],"wp:attachment":[{"href":"https:\/\/onlinehardwareshop.de\/index.php\/wp-json\/wp\/v2\/media?parent=86072"}],"wp:term":[{"taxonomy":"brand","embeddable":true,"href":"https:\/\/onlinehardwareshop.de\/index.php\/wp-json\/wp\/v2\/brand?post=86072"},{"taxonomy":"product_brand","embeddable":true,"href":"https:\/\/onlinehardwareshop.de\/index.php\/wp-json\/wp\/v2\/product_brand?post=86072"},{"taxonomy":"product_cat","embeddable":true,"href":"https:\/\/onlinehardwareshop.de\/index.php\/wp-json\/wp\/v2\/product_cat?post=86072"},{"taxonomy":"product_tag","embeddable":true,"href":"https:\/\/onlinehardwareshop.de\/index.php\/wp-json\/wp\/v2\/product_tag?post=86072"}],"curies":[{"name":"wp","href":"https:\/\/api.w.org\/{rel}","templated":true}]}}