{"id":86050,"date":"2024-09-29T22:23:58","date_gmt":"2024-09-29T22:23:58","guid":{"rendered":"https:\/\/onlinehardwareshop.de\/index.php\/produkt\/krcher-k7-premium-power-flex-car-home-paket\/"},"modified":"2025-05-14T10:10:53","modified_gmt":"2025-05-14T10:10:53","slug":"krcher-k7-premium-power-flex-car-home-paket","status":"publish","type":"product","link":"https:\/\/onlinehardwareshop.de\/index.php\/produkt\/krcher-k7-premium-power-flex-car-home-paket\/","title":{"rendered":"K&#xE4;rcher K7 Premium Power Flex Car &#038; Home Paket"},"content":{"rendered":"<p>Mit dem K\u00e4rcher K7 Premium Power Flex Car &#038; Home Paket legst du sofort los und reinigst dein Auto und deine Terrasse schnell. Mit dem zehn Meter langen, flexiblen Schlauch reinigst du m\u00fchelos gro\u00dfe Fl\u00e4chen und erreichst schwer zug\u00e4ngliche Stellen. Dieser Hochdruckreiniger verf\u00fcgt \u00fcber einen Fl\u00e4chenreiniger, der deine Terrasse sicher reinigt, ohne Schaden anzurichten. Verwende die Waschb\u00fcrste und die Felgenb\u00fcrste, um dein Auto kratzfrei zu reinigen. F\u00fcr hartn\u00e4ckigere Verschmutzungen verwendest du die Dreckfr\u00e4se und die Spr\u00fchlanze. Die Schaumd\u00fcse und die drei Flaschen mit Reinigungsmittel helfen dir bei einer gr\u00fcndlichen Reinigung. Der Wasserfilter sch\u00fctzt den Hochdruckreiniger vor Schmutz. Mit der Trommel rollst du den Schlauch rasch und knickfrei auf.<\/p>\n","protected":false},"excerpt":{"rendered":"<p>Mit dem K\u00e4rcher K7 Premium Power Flex Car &#038; Home Paket legst du sofort los und reinigst dein Auto und deine Terrasse schnell. Mit dem zehn Meter langen, flexiblen Schlauch reinigst du m\u00fchelos gro\u00dfe Fl\u00e4chen und erreichst schwer zug\u00e4ngliche Stellen. Dieser Hochdruckreiniger verf\u00fcgt \u00fcber einen Fl\u00e4chenreiniger, der deine Terrasse sicher reinigt, ohne Schaden anzurichten. Verwende die Waschb\u00fcrste und die Felgenb\u00fcrste, um dein Auto kratzfrei zu reinigen. F\u00fcr hartn\u00e4ckigere Verschmutzungen verwendest du die Dreckfr\u00e4se und die Spr\u00fchlanze. Die Schaumd\u00fcse und die drei Flaschen mit Reinigungsmittel helfen dir bei einer gr\u00fcndlichen Reinigung. Der Wasserfilter sch\u00fctzt den Hochdruckreiniger vor Schmutz. Mit der Trommel rollst du den Schlauch rasch und knickfrei auf.<\/p>\n","protected":false},"featured_media":0,"comment_status":"closed","ping_status":"open","template":"","meta":{"_acf_changed":false},"brand":[294],"product_brand":[],"product_cat":[2722],"product_tag":[2723],"class_list":{"0":"post-86050","1":"product","2":"type-product","3":"status-publish","5":"brand-karcher","6":"product_cat-hochdruckreiniger","7":"product_tag-hogedrukreinigers","8":"pa_condition-new","9":"pa_coolblue-de-verzending-morgen-gratis-geliefert","10":"pa_ean-17341","12":"first","13":"instock","14":"product-type-external"},"acf":[],"_links":{"self":[{"href":"https:\/\/onlinehardwareshop.de\/index.php\/wp-json\/wp\/v2\/product\/86050","targetHints":{"allow":["GET"]}}],"collection":[{"href":"https:\/\/onlinehardwareshop.de\/index.php\/wp-json\/wp\/v2\/product"}],"about":[{"href":"https:\/\/onlinehardwareshop.de\/index.php\/wp-json\/wp\/v2\/types\/product"}],"replies":[{"embeddable":true,"href":"https:\/\/onlinehardwareshop.de\/index.php\/wp-json\/wp\/v2\/comments?post=86050"}],"wp:attachment":[{"href":"https:\/\/onlinehardwareshop.de\/index.php\/wp-json\/wp\/v2\/media?parent=86050"}],"wp:term":[{"taxonomy":"brand","embeddable":true,"href":"https:\/\/onlinehardwareshop.de\/index.php\/wp-json\/wp\/v2\/brand?post=86050"},{"taxonomy":"product_brand","embeddable":true,"href":"https:\/\/onlinehardwareshop.de\/index.php\/wp-json\/wp\/v2\/product_brand?post=86050"},{"taxonomy":"product_cat","embeddable":true,"href":"https:\/\/onlinehardwareshop.de\/index.php\/wp-json\/wp\/v2\/product_cat?post=86050"},{"taxonomy":"product_tag","embeddable":true,"href":"https:\/\/onlinehardwareshop.de\/index.php\/wp-json\/wp\/v2\/product_tag?post=86050"}],"curies":[{"name":"wp","href":"https:\/\/api.w.org\/{rel}","templated":true}]}}