{"id":86013,"date":"2024-12-02T06:24:29","date_gmt":"2024-12-02T06:24:29","guid":{"rendered":"https:\/\/onlinehardwareshop.de\/index.php\/produkt\/bosch-vitapower-serie-4-mmb6177s\/"},"modified":"2025-05-14T07:30:38","modified_gmt":"2025-05-14T07:30:38","slug":"bosch-vitapower-serie-4-mmb6177s","status":"publish","type":"product","link":"https:\/\/onlinehardwareshop.de\/index.php\/produkt\/bosch-vitapower-serie-4-mmb6177s\/","title":{"rendered":"Bosch VitaPower Serie 4 MMB6177S"},"content":{"rendered":"<p>Dank des Mini-Zerkleinereraufsatzes des Standmixers Bosch VitaPower Serie 4 MMB6177S mahlst du Kaffeebohnen oder Gew\u00fcrze. Im Karton befindet sich neben dem Standmixer auch ein To-Go-Beher mit Deckel. So nimmst du deinen Lieblingssaft mit zur Arbeit oder zum Fitnessstudio. Der Standmixer hat eine hohe Leistung von 1.200 Watt. Hierdurch eignet er sich sowohl f\u00fcr harte als auch weiche Zutaten oder du mischt mehrere Zubereitungen hintereinander. Dank des hitzebest\u00e4ndigen Mixbeh\u00e4lters aus mixt du auch warme So\u00dfen und Suppen. Der Mixbeh\u00e4lter hat ein Fassungsverm\u00f6gen von 0,8 Litern. Du bereitest darin Smoothies f\u00fcr ungef\u00e4hr zwei bis drei Gl\u00e4ser zu. Genug gemixt? Dann reinigst du die Einzelteile in der Sp\u00fclmaschine.<\/p>\n","protected":false},"excerpt":{"rendered":"<p>Dank des Mini-Zerkleinereraufsatzes des Standmixers Bosch VitaPower Serie 4 MMB6177S mahlst du Kaffeebohnen oder Gew\u00fcrze. Im Karton befindet sich neben dem Standmixer auch ein To-Go-Beher mit Deckel. So nimmst du deinen Lieblingssaft mit zur Arbeit oder zum Fitnessstudio. Der Standmixer hat eine hohe Leistung von 1.200 Watt. Hierdurch eignet er sich sowohl f\u00fcr harte als auch weiche Zutaten oder du mischt mehrere Zubereitungen hintereinander. Dank des hitzebest\u00e4ndigen Mixbeh\u00e4lters aus mixt du auch warme So\u00dfen und Suppen. Der Mixbeh\u00e4lter hat ein Fassungsverm\u00f6gen von 0,8 Litern. Du bereitest darin Smoothies f\u00fcr ungef\u00e4hr zwei bis drei Gl\u00e4ser zu. Genug gemixt? Dann reinigst du die Einzelteile in der Sp\u00fclmaschine.<\/p>\n","protected":false},"featured_media":0,"comment_status":"closed","ping_status":"open","template":"","meta":{"_acf_changed":false},"brand":[250],"product_brand":[],"product_cat":[1606],"product_tag":[1607],"class_list":{"0":"post-86013","1":"product","2":"type-product","3":"status-publish","5":"brand-bosch","6":"product_cat-standmixer","7":"product_tag-blenders","8":"pa_condition-new","9":"pa_coolblue-de-verzending-morgen-gratis-geliefert","10":"pa_ean-13235","11":"pa_mpn-mmb6177s","13":"first","14":"instock","15":"product-type-external"},"acf":[],"_links":{"self":[{"href":"https:\/\/onlinehardwareshop.de\/index.php\/wp-json\/wp\/v2\/product\/86013","targetHints":{"allow":["GET"]}}],"collection":[{"href":"https:\/\/onlinehardwareshop.de\/index.php\/wp-json\/wp\/v2\/product"}],"about":[{"href":"https:\/\/onlinehardwareshop.de\/index.php\/wp-json\/wp\/v2\/types\/product"}],"replies":[{"embeddable":true,"href":"https:\/\/onlinehardwareshop.de\/index.php\/wp-json\/wp\/v2\/comments?post=86013"}],"wp:attachment":[{"href":"https:\/\/onlinehardwareshop.de\/index.php\/wp-json\/wp\/v2\/media?parent=86013"}],"wp:term":[{"taxonomy":"brand","embeddable":true,"href":"https:\/\/onlinehardwareshop.de\/index.php\/wp-json\/wp\/v2\/brand?post=86013"},{"taxonomy":"product_brand","embeddable":true,"href":"https:\/\/onlinehardwareshop.de\/index.php\/wp-json\/wp\/v2\/product_brand?post=86013"},{"taxonomy":"product_cat","embeddable":true,"href":"https:\/\/onlinehardwareshop.de\/index.php\/wp-json\/wp\/v2\/product_cat?post=86013"},{"taxonomy":"product_tag","embeddable":true,"href":"https:\/\/onlinehardwareshop.de\/index.php\/wp-json\/wp\/v2\/product_tag?post=86013"}],"curies":[{"name":"wp","href":"https:\/\/api.w.org\/{rel}","templated":true}]}}