{"id":86010,"date":"2024-12-08T06:36:36","date_gmt":"2024-12-08T06:36:36","guid":{"rendered":"https:\/\/onlinehardwareshop.de\/index.php\/produkt\/jbl-tune-520bt-schwarz\/"},"modified":"2025-05-14T07:13:47","modified_gmt":"2025-05-14T07:13:47","slug":"jbl-tune-520bt-schwarz","status":"publish","type":"product","link":"https:\/\/onlinehardwareshop.de\/index.php\/produkt\/jbl-tune-520bt-schwarz\/","title":{"rendered":"JBL Tune 520BT Schwarz"},"content":{"rendered":"<p>Der JBL Tune 520BT Schwarz hat eine lange Akkulaufzeit. Daher kannst du deine Lieblingsmusik oder deinen Lieblingspodcast bis zu 57 Stunden lang h\u00f6ren. Wenn der Akku leer ist, kannst du nach f\u00fcnf Minuten Aufladen schon wieder drei Stunden Musik h\u00f6ren. Diese Kopfh\u00f6rer haben Multipoint-Pairing. Dank dieser Technologie verbindest du die Kopfh\u00f6rer gleichzeitig mit zwei Ger\u00e4ten. So h\u00f6rst du auf deinem Laptop Musik und nimmst gleichzeitig Anrufe entgegen. Dank Voice Aware sind Telefongespr\u00e4che deutlich. Diese Technik erm\u00f6glicht es dir, deine Stimme gut zu h\u00f6ren, w\u00e4hrend du die Kopfh\u00f6rer tr\u00e4gst. In der JBL-Headphones-App passt du den Klang \u00fcber den Equalizer selbst an.<\/p>\n","protected":false},"excerpt":{"rendered":"<p>Der JBL Tune 520BT Schwarz hat eine lange Akkulaufzeit. Daher kannst du deine Lieblingsmusik oder deinen Lieblingspodcast bis zu 57 Stunden lang h\u00f6ren. Wenn der Akku leer ist, kannst du nach f\u00fcnf Minuten Aufladen schon wieder drei Stunden Musik h\u00f6ren. Diese Kopfh\u00f6rer haben Multipoint-Pairing. Dank dieser Technologie verbindest du die Kopfh\u00f6rer gleichzeitig mit zwei Ger\u00e4ten. So h\u00f6rst du auf deinem Laptop Musik und nimmst gleichzeitig Anrufe entgegen. Dank Voice Aware sind Telefongespr\u00e4che deutlich. Diese Technik erm\u00f6glicht es dir, deine Stimme gut zu h\u00f6ren, w\u00e4hrend du die Kopfh\u00f6rer tr\u00e4gst. In der JBL-Headphones-App passt du den Klang \u00fcber den Equalizer selbst an.<\/p>\n","protected":false},"featured_media":0,"comment_status":"closed","ping_status":"open","template":"","meta":{"_acf_changed":false},"brand":[5677],"product_brand":[],"product_cat":[1182],"product_tag":[1183],"class_list":{"0":"post-86010","1":"product","2":"type-product","3":"status-publish","5":"brand-jbl","6":"product_cat-kopfhrer","7":"product_tag-hoofdtelefoons-zonder-noisecancelling","8":"pa_condition-new","9":"pa_coolblue-de-verzending-morgen-gratis-geliefert","10":"pa_ean-12852","11":"pa_mpn-jblt520btblkeu","13":"first","14":"instock","15":"product-type-external"},"acf":[],"_links":{"self":[{"href":"https:\/\/onlinehardwareshop.de\/index.php\/wp-json\/wp\/v2\/product\/86010","targetHints":{"allow":["GET"]}}],"collection":[{"href":"https:\/\/onlinehardwareshop.de\/index.php\/wp-json\/wp\/v2\/product"}],"about":[{"href":"https:\/\/onlinehardwareshop.de\/index.php\/wp-json\/wp\/v2\/types\/product"}],"replies":[{"embeddable":true,"href":"https:\/\/onlinehardwareshop.de\/index.php\/wp-json\/wp\/v2\/comments?post=86010"}],"wp:attachment":[{"href":"https:\/\/onlinehardwareshop.de\/index.php\/wp-json\/wp\/v2\/media?parent=86010"}],"wp:term":[{"taxonomy":"brand","embeddable":true,"href":"https:\/\/onlinehardwareshop.de\/index.php\/wp-json\/wp\/v2\/brand?post=86010"},{"taxonomy":"product_brand","embeddable":true,"href":"https:\/\/onlinehardwareshop.de\/index.php\/wp-json\/wp\/v2\/product_brand?post=86010"},{"taxonomy":"product_cat","embeddable":true,"href":"https:\/\/onlinehardwareshop.de\/index.php\/wp-json\/wp\/v2\/product_cat?post=86010"},{"taxonomy":"product_tag","embeddable":true,"href":"https:\/\/onlinehardwareshop.de\/index.php\/wp-json\/wp\/v2\/product_tag?post=86010"}],"curies":[{"name":"wp","href":"https:\/\/api.w.org\/{rel}","templated":true}]}}