{"id":86002,"date":"2024-07-30T04:29:41","date_gmt":"2024-07-30T04:29:41","guid":{"rendered":"https:\/\/onlinehardwareshop.de\/index.php\/produkt\/razer-deathadder-v3-pro-gaming-maus-schwarz\/"},"modified":"2025-05-14T06:50:22","modified_gmt":"2025-05-14T06:50:22","slug":"razer-deathadder-v3-pro-gaming-maus-schwarz","status":"publish","type":"product","link":"https:\/\/onlinehardwareshop.de\/index.php\/produkt\/razer-deathadder-v3-pro-gaming-maus-schwarz\/","title":{"rendered":"Razer DeathAdder V3 Pro Gaming-Maus Schwarz"},"content":{"rendered":"<p>Mit der Razer DeathAdder V3 Pro Gaming-Maus bist du gegen die kompetitivsten Gamer gewappnet. Dank des optischen Sensors mit 30.000\u00a0dpi schiebst du diese kabellose Gaming-Maus w\u00e4hrend eines schnellen Spiels ebenso schnell \u00fcber deinen Schreibtisch. So reagierst du immer mit Pr\u00e4zision. Die optischen Gen 3 Switches von Razer registrieren deine Mausklicks sofort ohne Verz\u00f6gerung. Dadurch reagierst du im Spiel ohne Zeitverzug, sobald du eine Aktion ausf\u00fchrst. Die Lebensdauer der Maus wurde in dieser Version au\u00dferdem noch weiter von 70 Millionen auf 90 Millionen Klicks erh\u00f6ht. Die beiden zus\u00e4tzlichen Daumentasten stellst du selbst ein, sodass du schneller als deine Gegner reagierst und deine Waffen wechselst oder eine Spezial-Attacke ausf\u00fchrst. Du schlie\u00dft diese Gaming-Maus kabellos \u00fcber USB-A an. So hast du w\u00e4hrend deines Spiels genug Bewegungsfreiheit. Diese kabellose Maus hat eine Akkulaufzeit von 17 Stunden, sodass du auch lange Gaming-Sessions spielst, ohne die Maus zwischendurch aufzuladen.<\/p>\n","protected":false},"excerpt":{"rendered":"<p>Mit der Razer DeathAdder V3 Pro Gaming-Maus bist du gegen die kompetitivsten Gamer gewappnet. Dank des optischen Sensors mit 30.000\u00a0dpi schiebst du diese kabellose Gaming-Maus w\u00e4hrend eines schnellen Spiels ebenso schnell \u00fcber deinen Schreibtisch. So reagierst du immer mit Pr\u00e4zision. Die optischen Gen 3 Switches von Razer registrieren deine Mausklicks sofort ohne Verz\u00f6gerung. Dadurch reagierst du im Spiel ohne Zeitverzug, sobald du eine Aktion ausf\u00fchrst. Die Lebensdauer der Maus wurde in dieser Version au\u00dferdem noch weiter von 70 Millionen auf 90 Millionen Klicks erh\u00f6ht. Die beiden zus\u00e4tzlichen Daumentasten stellst du selbst ein, sodass du schneller als deine Gegner reagierst und deine Waffen wechselst oder eine Spezial-Attacke ausf\u00fchrst. Du schlie\u00dft diese Gaming-Maus kabellos \u00fcber USB-A an. So hast du w\u00e4hrend deines Spiels genug Bewegungsfreiheit. Diese kabellose Maus hat eine Akkulaufzeit von 17 Stunden, sodass du auch lange Gaming-Sessions spielst, ohne die Maus zwischendurch aufzuladen.<\/p>\n","protected":false},"featured_media":0,"comment_status":"closed","ping_status":"open","template":"","meta":{"_acf_changed":false},"brand":[3451],"product_brand":[],"product_cat":[33],"product_tag":[3752],"class_list":{"0":"post-86002","1":"product","2":"type-product","3":"status-publish","5":"brand-razer","6":"product_cat-muse","7":"product_tag-gaming-muizen","8":"pa_condition-new","9":"pa_coolblue-de-verzending-morgen-gratis-geliefert","10":"pa_ean-12368","11":"pa_mpn-rz01-04630100-r3g1","13":"first","14":"instock","15":"product-type-external"},"acf":[],"_links":{"self":[{"href":"https:\/\/onlinehardwareshop.de\/index.php\/wp-json\/wp\/v2\/product\/86002","targetHints":{"allow":["GET"]}}],"collection":[{"href":"https:\/\/onlinehardwareshop.de\/index.php\/wp-json\/wp\/v2\/product"}],"about":[{"href":"https:\/\/onlinehardwareshop.de\/index.php\/wp-json\/wp\/v2\/types\/product"}],"replies":[{"embeddable":true,"href":"https:\/\/onlinehardwareshop.de\/index.php\/wp-json\/wp\/v2\/comments?post=86002"}],"wp:attachment":[{"href":"https:\/\/onlinehardwareshop.de\/index.php\/wp-json\/wp\/v2\/media?parent=86002"}],"wp:term":[{"taxonomy":"brand","embeddable":true,"href":"https:\/\/onlinehardwareshop.de\/index.php\/wp-json\/wp\/v2\/brand?post=86002"},{"taxonomy":"product_brand","embeddable":true,"href":"https:\/\/onlinehardwareshop.de\/index.php\/wp-json\/wp\/v2\/product_brand?post=86002"},{"taxonomy":"product_cat","embeddable":true,"href":"https:\/\/onlinehardwareshop.de\/index.php\/wp-json\/wp\/v2\/product_cat?post=86002"},{"taxonomy":"product_tag","embeddable":true,"href":"https:\/\/onlinehardwareshop.de\/index.php\/wp-json\/wp\/v2\/product_tag?post=86002"}],"curies":[{"name":"wp","href":"https:\/\/api.w.org\/{rel}","templated":true}]}}