{"id":85990,"date":"2025-01-08T00:07:33","date_gmt":"2025-01-08T00:07:33","guid":{"rendered":"https:\/\/onlinehardwareshop.de\/index.php\/produkt\/medisana-bu-584-connect\/"},"modified":"2025-05-14T05:48:15","modified_gmt":"2025-05-14T05:48:15","slug":"medisana-bu-584-connect","status":"publish","type":"product","link":"https:\/\/onlinehardwareshop.de\/index.php\/produkt\/medisana-bu-584-connect\/","title":{"rendered":"Medisana BU 584 Connect"},"content":{"rendered":"<p>Miss mit dem Medisana BU 584 Connect Blutdruckmessger\u00e4t schnell und pr\u00e4zise deinen Blutdruck und Herzschlag. Wenn die Manschette nicht richtig sitzt, erh\u00e4ltst du eine Meldung, sodass sie f\u00fcr die Messung immer gut um den Oberarm liegt. Anschlie\u00dfend beginnst du noch w\u00e4hrend des Aufpumpens mit deiner Messung und bist im Nu \u00fcber deine Gesundheit auf dem Laufenden. Anhand der Ampel-Farbskala auf dem Display siehst du, ob dein Blutdruck zu niedrig oder zu hoch ist. Lege bis zu 2 Nutzerprofile mit jeweils 120 Speicherpl\u00e4tzen an und schau dir deine Ergebnisse sp\u00e4ter erneut an. Das BU 584 Connect l\u00e4sst sich \u00fcber Bluetooth au\u00dferdem mit der VitaDock App verbinden. So gestaltet sich die Analyse deiner Messwerte noch \u00fcbersichtlicher und einfacher. Nach Gebrauch verstaust du das Blutdruckmessger\u00e4t sicher im mitgelieferten Aufbewahrungsetui.<\/p>\n","protected":false},"excerpt":{"rendered":"<p>Miss mit dem Medisana BU 584 Connect Blutdruckmessger\u00e4t schnell und pr\u00e4zise deinen Blutdruck und Herzschlag. Wenn die Manschette nicht richtig sitzt, erh\u00e4ltst du eine Meldung, sodass sie f\u00fcr die Messung immer gut um den Oberarm liegt. Anschlie\u00dfend beginnst du noch w\u00e4hrend des Aufpumpens mit deiner Messung und bist im Nu \u00fcber deine Gesundheit auf dem Laufenden. Anhand der Ampel-Farbskala auf dem Display siehst du, ob dein Blutdruck zu niedrig oder zu hoch ist. Lege bis zu 2 Nutzerprofile mit jeweils 120 Speicherpl\u00e4tzen an und schau dir deine Ergebnisse sp\u00e4ter erneut an. Das BU 584 Connect l\u00e4sst sich \u00fcber Bluetooth au\u00dferdem mit der VitaDock App verbinden. So gestaltet sich die Analyse deiner Messwerte noch \u00fcbersichtlicher und einfacher. Nach Gebrauch verstaust du das Blutdruckmessger\u00e4t sicher im mitgelieferten Aufbewahrungsetui.<\/p>\n","protected":false},"featured_media":0,"comment_status":"closed","ping_status":"open","template":"","meta":{"_acf_changed":false},"brand":[837],"product_brand":[],"product_cat":[838],"product_tag":[839],"class_list":{"0":"post-85990","1":"product","2":"type-product","3":"status-publish","5":"brand-medisana","6":"product_cat-blutdruckmessgerte","7":"product_tag-bovenarm-bloeddrukmeters","8":"pa_condition-new","9":"pa_coolblue-de-verzending-morgen-gratis-geliefert","10":"pa_ean-31786","11":"pa_mpn-31787","13":"first","14":"instock","15":"product-type-external"},"acf":[],"_links":{"self":[{"href":"https:\/\/onlinehardwareshop.de\/index.php\/wp-json\/wp\/v2\/product\/85990","targetHints":{"allow":["GET"]}}],"collection":[{"href":"https:\/\/onlinehardwareshop.de\/index.php\/wp-json\/wp\/v2\/product"}],"about":[{"href":"https:\/\/onlinehardwareshop.de\/index.php\/wp-json\/wp\/v2\/types\/product"}],"replies":[{"embeddable":true,"href":"https:\/\/onlinehardwareshop.de\/index.php\/wp-json\/wp\/v2\/comments?post=85990"}],"wp:attachment":[{"href":"https:\/\/onlinehardwareshop.de\/index.php\/wp-json\/wp\/v2\/media?parent=85990"}],"wp:term":[{"taxonomy":"brand","embeddable":true,"href":"https:\/\/onlinehardwareshop.de\/index.php\/wp-json\/wp\/v2\/brand?post=85990"},{"taxonomy":"product_brand","embeddable":true,"href":"https:\/\/onlinehardwareshop.de\/index.php\/wp-json\/wp\/v2\/product_brand?post=85990"},{"taxonomy":"product_cat","embeddable":true,"href":"https:\/\/onlinehardwareshop.de\/index.php\/wp-json\/wp\/v2\/product_cat?post=85990"},{"taxonomy":"product_tag","embeddable":true,"href":"https:\/\/onlinehardwareshop.de\/index.php\/wp-json\/wp\/v2\/product_tag?post=85990"}],"curies":[{"name":"wp","href":"https:\/\/api.w.org\/{rel}","templated":true}]}}