{"id":85968,"date":"2024-05-27T13:14:59","date_gmt":"2024-05-27T13:14:59","guid":{"rendered":"https:\/\/onlinehardwareshop.de\/index.php\/produkt\/bosch-easyaquatak-120-bosch-home-car-kit\/"},"modified":"2025-05-14T04:56:14","modified_gmt":"2025-05-14T04:56:14","slug":"bosch-easyaquatak-120-bosch-home-car-kit","status":"publish","type":"product","link":"https:\/\/onlinehardwareshop.de\/index.php\/produkt\/bosch-easyaquatak-120-bosch-home-car-kit\/","title":{"rendered":"Bosch EasyAquatak 120 + Bosch Home &#038; Car Kit"},"content":{"rendered":"<p>Mit dem leistungsstarken Bosch EasyAquatak 120 und dem praktischen Bosch Home &#038; Car Set ist Saubermachen kein Ding. Dieser Hochdruckreiniger bringt mehr Leistung als der EasyAquatak 110. Der Schlauch ist zwei Meter l\u00e4nger, sodass du mehr Bewegungsfreiheit hast. Durch den Arbeitsdruck von 120 bar wirst du problemlos mit kleineren Aufgaben fertig &#8211; vom Motorrad, Fahrrad und Auto bis zum Sichtschutzzaun. Dank des mitgeliefeten Home &#038; Car Sets besch\u00e4digst du den Lack nicht. Wie kr\u00e4ftig der Wasserstrahl ist, stellst du selbst ein. Der EasyAquatak 120 verf\u00fcgt \u00fcber ein praktisches Aufbewahrungsfach f\u00fcr kleines Zubeh\u00f6r. So hast du es immer zur Hand und verlierst es nicht. Bitte beachte: Ein Gartenschlauch wird nicht mitgeliefert. Du ben\u00f6tigst einen 12,7-Millimeter-Schlauch.<\/p>\n","protected":false},"excerpt":{"rendered":"<p>Mit dem leistungsstarken Bosch EasyAquatak 120 und dem praktischen Bosch Home &#038; Car Set ist Saubermachen kein Ding. Dieser Hochdruckreiniger bringt mehr Leistung als der EasyAquatak 110. Der Schlauch ist zwei Meter l\u00e4nger, sodass du mehr Bewegungsfreiheit hast. Durch den Arbeitsdruck von 120 bar wirst du problemlos mit kleineren Aufgaben fertig &#8211; vom Motorrad, Fahrrad und Auto bis zum Sichtschutzzaun. Dank des mitgeliefeten Home &#038; Car Sets besch\u00e4digst du den Lack nicht. Wie kr\u00e4ftig der Wasserstrahl ist, stellst du selbst ein. Der EasyAquatak 120 verf\u00fcgt \u00fcber ein praktisches Aufbewahrungsfach f\u00fcr kleines Zubeh\u00f6r. So hast du es immer zur Hand und verlierst es nicht. Bitte beachte: Ein Gartenschlauch wird nicht mitgeliefert. Du ben\u00f6tigst einen 12,7-Millimeter-Schlauch.<\/p>\n","protected":false},"featured_media":0,"comment_status":"closed","ping_status":"open","template":"","meta":{"_acf_changed":false},"brand":[250],"product_brand":[],"product_cat":[2722],"product_tag":[2723],"class_list":{"0":"post-85968","1":"product","2":"type-product","3":"status-publish","5":"brand-bosch","6":"product_cat-hochdruckreiniger","7":"product_tag-hogedrukreinigers","8":"pa_condition-new","9":"pa_coolblue-de-verzending-morgen-gratis-geliefert","10":"pa_ean-31152","12":"first","13":"instock","14":"product-type-external"},"acf":[],"_links":{"self":[{"href":"https:\/\/onlinehardwareshop.de\/index.php\/wp-json\/wp\/v2\/product\/85968","targetHints":{"allow":["GET"]}}],"collection":[{"href":"https:\/\/onlinehardwareshop.de\/index.php\/wp-json\/wp\/v2\/product"}],"about":[{"href":"https:\/\/onlinehardwareshop.de\/index.php\/wp-json\/wp\/v2\/types\/product"}],"replies":[{"embeddable":true,"href":"https:\/\/onlinehardwareshop.de\/index.php\/wp-json\/wp\/v2\/comments?post=85968"}],"wp:attachment":[{"href":"https:\/\/onlinehardwareshop.de\/index.php\/wp-json\/wp\/v2\/media?parent=85968"}],"wp:term":[{"taxonomy":"brand","embeddable":true,"href":"https:\/\/onlinehardwareshop.de\/index.php\/wp-json\/wp\/v2\/brand?post=85968"},{"taxonomy":"product_brand","embeddable":true,"href":"https:\/\/onlinehardwareshop.de\/index.php\/wp-json\/wp\/v2\/product_brand?post=85968"},{"taxonomy":"product_cat","embeddable":true,"href":"https:\/\/onlinehardwareshop.de\/index.php\/wp-json\/wp\/v2\/product_cat?post=85968"},{"taxonomy":"product_tag","embeddable":true,"href":"https:\/\/onlinehardwareshop.de\/index.php\/wp-json\/wp\/v2\/product_tag?post=85968"}],"curies":[{"name":"wp","href":"https:\/\/api.w.org\/{rel}","templated":true}]}}