{"id":85963,"date":"2024-06-05T22:46:41","date_gmt":"2024-06-05T22:46:41","guid":{"rendered":"https:\/\/onlinehardwareshop.de\/index.php\/produkt\/bosch-universalsaw-18v-100-ohne-akku\/"},"modified":"2025-05-14T04:18:33","modified_gmt":"2025-05-14T04:18:33","slug":"bosch-universalsaw-18v-100-ohne-akku","status":"publish","type":"product","link":"https:\/\/onlinehardwareshop.de\/index.php\/produkt\/bosch-universalsaw-18v-100-ohne-akku\/","title":{"rendered":"Bosch UniversalSaw 18V-100 (ohne Akku)"},"content":{"rendered":"<p>Die Bosch UniversalSaw 18V-100 (ohne Akku) ist eine Stichs\u00e4ge f\u00fcr vielseitige S\u00e4gearbeiten. Beispielsweise s\u00e4gst du damit bis zu 100 Millimeter in Holz und bis zu 8 Millimeter in Metall. Bei der S\u00e4ge werden ein CutControl und ein Spanrei\u00dfschutz mitgeliefert. Dadurch arbeitest du nicht nur kerzengerade, sondern du sorgst auch daf\u00fcr, dass keine Splitter auf der Oberseite des Werkst\u00fccks entstehen. Das Ger\u00e4t wiegt nur 1,6 Kilogramm und ist einfach zu bedienen. Dadurch ist die S\u00e4ge auch f\u00fcr Anf\u00e4nger geeignet. Entsteht beim S\u00e4gen viel Staub? Kein Problem. Dank der integrierten Blasfunktion bl\u00e4st du beim S\u00e4gen Staub weg. So beh\u00e4ltst du einen guten \u00dcberblick \u00fcber deinen Arbeitsplatz und arbeitest weiterhin genau.<\/p>\n","protected":false},"excerpt":{"rendered":"<p>Die Bosch UniversalSaw 18V-100 (ohne Akku) ist eine Stichs\u00e4ge f\u00fcr vielseitige S\u00e4gearbeiten. Beispielsweise s\u00e4gst du damit bis zu 100 Millimeter in Holz und bis zu 8 Millimeter in Metall. Bei der S\u00e4ge werden ein CutControl und ein Spanrei\u00dfschutz mitgeliefert. Dadurch arbeitest du nicht nur kerzengerade, sondern du sorgst auch daf\u00fcr, dass keine Splitter auf der Oberseite des Werkst\u00fccks entstehen. Das Ger\u00e4t wiegt nur 1,6 Kilogramm und ist einfach zu bedienen. Dadurch ist die S\u00e4ge auch f\u00fcr Anf\u00e4nger geeignet. Entsteht beim S\u00e4gen viel Staub? Kein Problem. Dank der integrierten Blasfunktion bl\u00e4st du beim S\u00e4gen Staub weg. So beh\u00e4ltst du einen guten \u00dcberblick \u00fcber deinen Arbeitsplatz und arbeitest weiterhin genau.<\/p>\n","protected":false},"featured_media":0,"comment_status":"closed","ping_status":"open","template":"","meta":{"_acf_changed":false},"brand":[250],"product_brand":[],"product_cat":[43],"product_tag":[2773],"class_list":{"0":"post-85963","1":"product","2":"type-product","3":"status-publish","5":"brand-bosch","6":"product_cat-stichsgen","7":"product_tag-accu-decoupeerzagen","8":"pa_condition-new","9":"pa_coolblue-de-verzending-morgen-gratis-geliefert","10":"pa_ean-34440","11":"pa_mpn-34441","13":"first","14":"instock","15":"product-type-external"},"acf":[],"_links":{"self":[{"href":"https:\/\/onlinehardwareshop.de\/index.php\/wp-json\/wp\/v2\/product\/85963","targetHints":{"allow":["GET"]}}],"collection":[{"href":"https:\/\/onlinehardwareshop.de\/index.php\/wp-json\/wp\/v2\/product"}],"about":[{"href":"https:\/\/onlinehardwareshop.de\/index.php\/wp-json\/wp\/v2\/types\/product"}],"replies":[{"embeddable":true,"href":"https:\/\/onlinehardwareshop.de\/index.php\/wp-json\/wp\/v2\/comments?post=85963"}],"wp:attachment":[{"href":"https:\/\/onlinehardwareshop.de\/index.php\/wp-json\/wp\/v2\/media?parent=85963"}],"wp:term":[{"taxonomy":"brand","embeddable":true,"href":"https:\/\/onlinehardwareshop.de\/index.php\/wp-json\/wp\/v2\/brand?post=85963"},{"taxonomy":"product_brand","embeddable":true,"href":"https:\/\/onlinehardwareshop.de\/index.php\/wp-json\/wp\/v2\/product_brand?post=85963"},{"taxonomy":"product_cat","embeddable":true,"href":"https:\/\/onlinehardwareshop.de\/index.php\/wp-json\/wp\/v2\/product_cat?post=85963"},{"taxonomy":"product_tag","embeddable":true,"href":"https:\/\/onlinehardwareshop.de\/index.php\/wp-json\/wp\/v2\/product_tag?post=85963"}],"curies":[{"name":"wp","href":"https:\/\/api.w.org\/{rel}","templated":true}]}}