{"id":85959,"date":"2024-05-12T14:11:34","date_gmt":"2024-05-12T14:11:34","guid":{"rendered":"https:\/\/onlinehardwareshop.de\/index.php\/produkt\/kingston-fury-beast-ddr4-dimm-speicher-3-200-mhz-32-gb-1-x-32-gb\/"},"modified":"2025-05-14T03:58:22","modified_gmt":"2025-05-14T03:58:22","slug":"kingston-fury-beast-ddr4-dimm-speicher-3-200-mhz-32-gb-1-x-32-gb","status":"publish","type":"product","link":"https:\/\/onlinehardwareshop.de\/index.php\/produkt\/kingston-fury-beast-ddr4-dimm-speicher-3-200-mhz-32-gb-1-x-32-gb\/","title":{"rendered":"Kingston FURY Beast DDR4 DIMM-Speicher 3.200 MHz 32 GB (1 x 32 GB)"},"content":{"rendered":"<p>ACHTUNG: Dieser DDR4-DIMM-Speicher passt nur in einen PC, nicht in einen Laptop oder einen Mac. Der Computer muss \u00fcber einen DDR4-Steckplatz verf\u00fcgen. \u00dcberpr\u00fcfe dies im Windows Task-Manager, mehr Details unter dem Reiter &#8218;Leistung&#8216;. Der Speicher wird als DDR3 oder DDR4 ausgewiesen.<\/p>\n<p> Erweitere den Speicher von deinem Gaming-PC und sorge f\u00fcr eine gro\u00dfe Leistungssteigerung mit dem Kingston FURY Beast DDR4 DIMM 3.200 MHz 32 GB (1 x 32 GB) RAM. Dieses RAM-Modul hat eine Taktfrequenz von 3.200 MHz, passt sich jedoch automatisch an die h\u00f6chstm\u00f6gliche Taktfrequenz deines Motherboards an. Da dies nur ein Speichermodul ist, beh\u00e4ltst du mehr freie Steckpl\u00e4tze auf deinem Motherboard. Dieses Fury Beast RAM-Modul hat ein mattschwarzes Design und deshalb einen echten Gaming-Look.<\/p>\n","protected":false},"excerpt":{"rendered":"<p>ACHTUNG: Dieser DDR4-DIMM-Speicher passt nur in einen PC, nicht in einen Laptop oder einen Mac. Der Computer muss \u00fcber einen DDR4-Steckplatz verf\u00fcgen. \u00dcberpr\u00fcfe dies im Windows Task-Manager, mehr Details unter dem Reiter &#8218;Leistung&#8216;. Der Speicher wird als DDR3 oder DDR4 ausgewiesen.<\/p>\n<p> Erweitere den Speicher von deinem Gaming-PC und sorge f\u00fcr eine gro\u00dfe Leistungssteigerung mit dem Kingston FURY Beast DDR4 DIMM 3.200 MHz 32 GB (1 x 32 GB) RAM. Dieses RAM-Modul hat eine Taktfrequenz von 3.200 MHz, passt sich jedoch automatisch an die h\u00f6chstm\u00f6gliche Taktfrequenz deines Motherboards an. Da dies nur ein Speichermodul ist, beh\u00e4ltst du mehr freie Steckpl\u00e4tze auf deinem Motherboard. Dieses Fury Beast RAM-Modul hat ein mattschwarzes Design und deshalb einen echten Gaming-Look.<\/p>\n","protected":false},"featured_media":0,"comment_status":"closed","ping_status":"open","template":"","meta":{"_acf_changed":false},"brand":[2956],"product_brand":[],"product_cat":[2796],"product_tag":[2797],"class_list":{"0":"post-85959","1":"product","2":"type-product","3":"status-publish","5":"brand-kingston","6":"product_cat-ram","7":"product_tag-intern-geheugen-voor-desktop","8":"pa_condition-new","9":"pa_coolblue-de-verzending-morgen-gratis-geliefert","10":"pa_ean-8198","11":"pa_mpn-kf432c16bb-32","13":"first","14":"instock","15":"product-type-external"},"acf":[],"_links":{"self":[{"href":"https:\/\/onlinehardwareshop.de\/index.php\/wp-json\/wp\/v2\/product\/85959","targetHints":{"allow":["GET"]}}],"collection":[{"href":"https:\/\/onlinehardwareshop.de\/index.php\/wp-json\/wp\/v2\/product"}],"about":[{"href":"https:\/\/onlinehardwareshop.de\/index.php\/wp-json\/wp\/v2\/types\/product"}],"replies":[{"embeddable":true,"href":"https:\/\/onlinehardwareshop.de\/index.php\/wp-json\/wp\/v2\/comments?post=85959"}],"wp:attachment":[{"href":"https:\/\/onlinehardwareshop.de\/index.php\/wp-json\/wp\/v2\/media?parent=85959"}],"wp:term":[{"taxonomy":"brand","embeddable":true,"href":"https:\/\/onlinehardwareshop.de\/index.php\/wp-json\/wp\/v2\/brand?post=85959"},{"taxonomy":"product_brand","embeddable":true,"href":"https:\/\/onlinehardwareshop.de\/index.php\/wp-json\/wp\/v2\/product_brand?post=85959"},{"taxonomy":"product_cat","embeddable":true,"href":"https:\/\/onlinehardwareshop.de\/index.php\/wp-json\/wp\/v2\/product_cat?post=85959"},{"taxonomy":"product_tag","embeddable":true,"href":"https:\/\/onlinehardwareshop.de\/index.php\/wp-json\/wp\/v2\/product_tag?post=85959"}],"curies":[{"name":"wp","href":"https:\/\/api.w.org\/{rel}","templated":true}]}}