{"id":85944,"date":"2025-03-09T15:05:52","date_gmt":"2025-03-09T15:05:52","guid":{"rendered":"https:\/\/onlinehardwareshop.de\/index.php\/produkt\/aeg-gr201sm-s-bag-classic-long-performance-12-stck\/"},"modified":"2025-05-14T02:26:49","modified_gmt":"2025-05-14T02:26:49","slug":"aeg-gr201sm-s-bag-classic-long-performance-12-stck","status":"publish","type":"product","link":"https:\/\/onlinehardwareshop.de\/index.php\/produkt\/aeg-gr201sm-s-bag-classic-long-performance-12-stck\/","title":{"rendered":"AEG GR201SM S-Bag Classic Long Performance (12 St&#xFC;ck)"},"content":{"rendered":"<p>Die AEG GR201SM S-Bag Classic Long Performance Staubsaugerbeutel (12 St\u00fcck) bestehen aus Mikrofaser. Dadurch sind diese Staubsaugerbeutel stabiler als die Papiervariante und au\u00dferdem auch etwas flexibler. Du musst deshalb nicht bef\u00fcrchten, dass der Staubsaugerbeutel platzt, wenn er voll ist. In der Verpackung befinden sich 12 Staubsaugerbeutel, womit du dich mit einem Vorrat f\u00fcr ungef\u00e4hr drei Jahre eindeckst.  Geeignet f\u00fcr alle Staubsauger mit Staubbeutel von Philips, Electrolux, AEG, Volta und Tornado.<\/p>\n","protected":false},"excerpt":{"rendered":"<p>Die AEG GR201SM S-Bag Classic Long Performance Staubsaugerbeutel (12 St\u00fcck) bestehen aus Mikrofaser. Dadurch sind diese Staubsaugerbeutel stabiler als die Papiervariante und au\u00dferdem auch etwas flexibler. Du musst deshalb nicht bef\u00fcrchten, dass der Staubsaugerbeutel platzt, wenn er voll ist. In der Verpackung befinden sich 12 Staubsaugerbeutel, womit du dich mit einem Vorrat f\u00fcr ungef\u00e4hr drei Jahre eindeckst.  Geeignet f\u00fcr alle Staubsauger mit Staubbeutel von Philips, Electrolux, AEG, Volta und Tornado.<\/p>\n","protected":false},"featured_media":0,"comment_status":"closed","ping_status":"open","template":"","meta":{"_acf_changed":false},"brand":[1888],"product_brand":[],"product_cat":[129],"product_tag":[130],"class_list":{"0":"post-85944","1":"product","2":"type-product","3":"status-publish","5":"brand-aeg","6":"product_cat-staubsaugerbeutel","7":"product_tag-stofzuigerzakken","8":"pa_condition-new","9":"pa_coolblue-de-verzending-morgen-gratis-geliefert","10":"pa_ean-26862","11":"pa_mpn-26863","13":"first","14":"instock","15":"product-type-external"},"acf":[],"_links":{"self":[{"href":"https:\/\/onlinehardwareshop.de\/index.php\/wp-json\/wp\/v2\/product\/85944","targetHints":{"allow":["GET"]}}],"collection":[{"href":"https:\/\/onlinehardwareshop.de\/index.php\/wp-json\/wp\/v2\/product"}],"about":[{"href":"https:\/\/onlinehardwareshop.de\/index.php\/wp-json\/wp\/v2\/types\/product"}],"replies":[{"embeddable":true,"href":"https:\/\/onlinehardwareshop.de\/index.php\/wp-json\/wp\/v2\/comments?post=85944"}],"wp:attachment":[{"href":"https:\/\/onlinehardwareshop.de\/index.php\/wp-json\/wp\/v2\/media?parent=85944"}],"wp:term":[{"taxonomy":"brand","embeddable":true,"href":"https:\/\/onlinehardwareshop.de\/index.php\/wp-json\/wp\/v2\/brand?post=85944"},{"taxonomy":"product_brand","embeddable":true,"href":"https:\/\/onlinehardwareshop.de\/index.php\/wp-json\/wp\/v2\/product_brand?post=85944"},{"taxonomy":"product_cat","embeddable":true,"href":"https:\/\/onlinehardwareshop.de\/index.php\/wp-json\/wp\/v2\/product_cat?post=85944"},{"taxonomy":"product_tag","embeddable":true,"href":"https:\/\/onlinehardwareshop.de\/index.php\/wp-json\/wp\/v2\/product_tag?post=85944"}],"curies":[{"name":"wp","href":"https:\/\/api.w.org\/{rel}","templated":true}]}}