{"id":85931,"date":"2024-12-20T16:41:07","date_gmt":"2024-12-20T16:41:07","guid":{"rendered":"https:\/\/onlinehardwareshop.de\/index.php\/produkt\/jabra-speak-810-konferenz-freisprecheinrichtung-uc-usb-bt-link370\/"},"modified":"2025-05-14T01:30:15","modified_gmt":"2025-05-14T01:30:15","slug":"jabra-speak-810-konferenz-freisprecheinrichtung-uc-usb-bt-link370","status":"publish","type":"product","link":"https:\/\/onlinehardwareshop.de\/index.php\/produkt\/jabra-speak-810-konferenz-freisprecheinrichtung-uc-usb-bt-link370\/","title":{"rendered":"Jabra Speak 810 Konferenz-Freisprecheinrichtung UC USB\/BT &#038; Link370"},"content":{"rendered":"<p>Mit der Jabra Speak 810 f\u00fchrst du deutliche Gespr\u00e4che in gr\u00f6\u00dferen Konferenzs\u00e4len. Die ZoomTalk Mikrofone erm\u00f6glichen Versammlungen mit bis zu 15 Teilnehmern. Beginne schnell die Konferenz dank des m\u00fchelosen Anschlusses \u00fcber USB, Bluetooth oder 3,5 mm-Klinkenstecker an dein Notebook, Tablet oder Smartphone. Die Ber\u00fchrungstasten rings um das Ger\u00e4t lassen sich gut bedienen, damit regelst du die Lautst\u00e4rke und nimmst du einen Anruf entgegen. Digital Signal Processing Technologie und Wideband Audio sorgen f\u00fcr eine sehr hohe Tonqualit\u00e4t, auch bei voller Lautst\u00e4rke. Ist der Akku deines Telefons beinahe leer? Verbinde es dann \u00fcber den USB-Ladeport mit der Jabra Speak 810, um es w\u00e4hrend der Versammlung aufzuladen.<\/p>\n","protected":false},"excerpt":{"rendered":"<p>Mit der Jabra Speak 810 f\u00fchrst du deutliche Gespr\u00e4che in gr\u00f6\u00dferen Konferenzs\u00e4len. Die ZoomTalk Mikrofone erm\u00f6glichen Versammlungen mit bis zu 15 Teilnehmern. Beginne schnell die Konferenz dank des m\u00fchelosen Anschlusses \u00fcber USB, Bluetooth oder 3,5 mm-Klinkenstecker an dein Notebook, Tablet oder Smartphone. Die Ber\u00fchrungstasten rings um das Ger\u00e4t lassen sich gut bedienen, damit regelst du die Lautst\u00e4rke und nimmst du einen Anruf entgegen. Digital Signal Processing Technologie und Wideband Audio sorgen f\u00fcr eine sehr hohe Tonqualit\u00e4t, auch bei voller Lautst\u00e4rke. Ist der Akku deines Telefons beinahe leer? Verbinde es dann \u00fcber den USB-Ladeport mit der Jabra Speak 810, um es w\u00e4hrend der Versammlung aufzuladen.<\/p>\n","protected":false},"featured_media":0,"comment_status":"closed","ping_status":"open","template":"","meta":{"_acf_changed":false},"brand":[815],"product_brand":[],"product_cat":[816],"product_tag":[817],"class_list":{"0":"post-85931","1":"product","2":"type-product","3":"status-publish","5":"brand-jabra","6":"product_cat-konferenzmikrofone","7":"product_tag-vergadermicrofoons","8":"pa_condition-new","9":"pa_coolblue-de-verzending-morgen-gratis-geliefert","10":"pa_ean-26838","11":"pa_mpn-7810-209","13":"first","14":"instock","15":"product-type-external"},"acf":[],"_links":{"self":[{"href":"https:\/\/onlinehardwareshop.de\/index.php\/wp-json\/wp\/v2\/product\/85931","targetHints":{"allow":["GET"]}}],"collection":[{"href":"https:\/\/onlinehardwareshop.de\/index.php\/wp-json\/wp\/v2\/product"}],"about":[{"href":"https:\/\/onlinehardwareshop.de\/index.php\/wp-json\/wp\/v2\/types\/product"}],"replies":[{"embeddable":true,"href":"https:\/\/onlinehardwareshop.de\/index.php\/wp-json\/wp\/v2\/comments?post=85931"}],"wp:attachment":[{"href":"https:\/\/onlinehardwareshop.de\/index.php\/wp-json\/wp\/v2\/media?parent=85931"}],"wp:term":[{"taxonomy":"brand","embeddable":true,"href":"https:\/\/onlinehardwareshop.de\/index.php\/wp-json\/wp\/v2\/brand?post=85931"},{"taxonomy":"product_brand","embeddable":true,"href":"https:\/\/onlinehardwareshop.de\/index.php\/wp-json\/wp\/v2\/product_brand?post=85931"},{"taxonomy":"product_cat","embeddable":true,"href":"https:\/\/onlinehardwareshop.de\/index.php\/wp-json\/wp\/v2\/product_cat?post=85931"},{"taxonomy":"product_tag","embeddable":true,"href":"https:\/\/onlinehardwareshop.de\/index.php\/wp-json\/wp\/v2\/product_tag?post=85931"}],"curies":[{"name":"wp","href":"https:\/\/api.w.org\/{rel}","templated":true}]}}