{"id":85920,"date":"2024-01-31T19:13:58","date_gmt":"2024-01-31T19:13:58","guid":{"rendered":"https:\/\/onlinehardwareshop.de\/index.php\/produkt\/bosch-professional-gbh-2-26-f-sds-plus-bohrerset\/"},"modified":"2025-05-14T00:31:09","modified_gmt":"2025-05-14T00:31:09","slug":"bosch-professional-gbh-2-26-f-sds-plus-bohrerset","status":"publish","type":"product","link":"https:\/\/onlinehardwareshop.de\/index.php\/produkt\/bosch-professional-gbh-2-26-f-sds-plus-bohrerset\/","title":{"rendered":"Bosch Professional GBH 2-26 F + SDS-plus-Bohrerset"},"content":{"rendered":"<p>Mit dem Bosch Professional GBH 2-26 F Kombihammer kannst du sowohl in Beton bohren als auch Flie\u00dfen wegmei\u00dfeln oder eine Wand einrei\u00dfen. In dieser Ausf\u00fchrung sind ein SDS-plus-Bohrerset und ein Schnellspannfutter enthalten. Damit kannst du sofort mit deinen Bohrarbeiten loslegen. Auch die Nutzung von Holz- oder Metallbohrern mit Schnellspannanschluss ist m\u00f6glich. F\u00fcr Beton liegt die maximale Bohrleistung des GBH 2-26 F bei einer Lochgr\u00f6\u00dfe von 26 Millimetern, f\u00fcr Stahl bei 13 Millimetern und f\u00fcr Holz bei 30 Millimetern. Der Ein- und Ausschaltknopf l\u00e4sst sich arretieren, sodass du f\u00fcr eine l\u00e4ngere Zeit durcharbeiten kannst, ohne durchgehend den Knopf gedr\u00fcckt zu halten. Der Kombihammer, das Bohrerset und das Schnellspannfutter werden in einem praktischen Koffer geliefert.<\/p>\n","protected":false},"excerpt":{"rendered":"<p>Mit dem Bosch Professional GBH 2-26 F Kombihammer kannst du sowohl in Beton bohren als auch Flie\u00dfen wegmei\u00dfeln oder eine Wand einrei\u00dfen. In dieser Ausf\u00fchrung sind ein SDS-plus-Bohrerset und ein Schnellspannfutter enthalten. Damit kannst du sofort mit deinen Bohrarbeiten loslegen. Auch die Nutzung von Holz- oder Metallbohrern mit Schnellspannanschluss ist m\u00f6glich. F\u00fcr Beton liegt die maximale Bohrleistung des GBH 2-26 F bei einer Lochgr\u00f6\u00dfe von 26 Millimetern, f\u00fcr Stahl bei 13 Millimetern und f\u00fcr Holz bei 30 Millimetern. Der Ein- und Ausschaltknopf l\u00e4sst sich arretieren, sodass du f\u00fcr eine l\u00e4ngere Zeit durcharbeiten kannst, ohne durchgehend den Knopf gedr\u00fcckt zu halten. Der Kombihammer, das Bohrerset und das Schnellspannfutter werden in einem praktischen Koffer geliefert.<\/p>\n","protected":false},"featured_media":0,"comment_status":"closed","ping_status":"open","template":"","meta":{"_acf_changed":false},"brand":[332],"product_brand":[],"product_cat":[261],"product_tag":[262],"class_list":{"0":"post-85920","1":"product","2":"type-product","3":"status-publish","5":"brand-bosch-professional","6":"product_cat-bohrmaschinen","7":"product_tag-boorhamers","8":"pa_condition-new","9":"pa_coolblue-de-verzending-morgen-gratis-geliefert","10":"pa_ean-3084","11":"pa_mpn-06112a4001","13":"first","14":"instock","15":"product-type-external"},"acf":[],"_links":{"self":[{"href":"https:\/\/onlinehardwareshop.de\/index.php\/wp-json\/wp\/v2\/product\/85920","targetHints":{"allow":["GET"]}}],"collection":[{"href":"https:\/\/onlinehardwareshop.de\/index.php\/wp-json\/wp\/v2\/product"}],"about":[{"href":"https:\/\/onlinehardwareshop.de\/index.php\/wp-json\/wp\/v2\/types\/product"}],"replies":[{"embeddable":true,"href":"https:\/\/onlinehardwareshop.de\/index.php\/wp-json\/wp\/v2\/comments?post=85920"}],"wp:attachment":[{"href":"https:\/\/onlinehardwareshop.de\/index.php\/wp-json\/wp\/v2\/media?parent=85920"}],"wp:term":[{"taxonomy":"brand","embeddable":true,"href":"https:\/\/onlinehardwareshop.de\/index.php\/wp-json\/wp\/v2\/brand?post=85920"},{"taxonomy":"product_brand","embeddable":true,"href":"https:\/\/onlinehardwareshop.de\/index.php\/wp-json\/wp\/v2\/product_brand?post=85920"},{"taxonomy":"product_cat","embeddable":true,"href":"https:\/\/onlinehardwareshop.de\/index.php\/wp-json\/wp\/v2\/product_cat?post=85920"},{"taxonomy":"product_tag","embeddable":true,"href":"https:\/\/onlinehardwareshop.de\/index.php\/wp-json\/wp\/v2\/product_tag?post=85920"}],"curies":[{"name":"wp","href":"https:\/\/api.w.org\/{rel}","templated":true}]}}