{"id":85915,"date":"2024-06-23T23:53:30","date_gmt":"2024-06-23T23:53:30","guid":{"rendered":"https:\/\/onlinehardwareshop.de\/index.php\/produkt\/bosch-professional-gbh-5-40-dce\/"},"modified":"2025-05-14T00:17:19","modified_gmt":"2025-05-14T00:17:19","slug":"bosch-professional-gbh-5-40-dce","status":"publish","type":"product","link":"https:\/\/onlinehardwareshop.de\/index.php\/produkt\/bosch-professional-gbh-5-40-dce\/","title":{"rendered":"Bosch Professional GBH 5-40 DCE"},"content":{"rendered":"<p>Beton ist kein Material, durch das man einfach mit dem erstbesten Bohrer durchkommt. Aber mit dem Bosch GBH 5-40 DCE Bohrhammer kannst du dir sicher sein, dass das Bohren auch in den h\u00e4rtesten Materialien kein Problem ist. Die besonders hohe Leistung von 1.150 Watt und eine Schlagkraft von 8,8 (!) Joule sind Eigenschaften, die diesen dieser Bohrhammer extrem leistungsstark machen. Dadurch eignet er sich f\u00fcr Bohrungen von bis zu 90 Millimeter in Beton. Im Mei\u00dfelmodus macht der Bohrhammer maximal 3.050 Schl\u00e4ge pro Minute, womit du jede Steinwand m\u00fchelos in St\u00fccke brechen kannst. Sowohl die Drehzahl als auch die Anzahl der Schl\u00e4ge k\u00f6nnen manuell eingestellt werden, sodass du immer die volle Kontrolle \u00fcber die Arbeit hast. Der Bohrkopf hat einen SDS-max-Anschluss, so dass der Betonbohrer oder Mei\u00dfel bei der groben Arbeit fest sitzen bleibt. Die Vibration-Control d\u00e4mpft die dadurch entstehenden unvermeidlichen Vibrationen so weit wie m\u00f6glich ab.<\/p>\n","protected":false},"excerpt":{"rendered":"<p>Beton ist kein Material, durch das man einfach mit dem erstbesten Bohrer durchkommt. Aber mit dem Bosch GBH 5-40 DCE Bohrhammer kannst du dir sicher sein, dass das Bohren auch in den h\u00e4rtesten Materialien kein Problem ist. Die besonders hohe Leistung von 1.150 Watt und eine Schlagkraft von 8,8 (!) Joule sind Eigenschaften, die diesen dieser Bohrhammer extrem leistungsstark machen. Dadurch eignet er sich f\u00fcr Bohrungen von bis zu 90 Millimeter in Beton. Im Mei\u00dfelmodus macht der Bohrhammer maximal 3.050 Schl\u00e4ge pro Minute, womit du jede Steinwand m\u00fchelos in St\u00fccke brechen kannst. Sowohl die Drehzahl als auch die Anzahl der Schl\u00e4ge k\u00f6nnen manuell eingestellt werden, sodass du immer die volle Kontrolle \u00fcber die Arbeit hast. Der Bohrkopf hat einen SDS-max-Anschluss, so dass der Betonbohrer oder Mei\u00dfel bei der groben Arbeit fest sitzen bleibt. Die Vibration-Control d\u00e4mpft die dadurch entstehenden unvermeidlichen Vibrationen so weit wie m\u00f6glich ab.<\/p>\n","protected":false},"featured_media":0,"comment_status":"closed","ping_status":"open","template":"","meta":{"_acf_changed":false},"brand":[332],"product_brand":[],"product_cat":[261],"product_tag":[262],"class_list":{"0":"post-85915","1":"product","2":"type-product","3":"status-publish","5":"brand-bosch-professional","6":"product_cat-bohrmaschinen","7":"product_tag-boorhamers","8":"pa_condition-new","9":"pa_coolblue-de-verzending-morgen-gratis-geliefert","10":"pa_ean-2647","11":"pa_mpn-2648","13":"first","14":"instock","15":"product-type-external"},"acf":[],"_links":{"self":[{"href":"https:\/\/onlinehardwareshop.de\/index.php\/wp-json\/wp\/v2\/product\/85915","targetHints":{"allow":["GET"]}}],"collection":[{"href":"https:\/\/onlinehardwareshop.de\/index.php\/wp-json\/wp\/v2\/product"}],"about":[{"href":"https:\/\/onlinehardwareshop.de\/index.php\/wp-json\/wp\/v2\/types\/product"}],"replies":[{"embeddable":true,"href":"https:\/\/onlinehardwareshop.de\/index.php\/wp-json\/wp\/v2\/comments?post=85915"}],"wp:attachment":[{"href":"https:\/\/onlinehardwareshop.de\/index.php\/wp-json\/wp\/v2\/media?parent=85915"}],"wp:term":[{"taxonomy":"brand","embeddable":true,"href":"https:\/\/onlinehardwareshop.de\/index.php\/wp-json\/wp\/v2\/brand?post=85915"},{"taxonomy":"product_brand","embeddable":true,"href":"https:\/\/onlinehardwareshop.de\/index.php\/wp-json\/wp\/v2\/product_brand?post=85915"},{"taxonomy":"product_cat","embeddable":true,"href":"https:\/\/onlinehardwareshop.de\/index.php\/wp-json\/wp\/v2\/product_cat?post=85915"},{"taxonomy":"product_tag","embeddable":true,"href":"https:\/\/onlinehardwareshop.de\/index.php\/wp-json\/wp\/v2\/product_tag?post=85915"}],"curies":[{"name":"wp","href":"https:\/\/api.w.org\/{rel}","templated":true}]}}