{"id":85908,"date":"2025-04-09T23:27:03","date_gmt":"2025-04-09T23:27:03","guid":{"rendered":"https:\/\/onlinehardwareshop.de\/index.php\/produkt\/magimix-gelato-experte\/"},"modified":"2025-05-13T23:59:34","modified_gmt":"2025-05-13T23:59:34","slug":"magimix-gelato-experte","status":"publish","type":"product","link":"https:\/\/onlinehardwareshop.de\/index.php\/produkt\/magimix-gelato-experte\/","title":{"rendered":"Magimix Gelato Experte"},"content":{"rendered":"<p>Der Magimix Gelato Expert macht innerhalb einer halben Stunde einen Beh\u00e4lter Eis f\u00fcr dich. Dadurch ist die Maschine f\u00fcr Hobbyk\u00f6che geeignet, die es sich gerne einfach machen. Die Eismaschine hat drei Programme f\u00fcr die g\u00e4ngigsten Eissorten. Entscheide dich zum Beispiel f\u00fcr leichtes Softeis und kreiere dein eigenes Sundae-Eis mit warmer Karamellsauce. Mit der Eiskugelfunktion werden die Zutaten zu einem cremigen Eis geschlagen, das du leicht in mit dem Eisl\u00f6ffel zu Kugeln formen kannst. Schlie\u00dflich gibt es die M\u00f6glichkeit, Granit\u00e9-Eis zu machen, diese sizilianische Eisspezialit\u00e4t aus Wasser und zum Beispiel Fruchtsaft ist erfrischend und fruchtig. Du kannst den Geschmack des Eises nat\u00fcrlich selbst bestimmen und Obst oder Schokolade hinzuf\u00fcgen, um deine eigenen Rezepte zu erstellen. Die Eismaschine ist einfach zu bedienen und dank des herausnehmbaren Beh\u00e4lters mit einer Kapazit\u00e4t von 2 Litern auch leicht zu reinigen.<\/p>\n","protected":false},"excerpt":{"rendered":"<p>Der Magimix Gelato Expert macht innerhalb einer halben Stunde einen Beh\u00e4lter Eis f\u00fcr dich. Dadurch ist die Maschine f\u00fcr Hobbyk\u00f6che geeignet, die es sich gerne einfach machen. Die Eismaschine hat drei Programme f\u00fcr die g\u00e4ngigsten Eissorten. Entscheide dich zum Beispiel f\u00fcr leichtes Softeis und kreiere dein eigenes Sundae-Eis mit warmer Karamellsauce. Mit der Eiskugelfunktion werden die Zutaten zu einem cremigen Eis geschlagen, das du leicht in mit dem Eisl\u00f6ffel zu Kugeln formen kannst. Schlie\u00dflich gibt es die M\u00f6glichkeit, Granit\u00e9-Eis zu machen, diese sizilianische Eisspezialit\u00e4t aus Wasser und zum Beispiel Fruchtsaft ist erfrischend und fruchtig. Du kannst den Geschmack des Eises nat\u00fcrlich selbst bestimmen und Obst oder Schokolade hinzuf\u00fcgen, um deine eigenen Rezepte zu erstellen. Die Eismaschine ist einfach zu bedienen und dank des herausnehmbaren Beh\u00e4lters mit einer Kapazit\u00e4t von 2 Litern auch leicht zu reinigen.<\/p>\n","protected":false},"featured_media":0,"comment_status":"closed","ping_status":"open","template":"","meta":{"_acf_changed":false},"brand":[208],"product_brand":[],"product_cat":[340],"product_tag":[341],"class_list":{"0":"post-85908","1":"product","2":"type-product","3":"status-publish","5":"brand-magimix","6":"product_cat-eismaschinen","7":"product_tag-ijsmachines","8":"pa_condition-new","9":"pa_coolblue-de-verzending-morgen-gratis-geliefert","10":"pa_ean-2147","11":"pa_mpn-11680nl","13":"first","14":"instock","15":"product-type-external"},"acf":[],"_links":{"self":[{"href":"https:\/\/onlinehardwareshop.de\/index.php\/wp-json\/wp\/v2\/product\/85908","targetHints":{"allow":["GET"]}}],"collection":[{"href":"https:\/\/onlinehardwareshop.de\/index.php\/wp-json\/wp\/v2\/product"}],"about":[{"href":"https:\/\/onlinehardwareshop.de\/index.php\/wp-json\/wp\/v2\/types\/product"}],"replies":[{"embeddable":true,"href":"https:\/\/onlinehardwareshop.de\/index.php\/wp-json\/wp\/v2\/comments?post=85908"}],"wp:attachment":[{"href":"https:\/\/onlinehardwareshop.de\/index.php\/wp-json\/wp\/v2\/media?parent=85908"}],"wp:term":[{"taxonomy":"brand","embeddable":true,"href":"https:\/\/onlinehardwareshop.de\/index.php\/wp-json\/wp\/v2\/brand?post=85908"},{"taxonomy":"product_brand","embeddable":true,"href":"https:\/\/onlinehardwareshop.de\/index.php\/wp-json\/wp\/v2\/product_brand?post=85908"},{"taxonomy":"product_cat","embeddable":true,"href":"https:\/\/onlinehardwareshop.de\/index.php\/wp-json\/wp\/v2\/product_cat?post=85908"},{"taxonomy":"product_tag","embeddable":true,"href":"https:\/\/onlinehardwareshop.de\/index.php\/wp-json\/wp\/v2\/product_tag?post=85908"}],"curies":[{"name":"wp","href":"https:\/\/api.w.org\/{rel}","templated":true}]}}