{"id":85905,"date":"2025-01-01T13:37:31","date_gmt":"2025-01-01T13:37:31","guid":{"rendered":"https:\/\/onlinehardwareshop.de\/index.php\/produkt\/bresser-junior-mikroskop-set-40x-1024x-mit-koffer\/"},"modified":"2025-05-13T23:53:08","modified_gmt":"2025-05-13T23:53:08","slug":"bresser-junior-mikroskop-set-40x-1024x-mit-koffer","status":"publish","type":"product","link":"https:\/\/onlinehardwareshop.de\/index.php\/produkt\/bresser-junior-mikroskop-set-40x-1024x-mit-koffer\/","title":{"rendered":"Bresser Junior Mikroskop Set 40x-1024x mit Koffer"},"content":{"rendered":"<p>Mit dem Bresser Junior Mikroskop Set 40x-1024x mit Koffer teilst du deine Entdeckungen. Du vergr\u00f6\u00dferst deinen Untersuchungsgegenstand mit diesem Durchlichtmikroskop 1024x. Eines der Okulare kann an den Computer angeschlossen werden, so dass du Fotos von all deinen Wahrnehmungen speichern und sofort mit Freunden teilen kannst. Dieses Mikroskop wird mit Objekttr\u00e4ger- und Deckgl\u00e4sern und Mikroskopbesteck geliefert, so dass du sofort loslegen kannst. Mitgeliefert wird auch ein Zuchtbeh\u00e4lter f\u00fcr Garnelen, mit dem du diese z\u00fcchtest, um mit dem Mikroskop ihren Wachstumsprozess zu verfolgen und festzulegen.<\/p>\n","protected":false},"excerpt":{"rendered":"<p>Mit dem Bresser Junior Mikroskop Set 40x-1024x mit Koffer teilst du deine Entdeckungen. Du vergr\u00f6\u00dferst deinen Untersuchungsgegenstand mit diesem Durchlichtmikroskop 1024x. Eines der Okulare kann an den Computer angeschlossen werden, so dass du Fotos von all deinen Wahrnehmungen speichern und sofort mit Freunden teilen kannst. Dieses Mikroskop wird mit Objekttr\u00e4ger- und Deckgl\u00e4sern und Mikroskopbesteck geliefert, so dass du sofort loslegen kannst. Mitgeliefert wird auch ein Zuchtbeh\u00e4lter f\u00fcr Garnelen, mit dem du diese z\u00fcchtest, um mit dem Mikroskop ihren Wachstumsprozess zu verfolgen und festzulegen.<\/p>\n","protected":false},"featured_media":0,"comment_status":"closed","ping_status":"open","template":"","meta":{"_acf_changed":false},"brand":[1958],"product_brand":[],"product_cat":[1959],"product_tag":[1960],"class_list":{"0":"post-85905","1":"product","2":"type-product","3":"status-publish","5":"brand-bresser","6":"product_cat-mikroskope","7":"product_tag-microscopen","8":"pa_condition-new","9":"pa_coolblue-de-verzending-morgen-gratis-geliefert","10":"pa_ean-34436","11":"pa_mpn-34437","13":"first","14":"instock","15":"product-type-external"},"acf":[],"_links":{"self":[{"href":"https:\/\/onlinehardwareshop.de\/index.php\/wp-json\/wp\/v2\/product\/85905","targetHints":{"allow":["GET"]}}],"collection":[{"href":"https:\/\/onlinehardwareshop.de\/index.php\/wp-json\/wp\/v2\/product"}],"about":[{"href":"https:\/\/onlinehardwareshop.de\/index.php\/wp-json\/wp\/v2\/types\/product"}],"replies":[{"embeddable":true,"href":"https:\/\/onlinehardwareshop.de\/index.php\/wp-json\/wp\/v2\/comments?post=85905"}],"wp:attachment":[{"href":"https:\/\/onlinehardwareshop.de\/index.php\/wp-json\/wp\/v2\/media?parent=85905"}],"wp:term":[{"taxonomy":"brand","embeddable":true,"href":"https:\/\/onlinehardwareshop.de\/index.php\/wp-json\/wp\/v2\/brand?post=85905"},{"taxonomy":"product_brand","embeddable":true,"href":"https:\/\/onlinehardwareshop.de\/index.php\/wp-json\/wp\/v2\/product_brand?post=85905"},{"taxonomy":"product_cat","embeddable":true,"href":"https:\/\/onlinehardwareshop.de\/index.php\/wp-json\/wp\/v2\/product_cat?post=85905"},{"taxonomy":"product_tag","embeddable":true,"href":"https:\/\/onlinehardwareshop.de\/index.php\/wp-json\/wp\/v2\/product_tag?post=85905"}],"curies":[{"name":"wp","href":"https:\/\/api.w.org\/{rel}","templated":true}]}}