{"id":85904,"date":"2024-05-29T06:57:08","date_gmt":"2024-05-29T06:57:08","guid":{"rendered":"https:\/\/onlinehardwareshop.de\/index.php\/produkt\/bresser-junior-mikroskop-set-300x-1200x-mit-koffer\/"},"modified":"2025-05-13T23:52:59","modified_gmt":"2025-05-13T23:52:59","slug":"bresser-junior-mikroskop-set-300x-1200x-mit-koffer","status":"publish","type":"product","link":"https:\/\/onlinehardwareshop.de\/index.php\/produkt\/bresser-junior-mikroskop-set-300x-1200x-mit-koffer\/","title":{"rendered":"Bresser Junior Mikroskop Set 300x-1200x mit Koffer"},"content":{"rendered":"<p>Das Bresser Junior Mikroskop Set 300x-1200x mit Koffer eignet sich f\u00fcr Kinder ab 8 Jahren. Mit diesem Durchlichtmikroskop betrachtest du pr\u00e4parierte Objekte, die zwischen durchsichtigen Glasplatten liegen. Du vergr\u00f6\u00dferst dein Objekt 300x, 600x oder 1200x und siehst Details, die du mit blo\u00dfen Auge nicht siehst. So entdeckst du, wie die Zellen von Insekten und Pflanzen aussehen. Die Beleuchtung des Mikroskops wird mit 2 AA-Batterien gespeist.<\/p>\n","protected":false},"excerpt":{"rendered":"<p>Das Bresser Junior Mikroskop Set 300x-1200x mit Koffer eignet sich f\u00fcr Kinder ab 8 Jahren. Mit diesem Durchlichtmikroskop betrachtest du pr\u00e4parierte Objekte, die zwischen durchsichtigen Glasplatten liegen. Du vergr\u00f6\u00dferst dein Objekt 300x, 600x oder 1200x und siehst Details, die du mit blo\u00dfen Auge nicht siehst. So entdeckst du, wie die Zellen von Insekten und Pflanzen aussehen. Die Beleuchtung des Mikroskops wird mit 2 AA-Batterien gespeist.<\/p>\n","protected":false},"featured_media":0,"comment_status":"closed","ping_status":"open","template":"","meta":{"_acf_changed":false},"brand":[1958],"product_brand":[],"product_cat":[1959],"product_tag":[1960],"class_list":{"0":"post-85904","1":"product","2":"type-product","3":"status-publish","5":"brand-bresser","6":"product_cat-mikroskope","7":"product_tag-microscopen","8":"pa_condition-new","9":"pa_coolblue-de-verzending-morgen-gratis-geliefert","10":"pa_ean-1956","11":"pa_mpn-1957","13":"first","14":"instock","15":"product-type-external"},"acf":[],"_links":{"self":[{"href":"https:\/\/onlinehardwareshop.de\/index.php\/wp-json\/wp\/v2\/product\/85904","targetHints":{"allow":["GET"]}}],"collection":[{"href":"https:\/\/onlinehardwareshop.de\/index.php\/wp-json\/wp\/v2\/product"}],"about":[{"href":"https:\/\/onlinehardwareshop.de\/index.php\/wp-json\/wp\/v2\/types\/product"}],"replies":[{"embeddable":true,"href":"https:\/\/onlinehardwareshop.de\/index.php\/wp-json\/wp\/v2\/comments?post=85904"}],"wp:attachment":[{"href":"https:\/\/onlinehardwareshop.de\/index.php\/wp-json\/wp\/v2\/media?parent=85904"}],"wp:term":[{"taxonomy":"brand","embeddable":true,"href":"https:\/\/onlinehardwareshop.de\/index.php\/wp-json\/wp\/v2\/brand?post=85904"},{"taxonomy":"product_brand","embeddable":true,"href":"https:\/\/onlinehardwareshop.de\/index.php\/wp-json\/wp\/v2\/product_brand?post=85904"},{"taxonomy":"product_cat","embeddable":true,"href":"https:\/\/onlinehardwareshop.de\/index.php\/wp-json\/wp\/v2\/product_cat?post=85904"},{"taxonomy":"product_tag","embeddable":true,"href":"https:\/\/onlinehardwareshop.de\/index.php\/wp-json\/wp\/v2\/product_tag?post=85904"}],"curies":[{"name":"wp","href":"https:\/\/api.w.org\/{rel}","templated":true}]}}