{"id":85903,"date":"2024-01-18T01:28:04","date_gmt":"2024-01-18T01:28:04","guid":{"rendered":"https:\/\/onlinehardwareshop.de\/index.php\/produkt\/logitech-h540-stereo-usb-a-headset\/"},"modified":"2025-05-13T23:46:43","modified_gmt":"2025-05-13T23:46:43","slug":"logitech-h540-stereo-usb-a-headset","status":"publish","type":"product","link":"https:\/\/onlinehardwareshop.de\/index.php\/produkt\/logitech-h540-stereo-usb-a-headset\/","title":{"rendered":"Logitech H540 Stereo USB-A Headset"},"content":{"rendered":"<p>Mit diesem Headset kannst du endlose Gespr\u00e4che f\u00fchren oder komfortabel Musik h\u00f6ren. Die Passform des Logitech H540 l\u00e4sst sich einfach anpassen, sodass es immer gut sitzt. Du kannst dieses Modell \u00fcber USB an deinen Laptop oder PC anschlie\u00dfen. Du brauchst nichts zu installieren, weshalb du direkt all deine Freunde \u00fcber Skype anrufen kannst. Die Lautst\u00e4rke des Headsets und das Mikrofon lassen sich anhand der Tasten an der Seite bedienen.<\/p>\n","protected":false},"excerpt":{"rendered":"<p>Mit diesem Headset kannst du endlose Gespr\u00e4che f\u00fchren oder komfortabel Musik h\u00f6ren. Die Passform des Logitech H540 l\u00e4sst sich einfach anpassen, sodass es immer gut sitzt. Du kannst dieses Modell \u00fcber USB an deinen Laptop oder PC anschlie\u00dfen. Du brauchst nichts zu installieren, weshalb du direkt all deine Freunde \u00fcber Skype anrufen kannst. Die Lautst\u00e4rke des Headsets und das Mikrofon lassen sich anhand der Tasten an der Seite bedienen.<\/p>\n","protected":false},"featured_media":0,"comment_status":"closed","ping_status":"open","template":"","meta":{"_acf_changed":false},"brand":[32],"product_brand":[],"product_cat":[257],"product_tag":[258],"class_list":{"0":"post-85903","1":"product","2":"type-product","3":"status-publish","5":"brand-logitech","6":"product_cat-office-headsets","7":"product_tag-headsets-office","8":"pa_condition-new","9":"pa_coolblue-de-verzending-morgen-gratis-geliefert","10":"pa_ean-1730","11":"pa_mpn-981-000480","13":"first","14":"instock","15":"product-type-external"},"acf":[],"_links":{"self":[{"href":"https:\/\/onlinehardwareshop.de\/index.php\/wp-json\/wp\/v2\/product\/85903","targetHints":{"allow":["GET"]}}],"collection":[{"href":"https:\/\/onlinehardwareshop.de\/index.php\/wp-json\/wp\/v2\/product"}],"about":[{"href":"https:\/\/onlinehardwareshop.de\/index.php\/wp-json\/wp\/v2\/types\/product"}],"replies":[{"embeddable":true,"href":"https:\/\/onlinehardwareshop.de\/index.php\/wp-json\/wp\/v2\/comments?post=85903"}],"wp:attachment":[{"href":"https:\/\/onlinehardwareshop.de\/index.php\/wp-json\/wp\/v2\/media?parent=85903"}],"wp:term":[{"taxonomy":"brand","embeddable":true,"href":"https:\/\/onlinehardwareshop.de\/index.php\/wp-json\/wp\/v2\/brand?post=85903"},{"taxonomy":"product_brand","embeddable":true,"href":"https:\/\/onlinehardwareshop.de\/index.php\/wp-json\/wp\/v2\/product_brand?post=85903"},{"taxonomy":"product_cat","embeddable":true,"href":"https:\/\/onlinehardwareshop.de\/index.php\/wp-json\/wp\/v2\/product_cat?post=85903"},{"taxonomy":"product_tag","embeddable":true,"href":"https:\/\/onlinehardwareshop.de\/index.php\/wp-json\/wp\/v2\/product_tag?post=85903"}],"curies":[{"name":"wp","href":"https:\/\/api.w.org\/{rel}","templated":true}]}}