{"id":85899,"date":"2025-01-31T19:52:26","date_gmt":"2025-01-31T19:52:26","guid":{"rendered":"https:\/\/onlinehardwareshop.de\/index.php\/produkt\/trust-gxt-38-2-1-subwoofer-pc-lautsprecher\/"},"modified":"2025-05-16T03:11:38","modified_gmt":"2025-05-16T03:11:38","slug":"trust-gxt-38-2-1-subwoofer-pc-lautsprecher","status":"publish","type":"product","link":"https:\/\/onlinehardwareshop.de\/index.php\/produkt\/trust-gxt-38-2-1-subwoofer-pc-lautsprecher\/","title":{"rendered":"Trust GXT 38 2.1 Subwoofer PC-Lautsprecher"},"content":{"rendered":"<p>Der Trust GXT 38 2.1 PC-Lautsprecher wird mit einem Subwoofer aus Holz geliefert, der f\u00fcr einen tiefen Bass sorgt. Im Kombination mit den Satellitenlautsprechern kommen 60 Watt Sound aus dem Trust GXT 38 2.1 Lautsprecherset. Die Fernbedienung (kabelgebunden) erm\u00f6glicht es, einfach und schnell die Lautst\u00e4rke anzupassen. Die Fernbedienung ist mit einem Kopfh\u00f6reranschluss und einem Audio-Eingang ausgestattet, sodass man einen MP3-Player oder ein Handy anschlie\u00dfen kann. Dieses Lautsprecherset von Trust ist nicht nur f\u00fcr deinen Laptop oder PC geeignet, sondern auch f\u00fcr deine Playstation, Xbox oder Wii.<\/p>\n","protected":false},"excerpt":{"rendered":"<p>Der Trust GXT 38 2.1 PC-Lautsprecher wird mit einem Subwoofer aus Holz geliefert, der f\u00fcr einen tiefen Bass sorgt. Im Kombination mit den Satellitenlautsprechern kommen 60 Watt Sound aus dem Trust GXT 38 2.1 Lautsprecherset. Die Fernbedienung (kabelgebunden) erm\u00f6glicht es, einfach und schnell die Lautst\u00e4rke anzupassen. Die Fernbedienung ist mit einem Kopfh\u00f6reranschluss und einem Audio-Eingang ausgestattet, sodass man einen MP3-Player oder ein Handy anschlie\u00dfen kann. Dieses Lautsprecherset von Trust ist nicht nur f\u00fcr deinen Laptop oder PC geeignet, sondern auch f\u00fcr deine Playstation, Xbox oder Wii.<\/p>\n","protected":false},"featured_media":0,"comment_status":"closed","ping_status":"open","template":"","meta":{"_acf_changed":false},"brand":[596],"product_brand":[],"product_cat":[47],"product_tag":[48],"class_list":{"0":"post-85899","1":"product","2":"type-product","3":"status-publish","5":"brand-trust","6":"product_cat-pc-lautsprecher","7":"product_tag-pc-speakers","8":"pa_condition-new","9":"pa_coolblue-de-verzending-morgen-gratis-geliefert","10":"pa_ean-772","11":"pa_mpn-773","13":"first","14":"instock","15":"product-type-external"},"acf":[],"_links":{"self":[{"href":"https:\/\/onlinehardwareshop.de\/index.php\/wp-json\/wp\/v2\/product\/85899","targetHints":{"allow":["GET"]}}],"collection":[{"href":"https:\/\/onlinehardwareshop.de\/index.php\/wp-json\/wp\/v2\/product"}],"about":[{"href":"https:\/\/onlinehardwareshop.de\/index.php\/wp-json\/wp\/v2\/types\/product"}],"replies":[{"embeddable":true,"href":"https:\/\/onlinehardwareshop.de\/index.php\/wp-json\/wp\/v2\/comments?post=85899"}],"wp:attachment":[{"href":"https:\/\/onlinehardwareshop.de\/index.php\/wp-json\/wp\/v2\/media?parent=85899"}],"wp:term":[{"taxonomy":"brand","embeddable":true,"href":"https:\/\/onlinehardwareshop.de\/index.php\/wp-json\/wp\/v2\/brand?post=85899"},{"taxonomy":"product_brand","embeddable":true,"href":"https:\/\/onlinehardwareshop.de\/index.php\/wp-json\/wp\/v2\/product_brand?post=85899"},{"taxonomy":"product_cat","embeddable":true,"href":"https:\/\/onlinehardwareshop.de\/index.php\/wp-json\/wp\/v2\/product_cat?post=85899"},{"taxonomy":"product_tag","embeddable":true,"href":"https:\/\/onlinehardwareshop.de\/index.php\/wp-json\/wp\/v2\/product_tag?post=85899"}],"curies":[{"name":"wp","href":"https:\/\/api.w.org\/{rel}","templated":true}]}}