{"id":85766,"date":"2024-01-29T19:39:37","date_gmt":"2024-01-29T19:39:37","guid":{"rendered":"https:\/\/onlinehardwareshop.de\/index.php\/produkt\/intenso-top-1tb-m-2-sata-ssd\/"},"modified":"2025-05-14T11:29:56","modified_gmt":"2025-05-14T11:29:56","slug":"intenso-top-1tb-m-2-sata-ssd","status":"publish","type":"product","link":"https:\/\/onlinehardwareshop.de\/index.php\/produkt\/intenso-top-1tb-m-2-sata-ssd\/","title":{"rendered":"Intenso TOP 1TB M.2-SATA-SSD"},"content":{"rendered":"<p>Hinweis: Diese M.2-SSD hat eine PCI Express (NVMe) Schnittstelle und funktioniert nur, wenn dein System PCIe\/NVMe unterst\u00fctzt. \u00dcberpr\u00fcfe diese Anforderung in der Gebrauchsanleitung deines Laptops oder deines Motherboards.  Die Intenso TOP 1\u00a0TB ist eine interne SATA-SSD, die f\u00fcr anspruchsvolle Nutzer geeignet ist. Die SSD-Karte nutzt SATA III und 3D TLC NAND, sodass dein PC oder Laptop innerhalb von 20 Sekunden hochf\u00e4hrt. Mit hohen Lesegeschwindigkeiten von 550\u00a0MB\/s und Schreibgeschwindigkeiten von 500\u00a0MB\/s verarbeitest du deine Daten in nur wenigen Sekunden. Mit einer Speicherkapazit\u00e4t von 1\u00a0TB speicherst du etwa 100.000 Fotos oder 100 zweist\u00fcndige Full-HD-Filme. Dank des M.2-2280-Formfaktors installierst du die PCIe-SSD m\u00fchelos in PCs, schlanken Notebooks und Laptops oder kompakteren Ger\u00e4ten wie Ultrabooks.<\/p>\n","protected":false},"excerpt":{"rendered":"<p>Hinweis: Diese M.2-SSD hat eine PCI Express (NVMe) Schnittstelle und funktioniert nur, wenn dein System PCIe\/NVMe unterst\u00fctzt. \u00dcberpr\u00fcfe diese Anforderung in der Gebrauchsanleitung deines Laptops oder deines Motherboards.  Die Intenso TOP 1\u00a0TB ist eine interne SATA-SSD, die f\u00fcr anspruchsvolle Nutzer geeignet ist. Die SSD-Karte nutzt SATA III und 3D TLC NAND, sodass dein PC oder Laptop innerhalb von 20 Sekunden hochf\u00e4hrt. Mit hohen Lesegeschwindigkeiten von 550\u00a0MB\/s und Schreibgeschwindigkeiten von 500\u00a0MB\/s verarbeitest du deine Daten in nur wenigen Sekunden. Mit einer Speicherkapazit\u00e4t von 1\u00a0TB speicherst du etwa 100.000 Fotos oder 100 zweist\u00fcndige Full-HD-Filme. Dank des M.2-2280-Formfaktors installierst du die PCIe-SSD m\u00fchelos in PCs, schlanken Notebooks und Laptops oder kompakteren Ger\u00e4ten wie Ultrabooks.<\/p>\n","protected":false},"featured_media":0,"comment_status":"closed","ping_status":"open","template":"","meta":{"_acf_changed":false},"brand":[6883],"product_brand":[],"product_cat":[2957],"product_tag":[7168],"class_list":{"0":"post-85766","1":"product","2":"type-product","3":"status-publish","5":"brand-intenso","6":"product_cat-solid-state-drives-ssd","7":"product_tag-m-2-ssd","8":"pa_condition-new","9":"pa_coolblue-de-verzending-morgen-gratis-geliefert","10":"pa_ean-19295","11":"pa_mpn-19296","13":"first","14":"instock","15":"product-type-external"},"acf":[],"_links":{"self":[{"href":"https:\/\/onlinehardwareshop.de\/index.php\/wp-json\/wp\/v2\/product\/85766","targetHints":{"allow":["GET"]}}],"collection":[{"href":"https:\/\/onlinehardwareshop.de\/index.php\/wp-json\/wp\/v2\/product"}],"about":[{"href":"https:\/\/onlinehardwareshop.de\/index.php\/wp-json\/wp\/v2\/types\/product"}],"replies":[{"embeddable":true,"href":"https:\/\/onlinehardwareshop.de\/index.php\/wp-json\/wp\/v2\/comments?post=85766"}],"wp:attachment":[{"href":"https:\/\/onlinehardwareshop.de\/index.php\/wp-json\/wp\/v2\/media?parent=85766"}],"wp:term":[{"taxonomy":"brand","embeddable":true,"href":"https:\/\/onlinehardwareshop.de\/index.php\/wp-json\/wp\/v2\/brand?post=85766"},{"taxonomy":"product_brand","embeddable":true,"href":"https:\/\/onlinehardwareshop.de\/index.php\/wp-json\/wp\/v2\/product_brand?post=85766"},{"taxonomy":"product_cat","embeddable":true,"href":"https:\/\/onlinehardwareshop.de\/index.php\/wp-json\/wp\/v2\/product_cat?post=85766"},{"taxonomy":"product_tag","embeddable":true,"href":"https:\/\/onlinehardwareshop.de\/index.php\/wp-json\/wp\/v2\/product_tag?post=85766"}],"curies":[{"name":"wp","href":"https:\/\/api.w.org\/{rel}","templated":true}]}}