{"id":85700,"date":"2025-03-18T11:13:13","date_gmt":"2025-03-18T11:13:13","guid":{"rendered":"https:\/\/onlinehardwareshop.de\/index.php\/produkt\/braun-powerblend-1051-schwarz\/"},"modified":"2025-05-14T08:06:31","modified_gmt":"2025-05-14T08:06:31","slug":"braun-powerblend-1051-schwarz","status":"publish","type":"product","link":"https:\/\/onlinehardwareshop.de\/index.php\/produkt\/braun-powerblend-1051-schwarz\/","title":{"rendered":"Braun PowerBlend 1051 Schwarz"},"content":{"rendered":"<p>Mit dem Braun PowerBlend 1 Schwarz Standmixer bereitest du auch Smoothies f\u00fcr unterwegs zu dank des zus\u00e4tzlichen Mixbechers. Das ist praktisch, weil du so deine Lieblingss\u00e4fte auch im Zug oder B\u00fcro trinken kannst. Die Zutaten bleiben dank der TriAction-Technologie nicht an der Oberseite haften. Das ist praktisch, weil der Mixer so alle Fruchtst\u00fccke in den Beh\u00e4lter leitet. Nach dem Mixen gie\u00dft du den Saft einfach in die Gl\u00e4ser dank des Tritan-Mixbeh\u00e4lters. Der Beh\u00e4lter ist n\u00e4mlich leicht und robuster als ein Kunststoffbeh\u00e4lter. Du kannst die Einzelteile in die Sp\u00fclmaschine geben. Da der Standmixer klein ist, beansprucht er wenig Platz in deinem K\u00fcchenschrank.<\/p>\n","protected":false},"excerpt":{"rendered":"<p>Mit dem Braun PowerBlend 1 Schwarz Standmixer bereitest du auch Smoothies f\u00fcr unterwegs zu dank des zus\u00e4tzlichen Mixbechers. Das ist praktisch, weil du so deine Lieblingss\u00e4fte auch im Zug oder B\u00fcro trinken kannst. Die Zutaten bleiben dank der TriAction-Technologie nicht an der Oberseite haften. Das ist praktisch, weil der Mixer so alle Fruchtst\u00fccke in den Beh\u00e4lter leitet. Nach dem Mixen gie\u00dft du den Saft einfach in die Gl\u00e4ser dank des Tritan-Mixbeh\u00e4lters. Der Beh\u00e4lter ist n\u00e4mlich leicht und robuster als ein Kunststoffbeh\u00e4lter. Du kannst die Einzelteile in die Sp\u00fclmaschine geben. Da der Standmixer klein ist, beansprucht er wenig Platz in deinem K\u00fcchenschrank.<\/p>\n","protected":false},"featured_media":0,"comment_status":"closed","ping_status":"open","template":"","meta":{"_acf_changed":false},"brand":[1333],"product_brand":[],"product_cat":[1606],"product_tag":[1607],"class_list":{"0":"post-85700","1":"product","2":"type-product","3":"status-publish","5":"brand-braun","6":"product_cat-standmixer","7":"product_tag-blenders","8":"pa_condition-new","9":"pa_coolblue-de-verzending-morgen-gratis-geliefert","10":"pa_ean-14171","11":"pa_mpn-0x22311087","13":"first","14":"instock","15":"product-type-external"},"acf":[],"_links":{"self":[{"href":"https:\/\/onlinehardwareshop.de\/index.php\/wp-json\/wp\/v2\/product\/85700","targetHints":{"allow":["GET"]}}],"collection":[{"href":"https:\/\/onlinehardwareshop.de\/index.php\/wp-json\/wp\/v2\/product"}],"about":[{"href":"https:\/\/onlinehardwareshop.de\/index.php\/wp-json\/wp\/v2\/types\/product"}],"replies":[{"embeddable":true,"href":"https:\/\/onlinehardwareshop.de\/index.php\/wp-json\/wp\/v2\/comments?post=85700"}],"wp:attachment":[{"href":"https:\/\/onlinehardwareshop.de\/index.php\/wp-json\/wp\/v2\/media?parent=85700"}],"wp:term":[{"taxonomy":"brand","embeddable":true,"href":"https:\/\/onlinehardwareshop.de\/index.php\/wp-json\/wp\/v2\/brand?post=85700"},{"taxonomy":"product_brand","embeddable":true,"href":"https:\/\/onlinehardwareshop.de\/index.php\/wp-json\/wp\/v2\/product_brand?post=85700"},{"taxonomy":"product_cat","embeddable":true,"href":"https:\/\/onlinehardwareshop.de\/index.php\/wp-json\/wp\/v2\/product_cat?post=85700"},{"taxonomy":"product_tag","embeddable":true,"href":"https:\/\/onlinehardwareshop.de\/index.php\/wp-json\/wp\/v2\/product_tag?post=85700"}],"curies":[{"name":"wp","href":"https:\/\/api.w.org\/{rel}","templated":true}]}}