{"id":85659,"date":"2024-08-28T05:24:12","date_gmt":"2024-08-28T05:24:12","guid":{"rendered":"https:\/\/onlinehardwareshop.de\/index.php\/produkt\/bosch-universal-hammer-18v-ohne-akku\/"},"modified":"2025-05-14T06:12:07","modified_gmt":"2025-05-14T06:12:07","slug":"bosch-universal-hammer-18v-ohne-akku","status":"publish","type":"product","link":"https:\/\/onlinehardwareshop.de\/index.php\/produkt\/bosch-universal-hammer-18v-ohne-akku\/","title":{"rendered":"Bosch Universal Hammer 18V (ohne Akku)"},"content":{"rendered":"<p>Mit dem Bosch Universal Hammer 18V Kombihammer (ohne Akku) bohrst du L\u00f6cher bis maximal 16\u00a0mm in Beton. Dank des Drehstopps klopfst du damit auch Fliesen von der Wand im Bad oder schl\u00e4gst Kabelkan\u00e4le f\u00fcr deinen neuen Fernseher in die Wand. Da die Maschine akkubetrieben ist, machst du dich an jedem beliebigen Ort ans Werk. Du bist nicht an eine Steckdose gebunden. Dar\u00fcber hinaus hat der Universal Hammer 18V einen verstellbaren zweiten Griff, wodurch du in jeder Position die Kontrolle \u00fcber die Maschine beh\u00e4ltst. Auch im Dunkeln arbeitest du fr\u00f6hlich weiter. Durch die integrierte LED-Beleuchtung siehst du n\u00e4mlich genau, wo du bohrst. Dieser Kombihammer funktioniert mit einem Bosch POWER FOR ALL Akku mit 18 Volt (nicht mitgeliefert). Hast du schon so einen Akku? Dann verwendest du ihn auch in dieser Maschine.<\/p>\n","protected":false},"excerpt":{"rendered":"<p>Mit dem Bosch Universal Hammer 18V Kombihammer (ohne Akku) bohrst du L\u00f6cher bis maximal 16\u00a0mm in Beton. Dank des Drehstopps klopfst du damit auch Fliesen von der Wand im Bad oder schl\u00e4gst Kabelkan\u00e4le f\u00fcr deinen neuen Fernseher in die Wand. Da die Maschine akkubetrieben ist, machst du dich an jedem beliebigen Ort ans Werk. Du bist nicht an eine Steckdose gebunden. Dar\u00fcber hinaus hat der Universal Hammer 18V einen verstellbaren zweiten Griff, wodurch du in jeder Position die Kontrolle \u00fcber die Maschine beh\u00e4ltst. Auch im Dunkeln arbeitest du fr\u00f6hlich weiter. Durch die integrierte LED-Beleuchtung siehst du n\u00e4mlich genau, wo du bohrst. Dieser Kombihammer funktioniert mit einem Bosch POWER FOR ALL Akku mit 18 Volt (nicht mitgeliefert). Hast du schon so einen Akku? Dann verwendest du ihn auch in dieser Maschine.<\/p>\n","protected":false},"featured_media":0,"comment_status":"closed","ping_status":"open","template":"","meta":{"_acf_changed":false},"brand":[250],"product_brand":[],"product_cat":[261],"product_tag":[262],"class_list":{"0":"post-85659","1":"product","2":"type-product","3":"status-publish","5":"brand-bosch","6":"product_cat-bohrmaschinen","7":"product_tag-boorhamers","8":"pa_condition-new","9":"pa_coolblue-de-verzending-morgen-gratis-geliefert","10":"pa_ean-11372","11":"pa_mpn-06039d6000","13":"first","14":"instock","15":"product-type-external"},"acf":[],"_links":{"self":[{"href":"https:\/\/onlinehardwareshop.de\/index.php\/wp-json\/wp\/v2\/product\/85659","targetHints":{"allow":["GET"]}}],"collection":[{"href":"https:\/\/onlinehardwareshop.de\/index.php\/wp-json\/wp\/v2\/product"}],"about":[{"href":"https:\/\/onlinehardwareshop.de\/index.php\/wp-json\/wp\/v2\/types\/product"}],"replies":[{"embeddable":true,"href":"https:\/\/onlinehardwareshop.de\/index.php\/wp-json\/wp\/v2\/comments?post=85659"}],"wp:attachment":[{"href":"https:\/\/onlinehardwareshop.de\/index.php\/wp-json\/wp\/v2\/media?parent=85659"}],"wp:term":[{"taxonomy":"brand","embeddable":true,"href":"https:\/\/onlinehardwareshop.de\/index.php\/wp-json\/wp\/v2\/brand?post=85659"},{"taxonomy":"product_brand","embeddable":true,"href":"https:\/\/onlinehardwareshop.de\/index.php\/wp-json\/wp\/v2\/product_brand?post=85659"},{"taxonomy":"product_cat","embeddable":true,"href":"https:\/\/onlinehardwareshop.de\/index.php\/wp-json\/wp\/v2\/product_cat?post=85659"},{"taxonomy":"product_tag","embeddable":true,"href":"https:\/\/onlinehardwareshop.de\/index.php\/wp-json\/wp\/v2\/product_tag?post=85659"}],"curies":[{"name":"wp","href":"https:\/\/api.w.org\/{rel}","templated":true}]}}