{"id":85658,"date":"2024-12-22T06:16:22","date_gmt":"2024-12-22T06:16:22","guid":{"rendered":"https:\/\/onlinehardwareshop.de\/index.php\/produkt\/kenwood-multipro-xl-weigh-fdm72-990ss\/"},"modified":"2025-05-14T06:09:22","modified_gmt":"2025-05-14T06:09:22","slug":"kenwood-multipro-xl-weigh-fdm72-990ss","status":"publish","type":"product","link":"https:\/\/onlinehardwareshop.de\/index.php\/produkt\/kenwood-multipro-xl-weigh-fdm72-990ss\/","title":{"rendered":"Kenwood MultiPro XL Weigh+ FDM72.990SS"},"content":{"rendered":"<p>Mit dem Kenwood MultiPro XL Weigh+ FDM72.990BK wiegst du dank der integrierten Waage Zutaten direkt in der R\u00fchrsch\u00fcssel ab. Du erh\u00e4ltst auch einen praktischen Wiegeteller, mit dem du deine Zutaten abwiegst. Der Food-Processor ist f\u00fcr verschiedene Zubereitungen geeignet, zum Beispiel zum Hacken, Schneiden, Reiben und Kneten von Zutaten. Zudem ist weiteres Zubeh\u00f6r enthalten. Zum Beispiel bereitest du mit dem Mixeraufsatz Smoothies zu und mit der Zitronenpresse presst du frischen Orangensaft. Mit dem Schneebesen schl\u00e4gst du Sahne auf. Die 3-Liter-R\u00fchrsch\u00fcssel ist mit einem XL-Trichter ausgestattet. Dadurch lassen sich gro\u00dfe Obst- und Gem\u00fcsest\u00fccke hineinlegen und du musst weniger klein schneiden. Die Geschwindigkeit ist stufenlos einstellbar. Somit passt du die Geschwindigkeit genau an die jeweilige Zubereitung an. Bewahre das Zubeh\u00f6r nach dem Gebrauch in der Aufbewahrungstasche auf.<\/p>\n","protected":false},"excerpt":{"rendered":"<p>Mit dem Kenwood MultiPro XL Weigh+ FDM72.990BK wiegst du dank der integrierten Waage Zutaten direkt in der R\u00fchrsch\u00fcssel ab. Du erh\u00e4ltst auch einen praktischen Wiegeteller, mit dem du deine Zutaten abwiegst. Der Food-Processor ist f\u00fcr verschiedene Zubereitungen geeignet, zum Beispiel zum Hacken, Schneiden, Reiben und Kneten von Zutaten. Zudem ist weiteres Zubeh\u00f6r enthalten. Zum Beispiel bereitest du mit dem Mixeraufsatz Smoothies zu und mit der Zitronenpresse presst du frischen Orangensaft. Mit dem Schneebesen schl\u00e4gst du Sahne auf. Die 3-Liter-R\u00fchrsch\u00fcssel ist mit einem XL-Trichter ausgestattet. Dadurch lassen sich gro\u00dfe Obst- und Gem\u00fcsest\u00fccke hineinlegen und du musst weniger klein schneiden. Die Geschwindigkeit ist stufenlos einstellbar. Somit passt du die Geschwindigkeit genau an die jeweilige Zubereitung an. Bewahre das Zubeh\u00f6r nach dem Gebrauch in der Aufbewahrungstasche auf.<\/p>\n","protected":false},"featured_media":0,"comment_status":"closed","ping_status":"open","template":"","meta":{"_acf_changed":false},"brand":[234],"product_brand":[],"product_cat":[209],"product_tag":[210],"class_list":{"0":"post-85658","1":"product","2":"type-product","3":"status-publish","5":"brand-kenwood","6":"product_cat-food-processors","7":"product_tag-foodprocessors-zonder-kookfunctie","8":"pa_condition-new","9":"pa_coolblue-de-verzending-morgen-gratis-geliefert","10":"pa_ean-11298","11":"pa_mpn-0w22011069","13":"first","14":"instock","15":"product-type-external"},"acf":[],"_links":{"self":[{"href":"https:\/\/onlinehardwareshop.de\/index.php\/wp-json\/wp\/v2\/product\/85658","targetHints":{"allow":["GET"]}}],"collection":[{"href":"https:\/\/onlinehardwareshop.de\/index.php\/wp-json\/wp\/v2\/product"}],"about":[{"href":"https:\/\/onlinehardwareshop.de\/index.php\/wp-json\/wp\/v2\/types\/product"}],"replies":[{"embeddable":true,"href":"https:\/\/onlinehardwareshop.de\/index.php\/wp-json\/wp\/v2\/comments?post=85658"}],"wp:attachment":[{"href":"https:\/\/onlinehardwareshop.de\/index.php\/wp-json\/wp\/v2\/media?parent=85658"}],"wp:term":[{"taxonomy":"brand","embeddable":true,"href":"https:\/\/onlinehardwareshop.de\/index.php\/wp-json\/wp\/v2\/brand?post=85658"},{"taxonomy":"product_brand","embeddable":true,"href":"https:\/\/onlinehardwareshop.de\/index.php\/wp-json\/wp\/v2\/product_brand?post=85658"},{"taxonomy":"product_cat","embeddable":true,"href":"https:\/\/onlinehardwareshop.de\/index.php\/wp-json\/wp\/v2\/product_cat?post=85658"},{"taxonomy":"product_tag","embeddable":true,"href":"https:\/\/onlinehardwareshop.de\/index.php\/wp-json\/wp\/v2\/product_tag?post=85658"}],"curies":[{"name":"wp","href":"https:\/\/api.w.org\/{rel}","templated":true}]}}