{"id":85605,"date":"2024-02-07T15:14:07","date_gmt":"2024-02-07T15:14:07","guid":{"rendered":"https:\/\/onlinehardwareshop.de\/index.php\/produkt\/wmf-kitchenmini-413180012-2-in-1-vario\/"},"modified":"2025-05-14T03:20:36","modified_gmt":"2025-05-14T03:20:36","slug":"wmf-kitchenmini-413180012-2-in-1-vario","status":"publish","type":"product","link":"https:\/\/onlinehardwareshop.de\/index.php\/produkt\/wmf-kitchenmini-413180012-2-in-1-vario\/","title":{"rendered":"WMF KITCHENmini 413180012 2-in-1 Vario"},"content":{"rendered":"<p>Mit dem kompakten WMF KITCHENmini 413180012 2-in-1 Vario kannst du Wasser kochen und bei unterschiedlichen Wassertemperaturen Tee zubereiten. Du stellst die Temperatur ganz einfach zwischen 60\u00a0\u00b0C und 100\u00a0\u00b0C ein, um verschiedene Sorten Tee und Kaffee zuzubereiten. Mit dem Teefilter kannst du Tee direkt in der Kanne zubereiten. Wenn du die Warmhaltefunktion einschaltest, bleibt dein Tee 20\u00a0Minuten l\u00e4nger auf der richtigen Temperatur. Praktisch, denn dann kannst du dir sp\u00e4ter eine weitere hei\u00dfe Tasse Tee einschenken. Der Deckel kann auf Knopfdruck ge\u00f6ffnet werden. So l\u00e4sst sich der Wasserkocher einfach unter dem Wasserhahn f\u00fcllen.<\/p>\n","protected":false},"excerpt":{"rendered":"<p>Mit dem kompakten WMF KITCHENmini 413180012 2-in-1 Vario kannst du Wasser kochen und bei unterschiedlichen Wassertemperaturen Tee zubereiten. Du stellst die Temperatur ganz einfach zwischen 60\u00a0\u00b0C und 100\u00a0\u00b0C ein, um verschiedene Sorten Tee und Kaffee zuzubereiten. Mit dem Teefilter kannst du Tee direkt in der Kanne zubereiten. Wenn du die Warmhaltefunktion einschaltest, bleibt dein Tee 20\u00a0Minuten l\u00e4nger auf der richtigen Temperatur. Praktisch, denn dann kannst du dir sp\u00e4ter eine weitere hei\u00dfe Tasse Tee einschenken. Der Deckel kann auf Knopfdruck ge\u00f6ffnet werden. So l\u00e4sst sich der Wasserkocher einfach unter dem Wasserhahn f\u00fcllen.<\/p>\n","protected":false},"featured_media":0,"comment_status":"closed","ping_status":"open","template":"","meta":{"_acf_changed":false},"brand":[5738],"product_brand":[],"product_cat":[716],"product_tag":[717],"class_list":{"0":"post-85605","1":"product","2":"type-product","3":"status-publish","5":"brand-wmf","6":"product_cat-wasserkocher","7":"product_tag-waterkokers","8":"pa_condition-new","9":"pa_coolblue-de-verzending-morgen-gratis-geliefert","10":"pa_ean-7490","11":"pa_mpn-7491","13":"first","14":"instock","15":"product-type-external"},"acf":[],"_links":{"self":[{"href":"https:\/\/onlinehardwareshop.de\/index.php\/wp-json\/wp\/v2\/product\/85605","targetHints":{"allow":["GET"]}}],"collection":[{"href":"https:\/\/onlinehardwareshop.de\/index.php\/wp-json\/wp\/v2\/product"}],"about":[{"href":"https:\/\/onlinehardwareshop.de\/index.php\/wp-json\/wp\/v2\/types\/product"}],"replies":[{"embeddable":true,"href":"https:\/\/onlinehardwareshop.de\/index.php\/wp-json\/wp\/v2\/comments?post=85605"}],"wp:attachment":[{"href":"https:\/\/onlinehardwareshop.de\/index.php\/wp-json\/wp\/v2\/media?parent=85605"}],"wp:term":[{"taxonomy":"brand","embeddable":true,"href":"https:\/\/onlinehardwareshop.de\/index.php\/wp-json\/wp\/v2\/brand?post=85605"},{"taxonomy":"product_brand","embeddable":true,"href":"https:\/\/onlinehardwareshop.de\/index.php\/wp-json\/wp\/v2\/product_brand?post=85605"},{"taxonomy":"product_cat","embeddable":true,"href":"https:\/\/onlinehardwareshop.de\/index.php\/wp-json\/wp\/v2\/product_cat?post=85605"},{"taxonomy":"product_tag","embeddable":true,"href":"https:\/\/onlinehardwareshop.de\/index.php\/wp-json\/wp\/v2\/product_tag?post=85605"}],"curies":[{"name":"wp","href":"https:\/\/api.w.org\/{rel}","templated":true}]}}