{"id":85591,"date":"2024-07-04T07:19:45","date_gmt":"2024-07-04T07:19:45","guid":{"rendered":"https:\/\/onlinehardwareshop.de\/index.php\/produkt\/kenwood-chef-titanium-patissier-xl-kwl90-004si\/"},"modified":"2025-05-14T02:41:30","modified_gmt":"2025-05-14T02:41:30","slug":"kenwood-chef-titanium-patissier-xl-kwl90-004si","status":"publish","type":"product","link":"https:\/\/onlinehardwareshop.de\/index.php\/produkt\/kenwood-chef-titanium-patissier-xl-kwl90-004si\/","title":{"rendered":"Kenwood Chef Titanium Patissier XL KWL90.004SI"},"content":{"rendered":"<p>Schmilz Schokolade und lasse Teig gehen mit der Kenwood Chef Titanium Patissier XL KWL90.004SI. Dank der Aufw\u00e4rmfunktion machst du m\u00fchelos Schokoladenso\u00dfe f\u00fcr dein Eis, deine Pfannkuchen und deine Waffeln. Mit dem aufgegangenen Teig backst du beispielsweise Br\u00f6tchen oder Croissants. Die zus\u00e4tzliche R\u00fchrsch\u00fcssel sorgt daf\u00fcr, dass du mehrere Zubereitungen nacheinander machst. Daher w\u00e4schst du weniger ab. Mit einer hohen Leistung von 1.400 Watt knetest du m\u00fchelos jeden Tag schweren Teig. Die Maschine hat 13 Geschwindigkeiten inklusive Pulse- und Fold-Funktion sowie drei R\u00fchrgeschwindigkeiten. Auf dem Touchscreen stehen vorab eingestellte Funktionen. Mit dieser benutzerfreundlichen Navigation hast du das R\u00fchren und Mixen gut unter Kontrolle.<\/p>\n","protected":false},"excerpt":{"rendered":"<p>Schmilz Schokolade und lasse Teig gehen mit der Kenwood Chef Titanium Patissier XL KWL90.004SI. Dank der Aufw\u00e4rmfunktion machst du m\u00fchelos Schokoladenso\u00dfe f\u00fcr dein Eis, deine Pfannkuchen und deine Waffeln. Mit dem aufgegangenen Teig backst du beispielsweise Br\u00f6tchen oder Croissants. Die zus\u00e4tzliche R\u00fchrsch\u00fcssel sorgt daf\u00fcr, dass du mehrere Zubereitungen nacheinander machst. Daher w\u00e4schst du weniger ab. Mit einer hohen Leistung von 1.400 Watt knetest du m\u00fchelos jeden Tag schweren Teig. Die Maschine hat 13 Geschwindigkeiten inklusive Pulse- und Fold-Funktion sowie drei R\u00fchrgeschwindigkeiten. Auf dem Touchscreen stehen vorab eingestellte Funktionen. Mit dieser benutzerfreundlichen Navigation hast du das R\u00fchren und Mixen gut unter Kontrolle.<\/p>\n","protected":false},"featured_media":0,"comment_status":"closed","ping_status":"open","template":"","meta":{"_acf_changed":false},"brand":[234],"product_brand":[],"product_cat":[2306],"product_tag":[2307],"class_list":{"0":"post-85591","1":"product","2":"type-product","3":"status-publish","5":"brand-kenwood","6":"product_cat-kchenmaschinen","7":"product_tag-keukenmixers","8":"pa_condition-new","9":"pa_coolblue-de-verzending-morgen-gratis-geliefert","10":"pa_ean-6405","11":"pa_mpn-0w20011359","13":"first","14":"instock","15":"product-type-external"},"acf":[],"_links":{"self":[{"href":"https:\/\/onlinehardwareshop.de\/index.php\/wp-json\/wp\/v2\/product\/85591","targetHints":{"allow":["GET"]}}],"collection":[{"href":"https:\/\/onlinehardwareshop.de\/index.php\/wp-json\/wp\/v2\/product"}],"about":[{"href":"https:\/\/onlinehardwareshop.de\/index.php\/wp-json\/wp\/v2\/types\/product"}],"replies":[{"embeddable":true,"href":"https:\/\/onlinehardwareshop.de\/index.php\/wp-json\/wp\/v2\/comments?post=85591"}],"wp:attachment":[{"href":"https:\/\/onlinehardwareshop.de\/index.php\/wp-json\/wp\/v2\/media?parent=85591"}],"wp:term":[{"taxonomy":"brand","embeddable":true,"href":"https:\/\/onlinehardwareshop.de\/index.php\/wp-json\/wp\/v2\/brand?post=85591"},{"taxonomy":"product_brand","embeddable":true,"href":"https:\/\/onlinehardwareshop.de\/index.php\/wp-json\/wp\/v2\/product_brand?post=85591"},{"taxonomy":"product_cat","embeddable":true,"href":"https:\/\/onlinehardwareshop.de\/index.php\/wp-json\/wp\/v2\/product_cat?post=85591"},{"taxonomy":"product_tag","embeddable":true,"href":"https:\/\/onlinehardwareshop.de\/index.php\/wp-json\/wp\/v2\/product_tag?post=85591"}],"curies":[{"name":"wp","href":"https:\/\/api.w.org\/{rel}","templated":true}]}}