{"id":85576,"date":"2024-02-26T14:09:54","date_gmt":"2024-02-26T14:09:54","guid":{"rendered":"https:\/\/onlinehardwareshop.de\/index.php\/produkt\/rode-videomic-ntg\/"},"modified":"2025-05-14T02:02:58","modified_gmt":"2025-05-14T02:02:58","slug":"rode-videomic-ntg","status":"publish","type":"product","link":"https:\/\/onlinehardwareshop.de\/index.php\/produkt\/rode-videomic-ntg\/","title":{"rendered":"Rode Videomic NTG"},"content":{"rendered":"<p>Das Rode Videomic NTG ist ein vielseitiges Richtrohrmikrofon f\u00fcr deine Spiegelreflexkamera, deinen Camcorder oder dein Smartphone. Dank des akustischen Designs kannst du fl\u00fcssige und klare Tonaufnahmen machen. Du stellst den Ausgang, den Mikrofonpegel und den Line-Pegel mit dem Gain-Regler ein. Das verst\u00e4rkt das Mikrofonsignal f\u00fcr eine optimale Kompatibilit\u00e4t. Das Mikrofon ist mit einem zweistufigen Hochpassfilter ausgestattet, der st\u00f6rende T\u00f6ne herausfiltert. Au\u00dferdem wechselt der 3,5-mm-Ausgang automatisch zwischen TRS und TRRS, sodass du kein Adapterkabel ben\u00f6tigst. Du kannst das Mikrofon problemlos \u00fcber den USB-Ausgang mit deinem Computer oder Smartphone verwenden. Mit einem geladenen Akku kannst du ungef\u00e4hr 30 Stunden Ton aufnehmen. Du erh\u00e4ltst au\u00dferdem einen Windschutz und eine Sto\u00dfd\u00e4mpferhalterung f\u00fcr professionelle Klangqualit\u00e4t.<\/p>\n","protected":false},"excerpt":{"rendered":"<p>Das Rode Videomic NTG ist ein vielseitiges Richtrohrmikrofon f\u00fcr deine Spiegelreflexkamera, deinen Camcorder oder dein Smartphone. Dank des akustischen Designs kannst du fl\u00fcssige und klare Tonaufnahmen machen. Du stellst den Ausgang, den Mikrofonpegel und den Line-Pegel mit dem Gain-Regler ein. Das verst\u00e4rkt das Mikrofonsignal f\u00fcr eine optimale Kompatibilit\u00e4t. Das Mikrofon ist mit einem zweistufigen Hochpassfilter ausgestattet, der st\u00f6rende T\u00f6ne herausfiltert. Au\u00dferdem wechselt der 3,5-mm-Ausgang automatisch zwischen TRS und TRRS, sodass du kein Adapterkabel ben\u00f6tigst. Du kannst das Mikrofon problemlos \u00fcber den USB-Ausgang mit deinem Computer oder Smartphone verwenden. Mit einem geladenen Akku kannst du ungef\u00e4hr 30 Stunden Ton aufnehmen. Du erh\u00e4ltst au\u00dferdem einen Windschutz und eine Sto\u00dfd\u00e4mpferhalterung f\u00fcr professionelle Klangqualit\u00e4t.<\/p>\n","protected":false},"featured_media":0,"comment_status":"closed","ping_status":"open","template":"","meta":{"_acf_changed":false},"brand":[1569],"product_brand":[],"product_cat":[1570],"product_tag":[1571],"class_list":{"0":"post-85576","1":"product","2":"type-product","3":"status-publish","5":"brand-rode-microphones","6":"product_cat-kameramikrofone","7":"product_tag-cameramicrofoons","8":"pa_condition-new","9":"pa_coolblue-de-verzending-morgen-gratis-geliefert","10":"pa_ean-29588","11":"pa_mpn-rd109873","13":"first","14":"instock","15":"product-type-external"},"acf":[],"_links":{"self":[{"href":"https:\/\/onlinehardwareshop.de\/index.php\/wp-json\/wp\/v2\/product\/85576","targetHints":{"allow":["GET"]}}],"collection":[{"href":"https:\/\/onlinehardwareshop.de\/index.php\/wp-json\/wp\/v2\/product"}],"about":[{"href":"https:\/\/onlinehardwareshop.de\/index.php\/wp-json\/wp\/v2\/types\/product"}],"replies":[{"embeddable":true,"href":"https:\/\/onlinehardwareshop.de\/index.php\/wp-json\/wp\/v2\/comments?post=85576"}],"wp:attachment":[{"href":"https:\/\/onlinehardwareshop.de\/index.php\/wp-json\/wp\/v2\/media?parent=85576"}],"wp:term":[{"taxonomy":"brand","embeddable":true,"href":"https:\/\/onlinehardwareshop.de\/index.php\/wp-json\/wp\/v2\/brand?post=85576"},{"taxonomy":"product_brand","embeddable":true,"href":"https:\/\/onlinehardwareshop.de\/index.php\/wp-json\/wp\/v2\/product_brand?post=85576"},{"taxonomy":"product_cat","embeddable":true,"href":"https:\/\/onlinehardwareshop.de\/index.php\/wp-json\/wp\/v2\/product_cat?post=85576"},{"taxonomy":"product_tag","embeddable":true,"href":"https:\/\/onlinehardwareshop.de\/index.php\/wp-json\/wp\/v2\/product_tag?post=85576"}],"curies":[{"name":"wp","href":"https:\/\/api.w.org\/{rel}","templated":true}]}}