{"id":85561,"date":"2025-03-14T21:43:15","date_gmt":"2025-03-14T21:43:15","guid":{"rendered":"https:\/\/onlinehardwareshop.de\/index.php\/produkt\/kenwood-multipro-compact-fdm301ss\/"},"modified":"2025-05-14T00:39:45","modified_gmt":"2025-05-14T00:39:45","slug":"kenwood-multipro-compact-fdm301ss","status":"publish","type":"product","link":"https:\/\/onlinehardwareshop.de\/index.php\/produkt\/kenwood-multipro-compact-fdm301ss\/","title":{"rendered":"Kenwood Multipro Compact FDM301SS"},"content":{"rendered":"<p>Chefkoch in spe mit kleiner K\u00fcche, aufgepasst: Mit diesem vielseitigen und kompakten Kenwood Multipro Compact FDM301SS Food-Processor brauchst du nicht viel Platz. Verwende den Zitruspressenaufsatz, um mit einem Glas frisch gepressten Orangensaft in den Tag zu starten. Lieber einen gr\u00fcnen Smoothie? Verwende dann den Standmixeraufsatz f\u00fcr 1,2 Liter. In der 2,1-Liter-R\u00fchrsch\u00fcssel knetest du Tortenb\u00f6den, mixt Kuchenteig oder schl\u00e4gst Eiwei\u00df steif f\u00fcr Baiser. Wenn du Gem\u00fcse hacken oder Fr\u00fcchte in d\u00fcnne Scheiben schneiden willst, ist dieser Allesk\u00f6nner ebenfalls mehr als geeignet. Und wenn du Karotten reiben willst, dann drehst du die Schneidescheibe einfach um. Mit 800 Watt Leistung ist dein Kochprojekt im Handumdrehen fertig. Wenn du fertig bist, gibst du alle Einzelteile einfach in die Sp\u00fclmaschine.<\/p>\n","protected":false},"excerpt":{"rendered":"<p>Chefkoch in spe mit kleiner K\u00fcche, aufgepasst: Mit diesem vielseitigen und kompakten Kenwood Multipro Compact FDM301SS Food-Processor brauchst du nicht viel Platz. Verwende den Zitruspressenaufsatz, um mit einem Glas frisch gepressten Orangensaft in den Tag zu starten. Lieber einen gr\u00fcnen Smoothie? Verwende dann den Standmixeraufsatz f\u00fcr 1,2 Liter. In der 2,1-Liter-R\u00fchrsch\u00fcssel knetest du Tortenb\u00f6den, mixt Kuchenteig oder schl\u00e4gst Eiwei\u00df steif f\u00fcr Baiser. Wenn du Gem\u00fcse hacken oder Fr\u00fcchte in d\u00fcnne Scheiben schneiden willst, ist dieser Allesk\u00f6nner ebenfalls mehr als geeignet. Und wenn du Karotten reiben willst, dann drehst du die Schneidescheibe einfach um. Mit 800 Watt Leistung ist dein Kochprojekt im Handumdrehen fertig. Wenn du fertig bist, gibst du alle Einzelteile einfach in die Sp\u00fclmaschine.<\/p>\n","protected":false},"featured_media":0,"comment_status":"closed","ping_status":"open","template":"","meta":{"_acf_changed":false},"brand":[234],"product_brand":[],"product_cat":[209],"product_tag":[210],"class_list":{"0":"post-85561","1":"product","2":"type-product","3":"status-publish","5":"brand-kenwood","6":"product_cat-food-processors","7":"product_tag-foodprocessors-zonder-kookfunctie","8":"pa_condition-new","9":"pa_coolblue-de-verzending-morgen-gratis-geliefert","10":"pa_ean-3327","11":"pa_mpn-0w22011035","13":"first","14":"instock","15":"product-type-external"},"acf":[],"_links":{"self":[{"href":"https:\/\/onlinehardwareshop.de\/index.php\/wp-json\/wp\/v2\/product\/85561","targetHints":{"allow":["GET"]}}],"collection":[{"href":"https:\/\/onlinehardwareshop.de\/index.php\/wp-json\/wp\/v2\/product"}],"about":[{"href":"https:\/\/onlinehardwareshop.de\/index.php\/wp-json\/wp\/v2\/types\/product"}],"replies":[{"embeddable":true,"href":"https:\/\/onlinehardwareshop.de\/index.php\/wp-json\/wp\/v2\/comments?post=85561"}],"wp:attachment":[{"href":"https:\/\/onlinehardwareshop.de\/index.php\/wp-json\/wp\/v2\/media?parent=85561"}],"wp:term":[{"taxonomy":"brand","embeddable":true,"href":"https:\/\/onlinehardwareshop.de\/index.php\/wp-json\/wp\/v2\/brand?post=85561"},{"taxonomy":"product_brand","embeddable":true,"href":"https:\/\/onlinehardwareshop.de\/index.php\/wp-json\/wp\/v2\/product_brand?post=85561"},{"taxonomy":"product_cat","embeddable":true,"href":"https:\/\/onlinehardwareshop.de\/index.php\/wp-json\/wp\/v2\/product_cat?post=85561"},{"taxonomy":"product_tag","embeddable":true,"href":"https:\/\/onlinehardwareshop.de\/index.php\/wp-json\/wp\/v2\/product_tag?post=85561"}],"curies":[{"name":"wp","href":"https:\/\/api.w.org\/{rel}","templated":true}]}}