{"id":85552,"date":"2024-05-18T08:14:10","date_gmt":"2024-05-18T08:14:10","guid":{"rendered":"https:\/\/onlinehardwareshop.de\/index.php\/produkt\/alecto-ws-5500\/"},"modified":"2025-05-14T00:26:16","modified_gmt":"2025-05-14T00:26:16","slug":"alecto-ws-5500","status":"publish","type":"product","link":"https:\/\/onlinehardwareshop.de\/index.php\/produkt\/alecto-ws-5500\/","title":{"rendered":"Alecto WS-5500"},"content":{"rendered":"<p>Mit dem Alecto WS-5500 kannst du \u00fcber die Weather Underground App deine Wetterwahrnehmung registrieren, teilen, anschauen und vergleichen. Mit dieser Wetterstation bekommst du schnell einen \u00dcberblick \u00fcber dein Lebensumfeld. Sie ist ausgestattet mit Sensoren zum Erfassen von UV- und Sonnenstrahlung, Luftfeuchtigkeit, Windgeschwindigkeit und -richtung, Luftdruck, Innen- und Au\u00dfentemperatur, Niederschlag und Frostwarnungen. Das alles liest du auf dem farbigen Display oder \u00fcber die praktische iOS- oder Android-App in Form von einfachen Symbolen ab. Die WS-5500 l\u00e4sst sich einfach installieren und verf\u00fcgt dank der eingebauten Solarzelle \u00fcber eine eigene Stromversorgung.<\/p>\n","protected":false},"excerpt":{"rendered":"<p>Mit dem Alecto WS-5500 kannst du \u00fcber die Weather Underground App deine Wetterwahrnehmung registrieren, teilen, anschauen und vergleichen. Mit dieser Wetterstation bekommst du schnell einen \u00dcberblick \u00fcber dein Lebensumfeld. Sie ist ausgestattet mit Sensoren zum Erfassen von UV- und Sonnenstrahlung, Luftfeuchtigkeit, Windgeschwindigkeit und -richtung, Luftdruck, Innen- und Au\u00dfentemperatur, Niederschlag und Frostwarnungen. Das alles liest du auf dem farbigen Display oder \u00fcber die praktische iOS- oder Android-App in Form von einfachen Symbolen ab. Die WS-5500 l\u00e4sst sich einfach installieren und verf\u00fcgt dank der eingebauten Solarzelle \u00fcber eine eigene Stromversorgung.<\/p>\n","protected":false},"featured_media":0,"comment_status":"closed","ping_status":"open","template":"","meta":{"_acf_changed":false},"brand":[1926],"product_brand":[],"product_cat":[846],"product_tag":[847],"class_list":{"0":"post-85552","1":"product","2":"type-product","3":"status-publish","5":"brand-alecto","6":"product_cat-wetterstationen","7":"product_tag-weerstations","8":"pa_condition-new","9":"pa_coolblue-de-verzending-morgen-gratis-geliefert","10":"pa_ean-2899","11":"pa_mpn-ws-5500","13":"first","14":"instock","15":"product-type-external"},"acf":[],"_links":{"self":[{"href":"https:\/\/onlinehardwareshop.de\/index.php\/wp-json\/wp\/v2\/product\/85552","targetHints":{"allow":["GET"]}}],"collection":[{"href":"https:\/\/onlinehardwareshop.de\/index.php\/wp-json\/wp\/v2\/product"}],"about":[{"href":"https:\/\/onlinehardwareshop.de\/index.php\/wp-json\/wp\/v2\/types\/product"}],"replies":[{"embeddable":true,"href":"https:\/\/onlinehardwareshop.de\/index.php\/wp-json\/wp\/v2\/comments?post=85552"}],"wp:attachment":[{"href":"https:\/\/onlinehardwareshop.de\/index.php\/wp-json\/wp\/v2\/media?parent=85552"}],"wp:term":[{"taxonomy":"brand","embeddable":true,"href":"https:\/\/onlinehardwareshop.de\/index.php\/wp-json\/wp\/v2\/brand?post=85552"},{"taxonomy":"product_brand","embeddable":true,"href":"https:\/\/onlinehardwareshop.de\/index.php\/wp-json\/wp\/v2\/product_brand?post=85552"},{"taxonomy":"product_cat","embeddable":true,"href":"https:\/\/onlinehardwareshop.de\/index.php\/wp-json\/wp\/v2\/product_cat?post=85552"},{"taxonomy":"product_tag","embeddable":true,"href":"https:\/\/onlinehardwareshop.de\/index.php\/wp-json\/wp\/v2\/product_tag?post=85552"}],"curies":[{"name":"wp","href":"https:\/\/api.w.org\/{rel}","templated":true}]}}