{"id":85551,"date":"2024-04-11T04:47:07","date_gmt":"2024-04-11T04:47:07","guid":{"rendered":"https:\/\/onlinehardwareshop.de\/index.php\/produkt\/tefal-grill-panini-grill-gc241d12\/"},"modified":"2025-05-14T00:23:45","modified_gmt":"2025-05-14T00:23:45","slug":"tefal-grill-panini-grill-gc241d12","status":"publish","type":"product","link":"https:\/\/onlinehardwareshop.de\/index.php\/produkt\/tefal-grill-panini-grill-gc241d12\/","title":{"rendered":"Tefal Grill Panini Grill GC241D12"},"content":{"rendered":"<p>Verwende den Tefal Grill Panini Grill GC241D12, um Zuhause Panini zu grillen. Der Kontaktgrill verf\u00fcgt \u00fcber geriffelte Platten mit Antihaftbeschichtung, damit deine Panini nicht anbrennen. Durch den Deckel mit der Verriegelung werden deine Panini sch\u00f6n flach. \u00dcbersch\u00fcssiges Fett und Feuchtigkeit landen im Auffangbeh\u00e4lter, damit deine Arbeitsplatte nicht schmutzig wird und der Kontaktgrill auch etwas sauberer bleibt. Wenn du deine selbstgemachten Panini aufgegessen hast, kannst du die Backplatten einfach reinigen und den herausnehmbaren Auffangbeh\u00e4lter in die Sp\u00fclmaschine stellen. Du kannst den Kontaktgrill horizontal und vertikal aufbewahren, wodurch er wenig Platz in Anspruch nimmt.<\/p>\n","protected":false},"excerpt":{"rendered":"<p>Verwende den Tefal Grill Panini Grill GC241D12, um Zuhause Panini zu grillen. Der Kontaktgrill verf\u00fcgt \u00fcber geriffelte Platten mit Antihaftbeschichtung, damit deine Panini nicht anbrennen. Durch den Deckel mit der Verriegelung werden deine Panini sch\u00f6n flach. \u00dcbersch\u00fcssiges Fett und Feuchtigkeit landen im Auffangbeh\u00e4lter, damit deine Arbeitsplatte nicht schmutzig wird und der Kontaktgrill auch etwas sauberer bleibt. Wenn du deine selbstgemachten Panini aufgegessen hast, kannst du die Backplatten einfach reinigen und den herausnehmbaren Auffangbeh\u00e4lter in die Sp\u00fclmaschine stellen. Du kannst den Kontaktgrill horizontal und vertikal aufbewahren, wodurch er wenig Platz in Anspruch nimmt.<\/p>\n","protected":false},"featured_media":0,"comment_status":"closed","ping_status":"open","template":"","meta":{"_acf_changed":false},"brand":[506],"product_brand":[],"product_cat":[300],"product_tag":[301],"class_list":{"0":"post-85551","1":"product","2":"type-product","3":"status-publish","5":"brand-tefal","6":"product_cat-kontaktgrills","7":"product_tag-contactgrills","8":"pa_condition-new","9":"pa_coolblue-de-verzending-morgen-gratis-geliefert","10":"pa_ean-2826","11":"pa_mpn-gc241d12","13":"first","14":"instock","15":"product-type-external"},"acf":[],"_links":{"self":[{"href":"https:\/\/onlinehardwareshop.de\/index.php\/wp-json\/wp\/v2\/product\/85551","targetHints":{"allow":["GET"]}}],"collection":[{"href":"https:\/\/onlinehardwareshop.de\/index.php\/wp-json\/wp\/v2\/product"}],"about":[{"href":"https:\/\/onlinehardwareshop.de\/index.php\/wp-json\/wp\/v2\/types\/product"}],"replies":[{"embeddable":true,"href":"https:\/\/onlinehardwareshop.de\/index.php\/wp-json\/wp\/v2\/comments?post=85551"}],"wp:attachment":[{"href":"https:\/\/onlinehardwareshop.de\/index.php\/wp-json\/wp\/v2\/media?parent=85551"}],"wp:term":[{"taxonomy":"brand","embeddable":true,"href":"https:\/\/onlinehardwareshop.de\/index.php\/wp-json\/wp\/v2\/brand?post=85551"},{"taxonomy":"product_brand","embeddable":true,"href":"https:\/\/onlinehardwareshop.de\/index.php\/wp-json\/wp\/v2\/product_brand?post=85551"},{"taxonomy":"product_cat","embeddable":true,"href":"https:\/\/onlinehardwareshop.de\/index.php\/wp-json\/wp\/v2\/product_cat?post=85551"},{"taxonomy":"product_tag","embeddable":true,"href":"https:\/\/onlinehardwareshop.de\/index.php\/wp-json\/wp\/v2\/product_tag?post=85551"}],"curies":[{"name":"wp","href":"https:\/\/api.w.org\/{rel}","templated":true}]}}