{"id":85545,"date":"2024-06-05T03:53:20","date_gmt":"2024-06-05T03:53:20","guid":{"rendered":"https:\/\/onlinehardwareshop.de\/index.php\/produkt\/sennheiser-hd-599\/"},"modified":"2025-05-14T00:06:15","modified_gmt":"2025-05-14T00:06:15","slug":"sennheiser-hd-599","status":"publish","type":"product","link":"https:\/\/onlinehardwareshop.de\/index.php\/produkt\/sennheiser-hd-599\/","title":{"rendered":"Sennheiser HD 599"},"content":{"rendered":"<p>Der Sennheiser HD 599 ist ein Kopfh\u00f6rer mit offenem Resonanzk\u00f6rper. Dieser Resonanzk\u00f6rper bietet eine nat\u00fcrliche, r\u00e4umliche Wiedergabe der Musik. Umgebungsger\u00e4usche sind h\u00f6rbar und der Kopfh\u00f6rer l\u00e4sst Musik nach au\u00dfen dringen. Dadurch ist der HD 599 besonders f\u00fcr den Heimgebrauch geeignet. Die gro\u00dfen Ohrmuscheln umschlie\u00dfen deine Ohren vollst\u00e4ndig, sodass du den Kopfh\u00f6rer lange tragen kannst. Dank des Frequenzbereichs von 12 bis 38.500 Hertz klingen sowohl hohe als auch niedrige T\u00f6ne detailliert. Im Lieferumfang sind zwei Kabel enthalten, eines mit einem 3,5-Millimeter-Stecker und das andere mit einem 6,3-Millimeter-Stecker.<\/p>\n","protected":false},"excerpt":{"rendered":"<p>Der Sennheiser HD 599 ist ein Kopfh\u00f6rer mit offenem Resonanzk\u00f6rper. Dieser Resonanzk\u00f6rper bietet eine nat\u00fcrliche, r\u00e4umliche Wiedergabe der Musik. Umgebungsger\u00e4usche sind h\u00f6rbar und der Kopfh\u00f6rer l\u00e4sst Musik nach au\u00dfen dringen. Dadurch ist der HD 599 besonders f\u00fcr den Heimgebrauch geeignet. Die gro\u00dfen Ohrmuscheln umschlie\u00dfen deine Ohren vollst\u00e4ndig, sodass du den Kopfh\u00f6rer lange tragen kannst. Dank des Frequenzbereichs von 12 bis 38.500 Hertz klingen sowohl hohe als auch niedrige T\u00f6ne detailliert. Im Lieferumfang sind zwei Kabel enthalten, eines mit einem 3,5-Millimeter-Stecker und das andere mit einem 6,3-Millimeter-Stecker.<\/p>\n","protected":false},"featured_media":0,"comment_status":"closed","ping_status":"open","template":"","meta":{"_acf_changed":false},"brand":[1474],"product_brand":[],"product_cat":[1182],"product_tag":[1183],"class_list":{"0":"post-85545","1":"product","2":"type-product","3":"status-publish","5":"brand-sennheiser","6":"product_cat-kopfhrer","7":"product_tag-hoofdtelefoons-zonder-noisecancelling","8":"pa_condition-new","9":"pa_coolblue-de-verzending-morgen-gratis-geliefert","10":"pa_ean-2338","11":"pa_mpn-2339","13":"first","14":"instock","15":"product-type-external"},"acf":[],"_links":{"self":[{"href":"https:\/\/onlinehardwareshop.de\/index.php\/wp-json\/wp\/v2\/product\/85545","targetHints":{"allow":["GET"]}}],"collection":[{"href":"https:\/\/onlinehardwareshop.de\/index.php\/wp-json\/wp\/v2\/product"}],"about":[{"href":"https:\/\/onlinehardwareshop.de\/index.php\/wp-json\/wp\/v2\/types\/product"}],"replies":[{"embeddable":true,"href":"https:\/\/onlinehardwareshop.de\/index.php\/wp-json\/wp\/v2\/comments?post=85545"}],"wp:attachment":[{"href":"https:\/\/onlinehardwareshop.de\/index.php\/wp-json\/wp\/v2\/media?parent=85545"}],"wp:term":[{"taxonomy":"brand","embeddable":true,"href":"https:\/\/onlinehardwareshop.de\/index.php\/wp-json\/wp\/v2\/brand?post=85545"},{"taxonomy":"product_brand","embeddable":true,"href":"https:\/\/onlinehardwareshop.de\/index.php\/wp-json\/wp\/v2\/product_brand?post=85545"},{"taxonomy":"product_cat","embeddable":true,"href":"https:\/\/onlinehardwareshop.de\/index.php\/wp-json\/wp\/v2\/product_cat?post=85545"},{"taxonomy":"product_tag","embeddable":true,"href":"https:\/\/onlinehardwareshop.de\/index.php\/wp-json\/wp\/v2\/product_tag?post=85545"}],"curies":[{"name":"wp","href":"https:\/\/api.w.org\/{rel}","templated":true}]}}