{"id":85532,"date":"2024-12-31T20:46:14","date_gmt":"2024-12-31T20:46:14","guid":{"rendered":"https:\/\/onlinehardwareshop.de\/index.php\/produkt\/logitech-z150-2-0-pc-lautsprecher\/"},"modified":"2025-05-16T14:52:06","modified_gmt":"2025-05-16T14:52:06","slug":"logitech-z150-2-0-pc-lautsprecher","status":"publish","type":"product","link":"https:\/\/onlinehardwareshop.de\/index.php\/produkt\/logitech-z150-2-0-pc-lautsprecher\/","title":{"rendered":"Logitech Z150 2.0 PC-Lautsprecher"},"content":{"rendered":"<p>Das Logitech Z150 ist ein 2.0-Lautsprechersystem, mit dem du sofort reinen Stereosound genie\u00dfen kannst. Die Lautsprecher haben eine Spitzenleistung von 6 Watt. Dank des 3,5-mm-Mini-Jack-Anschlusses lassen sich die Lautsprecher einfach an einen Laptop, PC oder eine Konsole anschlie\u00dfen. Das Logitech Z150 verf\u00fcgt \u00fcber einen Lautst\u00e4rkeregler auf der Vorderseite der Lautsprecher. So hast du die Kontrolle \u00fcber dein System auf Tastendruck. Dank der praktischen Kopfh\u00f6rerbuchse kannst du in aller Ruhe Musik h\u00f6ren.<\/p>\n","protected":false},"excerpt":{"rendered":"<p>Das Logitech Z150 ist ein 2.0-Lautsprechersystem, mit dem du sofort reinen Stereosound genie\u00dfen kannst. Die Lautsprecher haben eine Spitzenleistung von 6 Watt. Dank des 3,5-mm-Mini-Jack-Anschlusses lassen sich die Lautsprecher einfach an einen Laptop, PC oder eine Konsole anschlie\u00dfen. Das Logitech Z150 verf\u00fcgt \u00fcber einen Lautst\u00e4rkeregler auf der Vorderseite der Lautsprecher. So hast du die Kontrolle \u00fcber dein System auf Tastendruck. Dank der praktischen Kopfh\u00f6rerbuchse kannst du in aller Ruhe Musik h\u00f6ren.<\/p>\n","protected":false},"featured_media":0,"comment_status":"closed","ping_status":"open","template":"","meta":{"_acf_changed":false},"brand":[32],"product_brand":[],"product_cat":[47],"product_tag":[48],"class_list":{"0":"post-85532","1":"product","2":"type-product","3":"status-publish","5":"brand-logitech","6":"product_cat-pc-lautsprecher","7":"product_tag-pc-speakers","8":"pa_condition-new","9":"pa_coolblue-de-verzending-morgen-gratis-geliefert","10":"pa_ean-1001","11":"pa_mpn-980-000814","13":"first","14":"instock","15":"product-type-external"},"acf":[],"_links":{"self":[{"href":"https:\/\/onlinehardwareshop.de\/index.php\/wp-json\/wp\/v2\/product\/85532","targetHints":{"allow":["GET"]}}],"collection":[{"href":"https:\/\/onlinehardwareshop.de\/index.php\/wp-json\/wp\/v2\/product"}],"about":[{"href":"https:\/\/onlinehardwareshop.de\/index.php\/wp-json\/wp\/v2\/types\/product"}],"replies":[{"embeddable":true,"href":"https:\/\/onlinehardwareshop.de\/index.php\/wp-json\/wp\/v2\/comments?post=85532"}],"wp:attachment":[{"href":"https:\/\/onlinehardwareshop.de\/index.php\/wp-json\/wp\/v2\/media?parent=85532"}],"wp:term":[{"taxonomy":"brand","embeddable":true,"href":"https:\/\/onlinehardwareshop.de\/index.php\/wp-json\/wp\/v2\/brand?post=85532"},{"taxonomy":"product_brand","embeddable":true,"href":"https:\/\/onlinehardwareshop.de\/index.php\/wp-json\/wp\/v2\/product_brand?post=85532"},{"taxonomy":"product_cat","embeddable":true,"href":"https:\/\/onlinehardwareshop.de\/index.php\/wp-json\/wp\/v2\/product_cat?post=85532"},{"taxonomy":"product_tag","embeddable":true,"href":"https:\/\/onlinehardwareshop.de\/index.php\/wp-json\/wp\/v2\/product_tag?post=85532"}],"curies":[{"name":"wp","href":"https:\/\/api.w.org\/{rel}","templated":true}]}}