{"id":85528,"date":"2024-03-02T15:43:52","date_gmt":"2024-03-02T15:43:52","guid":{"rendered":"https:\/\/onlinehardwareshop.de\/index.php\/produkt\/bosch-pbh-2100-re-6-teiliges-sds-plus-bohrerset\/"},"modified":"2025-05-16T03:21:58","modified_gmt":"2025-05-16T03:21:58","slug":"bosch-pbh-2100-re-6-teiliges-sds-plus-bohrerset","status":"publish","type":"product","link":"https:\/\/onlinehardwareshop.de\/index.php\/produkt\/bosch-pbh-2100-re-6-teiliges-sds-plus-bohrerset\/","title":{"rendered":"Bosch PBH 2100 RE + 6-teiliges SDS-Plus Bohrerset"},"content":{"rendered":"<p>Zu dieser Ausf\u00fchrung des Bosch PBH 2100 RE bekommst du ein 6-teiliges SDS-Plus-Bohrerset dazu. So hast du alles da, was du brauchst, um mit deinem Projekt loszulegen. Du h\u00e4ngst damit zum Beispiel m\u00fchelos ein gro\u00dfes Gem\u00e4lde oder ein schweres Regal an einer Betonwand auf. Dieser Bohrhammer hat eine maximale Bohrleistung von 20\u00a0mm in Stein, Holz und Beton, sodass du ihn f\u00fcr unterschiedliche Arbeiten einsetzt. Dank des geringen Gewichts von nur 2,2\u00a0kg arbeitest du au\u00dferdem lange Zeit am St\u00fcck, ohne dass deine Arme erm\u00fcden. Dabei ist der PBH 2100 RE durch seinen weichen Griff und das ergonomische Design auch f\u00fcr unerfahrene Heimwerker sehr handlich. Die Maschine und ihr Zubeh\u00f6r bewahrst du im mitgelieferten Aufbewahrungskoffer auf.<\/p>\n","protected":false},"excerpt":{"rendered":"<p>Zu dieser Ausf\u00fchrung des Bosch PBH 2100 RE bekommst du ein 6-teiliges SDS-Plus-Bohrerset dazu. So hast du alles da, was du brauchst, um mit deinem Projekt loszulegen. Du h\u00e4ngst damit zum Beispiel m\u00fchelos ein gro\u00dfes Gem\u00e4lde oder ein schweres Regal an einer Betonwand auf. Dieser Bohrhammer hat eine maximale Bohrleistung von 20\u00a0mm in Stein, Holz und Beton, sodass du ihn f\u00fcr unterschiedliche Arbeiten einsetzt. Dank des geringen Gewichts von nur 2,2\u00a0kg arbeitest du au\u00dferdem lange Zeit am St\u00fcck, ohne dass deine Arme erm\u00fcden. Dabei ist der PBH 2100 RE durch seinen weichen Griff und das ergonomische Design auch f\u00fcr unerfahrene Heimwerker sehr handlich. Die Maschine und ihr Zubeh\u00f6r bewahrst du im mitgelieferten Aufbewahrungskoffer auf.<\/p>\n","protected":false},"featured_media":0,"comment_status":"closed","ping_status":"open","template":"","meta":{"_acf_changed":false},"brand":[250],"product_brand":[],"product_cat":[261],"product_tag":[262],"class_list":{"0":"post-85528","1":"product","2":"type-product","3":"status-publish","5":"brand-bosch","6":"product_cat-bohrmaschinen","7":"product_tag-boorhamers","8":"pa_condition-new","9":"pa_coolblue-de-verzending-morgen-gratis-geliefert","10":"pa_ean-811","11":"pa_mpn-0-603-3a9-303","13":"first","14":"instock","15":"product-type-external"},"acf":[],"_links":{"self":[{"href":"https:\/\/onlinehardwareshop.de\/index.php\/wp-json\/wp\/v2\/product\/85528","targetHints":{"allow":["GET"]}}],"collection":[{"href":"https:\/\/onlinehardwareshop.de\/index.php\/wp-json\/wp\/v2\/product"}],"about":[{"href":"https:\/\/onlinehardwareshop.de\/index.php\/wp-json\/wp\/v2\/types\/product"}],"replies":[{"embeddable":true,"href":"https:\/\/onlinehardwareshop.de\/index.php\/wp-json\/wp\/v2\/comments?post=85528"}],"wp:attachment":[{"href":"https:\/\/onlinehardwareshop.de\/index.php\/wp-json\/wp\/v2\/media?parent=85528"}],"wp:term":[{"taxonomy":"brand","embeddable":true,"href":"https:\/\/onlinehardwareshop.de\/index.php\/wp-json\/wp\/v2\/brand?post=85528"},{"taxonomy":"product_brand","embeddable":true,"href":"https:\/\/onlinehardwareshop.de\/index.php\/wp-json\/wp\/v2\/product_brand?post=85528"},{"taxonomy":"product_cat","embeddable":true,"href":"https:\/\/onlinehardwareshop.de\/index.php\/wp-json\/wp\/v2\/product_cat?post=85528"},{"taxonomy":"product_tag","embeddable":true,"href":"https:\/\/onlinehardwareshop.de\/index.php\/wp-json\/wp\/v2\/product_tag?post=85528"}],"curies":[{"name":"wp","href":"https:\/\/api.w.org\/{rel}","templated":true}]}}