{"id":85527,"date":"2024-08-01T11:38:08","date_gmt":"2024-08-01T11:38:08","guid":{"rendered":"https:\/\/onlinehardwareshop.de\/index.php\/produkt\/playseat-evolution-actifit\/"},"modified":"2025-05-15T14:30:38","modified_gmt":"2025-05-15T14:30:38","slug":"playseat-evolution-actifit","status":"publish","type":"product","link":"https:\/\/onlinehardwareshop.de\/index.php\/produkt\/playseat-evolution-actifit\/","title":{"rendered":"Playseat Evolution ActiFit"},"content":{"rendered":"<p>Mache es dir im Playseat Evolution ActiFit Schwarz bequem und \u00fcberquere die Ziellinie in deinen Rennen mit Stil. Die R\u00fcckenlehne dieses Rennsitzes l\u00e4sst sich einklappen, sodass der Stuhl weniger Platz einnimmt, wenn du ihn gerade nicht brauchst. Au\u00dferdem l\u00e4sst sie sich ganz nach deinen W\u00fcnschen einstellen, wodurch du w\u00e4hrend des Rennens eine ergonomische Haltung einnimmst. Stelle auch die H\u00f6he und Tiefe des Lenkrads ein und genie\u00dfe dein Racing mit Komfort. Auch die Pedale lassen sich einfach in der Tiefe verstellen, sodass du immer gut Gas gibst. Dieser Stuhl eignet sich f\u00fcr Gamer mit einer maximalen K\u00f6rpergr\u00f6\u00dfe von 220 Zentimetern und einem maximalen K\u00f6rpergewicht von 120 Kilogramm. Das neu verarbeitete ActiFit Material ist langlebig und atmungsaktiv. Dadurch bietet es dir w\u00e4hrend eines langen und spannenden Rennens mehr Komfort.<\/p>\n","protected":false},"excerpt":{"rendered":"<p>Mache es dir im Playseat Evolution ActiFit Schwarz bequem und \u00fcberquere die Ziellinie in deinen Rennen mit Stil. Die R\u00fcckenlehne dieses Rennsitzes l\u00e4sst sich einklappen, sodass der Stuhl weniger Platz einnimmt, wenn du ihn gerade nicht brauchst. Au\u00dferdem l\u00e4sst sie sich ganz nach deinen W\u00fcnschen einstellen, wodurch du w\u00e4hrend des Rennens eine ergonomische Haltung einnimmst. Stelle auch die H\u00f6he und Tiefe des Lenkrads ein und genie\u00dfe dein Racing mit Komfort. Auch die Pedale lassen sich einfach in der Tiefe verstellen, sodass du immer gut Gas gibst. Dieser Stuhl eignet sich f\u00fcr Gamer mit einer maximalen K\u00f6rpergr\u00f6\u00dfe von 220 Zentimetern und einem maximalen K\u00f6rpergewicht von 120 Kilogramm. Das neu verarbeitete ActiFit Material ist langlebig und atmungsaktiv. Dadurch bietet es dir w\u00e4hrend eines langen und spannenden Rennens mehr Komfort.<\/p>\n","protected":false},"featured_media":0,"comment_status":"closed","ping_status":"open","template":"","meta":{"_acf_changed":false},"brand":[362],"product_brand":[],"product_cat":[363],"product_tag":[364],"class_list":{"0":"post-85527","1":"product","2":"type-product","3":"status-publish","5":"brand-playseat","6":"product_cat-gaming-sthle","7":"product_tag-race-stoelen","8":"pa_condition-new","9":"pa_coolblue-de-verzending-morgen-gratis-geliefert","10":"pa_ean-360","11":"pa_mpn-rem-00004","13":"first","14":"instock","15":"product-type-external"},"acf":[],"_links":{"self":[{"href":"https:\/\/onlinehardwareshop.de\/index.php\/wp-json\/wp\/v2\/product\/85527","targetHints":{"allow":["GET"]}}],"collection":[{"href":"https:\/\/onlinehardwareshop.de\/index.php\/wp-json\/wp\/v2\/product"}],"about":[{"href":"https:\/\/onlinehardwareshop.de\/index.php\/wp-json\/wp\/v2\/types\/product"}],"replies":[{"embeddable":true,"href":"https:\/\/onlinehardwareshop.de\/index.php\/wp-json\/wp\/v2\/comments?post=85527"}],"wp:attachment":[{"href":"https:\/\/onlinehardwareshop.de\/index.php\/wp-json\/wp\/v2\/media?parent=85527"}],"wp:term":[{"taxonomy":"brand","embeddable":true,"href":"https:\/\/onlinehardwareshop.de\/index.php\/wp-json\/wp\/v2\/brand?post=85527"},{"taxonomy":"product_brand","embeddable":true,"href":"https:\/\/onlinehardwareshop.de\/index.php\/wp-json\/wp\/v2\/product_brand?post=85527"},{"taxonomy":"product_cat","embeddable":true,"href":"https:\/\/onlinehardwareshop.de\/index.php\/wp-json\/wp\/v2\/product_cat?post=85527"},{"taxonomy":"product_tag","embeddable":true,"href":"https:\/\/onlinehardwareshop.de\/index.php\/wp-json\/wp\/v2\/product_tag?post=85527"}],"curies":[{"name":"wp","href":"https:\/\/api.w.org\/{rel}","templated":true}]}}