{"id":85473,"date":"2024-09-18T07:29:59","date_gmt":"2024-09-18T07:29:59","guid":{"rendered":"https:\/\/onlinehardwareshop.de\/index.php\/produkt\/brabantia-tischbgelbrett-s-95-x-30-cm-morning-breeze\/"},"modified":"2025-05-14T01:01:01","modified_gmt":"2025-05-14T01:01:01","slug":"brabantia-tischbgelbrett-s-95-x-30-cm-morning-breeze","status":"publish","type":"product","link":"https:\/\/onlinehardwareshop.de\/index.php\/produkt\/brabantia-tischbgelbrett-s-95-x-30-cm-morning-breeze\/","title":{"rendered":"Brabantia Tischb&#xFC;gelbrett S 95 x 30 cm Morning Breeze"},"content":{"rendered":"<p>B\u00fcgelst du regelm\u00e4\u00dfig kleine W\u00e4schemengen und hast du wenig Aufbewahrungsplatz, dann ist das Brabantia Tischb\u00fcgelbrett S 95 x 30 cm Morning Breeze etwas f\u00fcr dich. Dieses kleine, kompakte B\u00fcgelbrett l\u00e4sst sich n\u00e4mlich einfach verwenden. Anti-Rutschf\u00fc\u00dfe halten das Brett an Ort und Stelle und sch\u00fctzen den Tisch. Du klappst die F\u00fc\u00dfe heraus, stellst das B\u00fcgelbrett auf den Tisch und B\u00fcgelst ein Hemd faltenfrei. Die Arbeitsfl\u00e4che ist gro\u00df genug f\u00fcr ein Hemd, eine Bluse oder sogar eine Jeans. Nach Gebrauch r\u00e4umst du es m\u00fchelos im Schrank oder hinter der T\u00fcr auf.  Das B\u00fcgelbrett hat folgende Ma\u00dfe: L\u00e4nge: 95 cm Breite: 30 cm H\u00f6he: 60 cm<\/p>\n","protected":false},"excerpt":{"rendered":"<p>B\u00fcgelst du regelm\u00e4\u00dfig kleine W\u00e4schemengen und hast du wenig Aufbewahrungsplatz, dann ist das Brabantia Tischb\u00fcgelbrett S 95 x 30 cm Morning Breeze etwas f\u00fcr dich. Dieses kleine, kompakte B\u00fcgelbrett l\u00e4sst sich n\u00e4mlich einfach verwenden. Anti-Rutschf\u00fc\u00dfe halten das Brett an Ort und Stelle und sch\u00fctzen den Tisch. Du klappst die F\u00fc\u00dfe heraus, stellst das B\u00fcgelbrett auf den Tisch und B\u00fcgelst ein Hemd faltenfrei. Die Arbeitsfl\u00e4che ist gro\u00df genug f\u00fcr ein Hemd, eine Bluse oder sogar eine Jeans. Nach Gebrauch r\u00e4umst du es m\u00fchelos im Schrank oder hinter der T\u00fcr auf.  Das B\u00fcgelbrett hat folgende Ma\u00dfe: L\u00e4nge: 95 cm Breite: 30 cm H\u00f6he: 60 cm<\/p>\n","protected":false},"featured_media":0,"comment_status":"closed","ping_status":"open","template":"","meta":{"_acf_changed":false},"brand":[66],"product_brand":[],"product_cat":[6006],"product_tag":[6007],"class_list":{"0":"post-85473","1":"product","2":"type-product","3":"status-publish","5":"brand-brabantia","6":"product_cat-bgelbretter","7":"product_tag-strijkplanken","8":"pa_condition-new","9":"pa_coolblue-de-verzending-morgen-gratis-geliefert","10":"pa_ean-28390","11":"pa_mpn-28391","13":"first","14":"instock","15":"product-type-external"},"acf":[],"_links":{"self":[{"href":"https:\/\/onlinehardwareshop.de\/index.php\/wp-json\/wp\/v2\/product\/85473","targetHints":{"allow":["GET"]}}],"collection":[{"href":"https:\/\/onlinehardwareshop.de\/index.php\/wp-json\/wp\/v2\/product"}],"about":[{"href":"https:\/\/onlinehardwareshop.de\/index.php\/wp-json\/wp\/v2\/types\/product"}],"replies":[{"embeddable":true,"href":"https:\/\/onlinehardwareshop.de\/index.php\/wp-json\/wp\/v2\/comments?post=85473"}],"wp:attachment":[{"href":"https:\/\/onlinehardwareshop.de\/index.php\/wp-json\/wp\/v2\/media?parent=85473"}],"wp:term":[{"taxonomy":"brand","embeddable":true,"href":"https:\/\/onlinehardwareshop.de\/index.php\/wp-json\/wp\/v2\/brand?post=85473"},{"taxonomy":"product_brand","embeddable":true,"href":"https:\/\/onlinehardwareshop.de\/index.php\/wp-json\/wp\/v2\/product_brand?post=85473"},{"taxonomy":"product_cat","embeddable":true,"href":"https:\/\/onlinehardwareshop.de\/index.php\/wp-json\/wp\/v2\/product_cat?post=85473"},{"taxonomy":"product_tag","embeddable":true,"href":"https:\/\/onlinehardwareshop.de\/index.php\/wp-json\/wp\/v2\/product_tag?post=85473"}],"curies":[{"name":"wp","href":"https:\/\/api.w.org\/{rel}","templated":true}]}}