{"id":85385,"date":"2024-02-28T07:02:25","date_gmt":"2024-02-28T07:02:25","guid":{"rendered":"https:\/\/onlinehardwareshop.de\/index.php\/produkt\/dji-mic-mini-single\/"},"modified":"2025-05-14T16:37:02","modified_gmt":"2025-05-14T16:37:02","slug":"dji-mic-mini-single","status":"publish","type":"product","link":"https:\/\/onlinehardwareshop.de\/index.php\/produkt\/dji-mic-mini-single\/","title":{"rendered":"DJI Mic Mini Single"},"content":{"rendered":"<p>Mit dem DJI Mic Mini Single verbesserst du ganz einfach die Tonqualit\u00e4t deiner Aufnahmen. Du erh\u00e4ltst einen Sender mit integriertem Mikrofon und einen Empf\u00e4nger. Schlie\u00dfe den Empf\u00e4nger an deine Kamera oder dein Smartphone an und lege sofort mit den Aufnahmen los. Dank der langen Akkulaufzeit von 11,5 Stunden nimmst du problemlos einen ganzen Tag lang Audio auf. Du brauchst das Mikrofon zwischendurch nicht aufzuladen. Das Mikrofon hat ein kompaktes Design und f\u00e4llt daher bei der Aufnahme kaum auf. Du klemmst es mit dem Clip einfach an die Hals\u00f6ffnung deiner Kleidung. Wenn du drau\u00dfen filmst, nutzt du den mitgelieferten Windschutz. Damit verhinderst du Windrauschen, sodass deine Aufnahme deutlich klingt.<\/p>\n","protected":false},"excerpt":{"rendered":"<p>Mit dem DJI Mic Mini Single verbesserst du ganz einfach die Tonqualit\u00e4t deiner Aufnahmen. Du erh\u00e4ltst einen Sender mit integriertem Mikrofon und einen Empf\u00e4nger. Schlie\u00dfe den Empf\u00e4nger an deine Kamera oder dein Smartphone an und lege sofort mit den Aufnahmen los. Dank der langen Akkulaufzeit von 11,5 Stunden nimmst du problemlos einen ganzen Tag lang Audio auf. Du brauchst das Mikrofon zwischendurch nicht aufzuladen. Das Mikrofon hat ein kompaktes Design und f\u00e4llt daher bei der Aufnahme kaum auf. Du klemmst es mit dem Clip einfach an die Hals\u00f6ffnung deiner Kleidung. Wenn du drau\u00dfen filmst, nutzt du den mitgelieferten Windschutz. Damit verhinderst du Windrauschen, sodass deine Aufnahme deutlich klingt.<\/p>\n","protected":false},"featured_media":0,"comment_status":"closed","ping_status":"open","template":"","meta":{"_acf_changed":false},"brand":[3664],"product_brand":[],"product_cat":[1570],"product_tag":[1571],"class_list":{"0":"post-85385","1":"product","2":"type-product","3":"status-publish","5":"brand-dji","6":"product_cat-kameramikrofone","7":"product_tag-cameramicrofoons","8":"pa_condition-new","9":"pa_coolblue-de-verzending-morgen-gratis-geliefert","10":"pa_ean-27466","11":"pa_mpn-cp-rn-00000432-01","13":"first","14":"instock","15":"product-type-external"},"acf":[],"_links":{"self":[{"href":"https:\/\/onlinehardwareshop.de\/index.php\/wp-json\/wp\/v2\/product\/85385","targetHints":{"allow":["GET"]}}],"collection":[{"href":"https:\/\/onlinehardwareshop.de\/index.php\/wp-json\/wp\/v2\/product"}],"about":[{"href":"https:\/\/onlinehardwareshop.de\/index.php\/wp-json\/wp\/v2\/types\/product"}],"replies":[{"embeddable":true,"href":"https:\/\/onlinehardwareshop.de\/index.php\/wp-json\/wp\/v2\/comments?post=85385"}],"wp:attachment":[{"href":"https:\/\/onlinehardwareshop.de\/index.php\/wp-json\/wp\/v2\/media?parent=85385"}],"wp:term":[{"taxonomy":"brand","embeddable":true,"href":"https:\/\/onlinehardwareshop.de\/index.php\/wp-json\/wp\/v2\/brand?post=85385"},{"taxonomy":"product_brand","embeddable":true,"href":"https:\/\/onlinehardwareshop.de\/index.php\/wp-json\/wp\/v2\/product_brand?post=85385"},{"taxonomy":"product_cat","embeddable":true,"href":"https:\/\/onlinehardwareshop.de\/index.php\/wp-json\/wp\/v2\/product_cat?post=85385"},{"taxonomy":"product_tag","embeddable":true,"href":"https:\/\/onlinehardwareshop.de\/index.php\/wp-json\/wp\/v2\/product_tag?post=85385"}],"curies":[{"name":"wp","href":"https:\/\/api.w.org\/{rel}","templated":true}]}}