{"id":85378,"date":"2025-02-22T03:41:28","date_gmt":"2025-02-22T03:41:28","guid":{"rendered":"https:\/\/onlinehardwareshop.de\/index.php\/produkt\/bosch-kreissgeblatt-fr-akkusgen-expert-for-wood-190x-30x-15-1x-24t\/"},"modified":"2025-05-14T13:02:02","modified_gmt":"2025-05-14T13:02:02","slug":"bosch-kreissgeblatt-fr-akkusgen-expert-for-wood-190x-30x-15-1x-24t","status":"publish","type":"product","link":"https:\/\/onlinehardwareshop.de\/index.php\/produkt\/bosch-kreissgeblatt-fr-akkusgen-expert-for-wood-190x-30x-15-1x-24t\/","title":{"rendered":"Bosch Kreiss&#xE4;geblatt f&#xFC;r Akkus&#xE4;gen Expert for Wood 190&#xA0;x 30&#xA0;x 1,5 \/ 1&#xA0;x 24&#xA0;T"},"content":{"rendered":"<p>Das Bosch Kreiss\u00e4geblatt f\u00fcr Akkus\u00e4gen Expert for Wood 190\u00a0x 30\u00a0x 1,5 \/ 1\u00a0x 24\u00a0T ist ein Kreiss\u00e4geblatt f\u00fcr Akkus\u00e4gen. Dieses S\u00e4geblatt ist besonders d\u00fcnn, weshalb der Widerstand geringer ist. Die Maschine ben\u00f6tigt dadurch weniger Energie und du arbeitest l\u00e4nger mit einer Akkuladung. Das S\u00e4geblatt ist dank der besonderen PROtection Schicht au\u00dferdem langlebig. Das Kreiss\u00e4geblatt f\u00fcr Akkus\u00e4gen Expert for Wood hat einen Au\u00dfendurchmesser von 190\u00a0mm und eine Bohrung von 30\u00a0mm. \u00dcberpr\u00fcfe vorab genau, ob es auf deine S\u00e4ge passt.<\/p>\n","protected":false},"excerpt":{"rendered":"<p>Das Bosch Kreiss\u00e4geblatt f\u00fcr Akkus\u00e4gen Expert for Wood 190\u00a0x 30\u00a0x 1,5 \/ 1\u00a0x 24\u00a0T ist ein Kreiss\u00e4geblatt f\u00fcr Akkus\u00e4gen. Dieses S\u00e4geblatt ist besonders d\u00fcnn, weshalb der Widerstand geringer ist. Die Maschine ben\u00f6tigt dadurch weniger Energie und du arbeitest l\u00e4nger mit einer Akkuladung. Das S\u00e4geblatt ist dank der besonderen PROtection Schicht au\u00dferdem langlebig. Das Kreiss\u00e4geblatt f\u00fcr Akkus\u00e4gen Expert for Wood hat einen Au\u00dfendurchmesser von 190\u00a0mm und eine Bohrung von 30\u00a0mm. \u00dcberpr\u00fcfe vorab genau, ob es auf deine S\u00e4ge passt.<\/p>\n","protected":false},"featured_media":0,"comment_status":"closed","ping_status":"open","template":"","meta":{"_acf_changed":false},"brand":[332],"product_brand":[],"product_cat":[333],"product_tag":[334],"class_list":{"0":"post-85378","1":"product","2":"type-product","3":"status-publish","5":"brand-bosch-professional","6":"product_cat-sgebltter","7":"product_tag-zaagbladen","8":"pa_condition-new","9":"pa_coolblue-de-verzending-morgen-gratis-geliefert","10":"pa_ean-21534","11":"pa_mpn-21535","13":"first","14":"instock","15":"product-type-external"},"acf":[],"_links":{"self":[{"href":"https:\/\/onlinehardwareshop.de\/index.php\/wp-json\/wp\/v2\/product\/85378","targetHints":{"allow":["GET"]}}],"collection":[{"href":"https:\/\/onlinehardwareshop.de\/index.php\/wp-json\/wp\/v2\/product"}],"about":[{"href":"https:\/\/onlinehardwareshop.de\/index.php\/wp-json\/wp\/v2\/types\/product"}],"replies":[{"embeddable":true,"href":"https:\/\/onlinehardwareshop.de\/index.php\/wp-json\/wp\/v2\/comments?post=85378"}],"wp:attachment":[{"href":"https:\/\/onlinehardwareshop.de\/index.php\/wp-json\/wp\/v2\/media?parent=85378"}],"wp:term":[{"taxonomy":"brand","embeddable":true,"href":"https:\/\/onlinehardwareshop.de\/index.php\/wp-json\/wp\/v2\/brand?post=85378"},{"taxonomy":"product_brand","embeddable":true,"href":"https:\/\/onlinehardwareshop.de\/index.php\/wp-json\/wp\/v2\/product_brand?post=85378"},{"taxonomy":"product_cat","embeddable":true,"href":"https:\/\/onlinehardwareshop.de\/index.php\/wp-json\/wp\/v2\/product_cat?post=85378"},{"taxonomy":"product_tag","embeddable":true,"href":"https:\/\/onlinehardwareshop.de\/index.php\/wp-json\/wp\/v2\/product_tag?post=85378"}],"curies":[{"name":"wp","href":"https:\/\/api.w.org\/{rel}","templated":true}]}}