{"id":85361,"date":"2024-08-04T04:39:15","date_gmt":"2024-08-04T04:39:15","guid":{"rendered":"https:\/\/onlinehardwareshop.de\/index.php\/produkt\/yamaha-rx-v6a\/"},"modified":"2025-05-14T02:39:43","modified_gmt":"2025-05-14T02:39:43","slug":"yamaha-rx-v6a","status":"publish","type":"product","link":"https:\/\/onlinehardwareshop.de\/index.php\/produkt\/yamaha-rx-v6a\/","title":{"rendered":"Yamaha RX-V6A"},"content":{"rendered":"<p>Mit dem Yamaha RX-V6A kannst du dank Dolby Atmos-Technologie realistischen Sound genie\u00dfen. Diese Technologie reflektiert den Schall \u00fcber die Decke zu deinem H\u00f6rplatz, sodass es so aussieht, als w\u00fcrde der Hubschrauber \u00fcber deinem Kopf fliegen. Dank des Height Virtualizers ben\u00f6tigst du keine nach oben gerichteten Lautsprecher, um Dolby Atmos zu genie\u00dfen. Dieser Effekt wird durch den Virtualisierer simuliert. Dank des mitgelieferten Messmikrofons kannst du den Sound an die Akustik des Raumes anpassen. Hast du mehrere Yamaha-MusicCast-Lautsprecher zu Hause? Dank dieses Multiroom-Systems kannst du sie kabellos verbinden und alle deine Lieblingssongs im ganzen Haus genie\u00dfen.<\/p>\n","protected":false},"excerpt":{"rendered":"<p>Mit dem Yamaha RX-V6A kannst du dank Dolby Atmos-Technologie realistischen Sound genie\u00dfen. Diese Technologie reflektiert den Schall \u00fcber die Decke zu deinem H\u00f6rplatz, sodass es so aussieht, als w\u00fcrde der Hubschrauber \u00fcber deinem Kopf fliegen. Dank des Height Virtualizers ben\u00f6tigst du keine nach oben gerichteten Lautsprecher, um Dolby Atmos zu genie\u00dfen. Dieser Effekt wird durch den Virtualisierer simuliert. Dank des mitgelieferten Messmikrofons kannst du den Sound an die Akustik des Raumes anpassen. Hast du mehrere Yamaha-MusicCast-Lautsprecher zu Hause? Dank dieses Multiroom-Systems kannst du sie kabellos verbinden und alle deine Lieblingssongs im ganzen Haus genie\u00dfen.<\/p>\n","protected":false},"featured_media":0,"comment_status":"closed","ping_status":"open","template":"","meta":{"_acf_changed":false},"brand":[2259],"product_brand":[],"product_cat":[2260],"product_tag":[2261],"class_list":{"0":"post-85361","1":"product","2":"type-product","3":"status-publish","5":"brand-yamaha","6":"product_cat-receiver","7":"product_tag-receivers-av","8":"pa_condition-new","9":"pa_coolblue-de-verzending-morgen-gratis-geliefert","10":"pa_ean-6364","11":"pa_mpn-arxv6abl","13":"first","14":"instock","15":"product-type-external"},"acf":[],"_links":{"self":[{"href":"https:\/\/onlinehardwareshop.de\/index.php\/wp-json\/wp\/v2\/product\/85361","targetHints":{"allow":["GET"]}}],"collection":[{"href":"https:\/\/onlinehardwareshop.de\/index.php\/wp-json\/wp\/v2\/product"}],"about":[{"href":"https:\/\/onlinehardwareshop.de\/index.php\/wp-json\/wp\/v2\/types\/product"}],"replies":[{"embeddable":true,"href":"https:\/\/onlinehardwareshop.de\/index.php\/wp-json\/wp\/v2\/comments?post=85361"}],"wp:attachment":[{"href":"https:\/\/onlinehardwareshop.de\/index.php\/wp-json\/wp\/v2\/media?parent=85361"}],"wp:term":[{"taxonomy":"brand","embeddable":true,"href":"https:\/\/onlinehardwareshop.de\/index.php\/wp-json\/wp\/v2\/brand?post=85361"},{"taxonomy":"product_brand","embeddable":true,"href":"https:\/\/onlinehardwareshop.de\/index.php\/wp-json\/wp\/v2\/product_brand?post=85361"},{"taxonomy":"product_cat","embeddable":true,"href":"https:\/\/onlinehardwareshop.de\/index.php\/wp-json\/wp\/v2\/product_cat?post=85361"},{"taxonomy":"product_tag","embeddable":true,"href":"https:\/\/onlinehardwareshop.de\/index.php\/wp-json\/wp\/v2\/product_tag?post=85361"}],"curies":[{"name":"wp","href":"https:\/\/api.w.org\/{rel}","templated":true}]}}