{"id":85325,"date":"2024-05-07T13:05:40","date_gmt":"2024-05-07T13:05:40","guid":{"rendered":"https:\/\/onlinehardwareshop.de\/index.php\/produkt\/russell-hobbs-colours-long-slot-rot\/"},"modified":"2025-05-13T23:37:23","modified_gmt":"2025-05-13T23:37:23","slug":"russell-hobbs-colours-long-slot-rot","status":"publish","type":"product","link":"https:\/\/onlinehardwareshop.de\/index.php\/produkt\/russell-hobbs-colours-long-slot-rot\/","title":{"rendered":"Russell Hobbs Colours Long Slot Rot"},"content":{"rendered":"<p>Der Russell Hobbs Colors Long Slot Rot hat einen extra langen Brotschlitz. Auf diese Weise passt Brot jeder Gr\u00f6\u00dfe problemlos. Mit dem Drehknopf an der Seite des Toasters kannst du ganz einfach einstellen, wie lange das Brot ger\u00f6stet werden soll. Geht es etwas zu schnell? Dann unterbrich das Toasten mit einem Knopfdruck. Wenn du den Schieber extra hoch anhebst, kannst du das Brot einfach entfernen, ohne dir die Finger zu verbrennen. Lege den Toast dann auf den Warmhaltest\u00e4nder, um ihn sch\u00f6n warm zu halten. Am Boden des Toasters befindet sich eine Kr\u00fcmelschale. Daher ist die Reinigung des Toasters kein gro\u00dfer Aufwand.<\/p>\n","protected":false},"excerpt":{"rendered":"<p>Der Russell Hobbs Colors Long Slot Rot hat einen extra langen Brotschlitz. Auf diese Weise passt Brot jeder Gr\u00f6\u00dfe problemlos. Mit dem Drehknopf an der Seite des Toasters kannst du ganz einfach einstellen, wie lange das Brot ger\u00f6stet werden soll. Geht es etwas zu schnell? Dann unterbrich das Toasten mit einem Knopfdruck. Wenn du den Schieber extra hoch anhebst, kannst du das Brot einfach entfernen, ohne dir die Finger zu verbrennen. Lege den Toast dann auf den Warmhaltest\u00e4nder, um ihn sch\u00f6n warm zu halten. Am Boden des Toasters befindet sich eine Kr\u00fcmelschale. Daher ist die Reinigung des Toasters kein gro\u00dfer Aufwand.<\/p>\n","protected":false},"featured_media":0,"comment_status":"closed","ping_status":"open","template":"","meta":{"_acf_changed":false},"brand":[734],"product_brand":[],"product_cat":[283],"product_tag":[284],"class_list":{"0":"post-85325","1":"product","2":"type-product","3":"status-publish","5":"brand-russell-hobbs","6":"product_cat-toaster","7":"product_tag-broodroosters","8":"pa_condition-new","9":"pa_coolblue-de-verzending-morgen-gratis-geliefert","10":"pa_ean-1429","11":"pa_mpn-21391-56","13":"first","14":"instock","15":"product-type-external"},"acf":[],"_links":{"self":[{"href":"https:\/\/onlinehardwareshop.de\/index.php\/wp-json\/wp\/v2\/product\/85325","targetHints":{"allow":["GET"]}}],"collection":[{"href":"https:\/\/onlinehardwareshop.de\/index.php\/wp-json\/wp\/v2\/product"}],"about":[{"href":"https:\/\/onlinehardwareshop.de\/index.php\/wp-json\/wp\/v2\/types\/product"}],"replies":[{"embeddable":true,"href":"https:\/\/onlinehardwareshop.de\/index.php\/wp-json\/wp\/v2\/comments?post=85325"}],"wp:attachment":[{"href":"https:\/\/onlinehardwareshop.de\/index.php\/wp-json\/wp\/v2\/media?parent=85325"}],"wp:term":[{"taxonomy":"brand","embeddable":true,"href":"https:\/\/onlinehardwareshop.de\/index.php\/wp-json\/wp\/v2\/brand?post=85325"},{"taxonomy":"product_brand","embeddable":true,"href":"https:\/\/onlinehardwareshop.de\/index.php\/wp-json\/wp\/v2\/product_brand?post=85325"},{"taxonomy":"product_cat","embeddable":true,"href":"https:\/\/onlinehardwareshop.de\/index.php\/wp-json\/wp\/v2\/product_cat?post=85325"},{"taxonomy":"product_tag","embeddable":true,"href":"https:\/\/onlinehardwareshop.de\/index.php\/wp-json\/wp\/v2\/product_tag?post=85325"}],"curies":[{"name":"wp","href":"https:\/\/api.w.org\/{rel}","templated":true}]}}