{"id":85323,"date":"2024-05-27T15:28:58","date_gmt":"2024-05-27T15:28:58","guid":{"rendered":"https:\/\/onlinehardwareshop.de\/index.php\/produkt\/razer-basilisk-v3-x-hyperspeed-gaming-maus\/"},"modified":"2025-05-14T08:15:24","modified_gmt":"2025-05-14T08:15:24","slug":"razer-basilisk-v3-x-hyperspeed-gaming-maus","status":"publish","type":"product","link":"https:\/\/onlinehardwareshop.de\/index.php\/produkt\/razer-basilisk-v3-x-hyperspeed-gaming-maus\/","title":{"rendered":"Razer Basilisk V3 X Hyperspeed-Gaming-Maus"},"content":{"rendered":"<p>W\u00e4hle die Razer Basilisk V3 X Hyperspeed-Gaming-Maus und bek\u00e4mpfe deine Gegner clever. Diese kabellose Gaming-Maus hat Razer Hypershift. Damit kannst du noch ein Set an Verkn\u00fcpfungen zus\u00e4tzlich zu deinen Standardverkn\u00fcpfungen einstellen. So erstellst du einfach zwei verschiedene Game-Profile f\u00fcr die am h\u00e4ufigsten gespielten Spiele. Spielst du viele unterschiedliche Games? Mit einem einstellbaren dpi von bis zu 18.000 kannst du deine Maus f\u00fcr eine Partie Warzone verwenden, aber auch f\u00fcr einen ruhigen Abend mit The Sims. Mit den sieben zus\u00e4tzlichen Tasten stellst du in-Game-Aktionen ein, sodass du per Knopfdruck eine spezielle Attacke ausf\u00fchrst. Die Razer mechanische Gen 2 Switches sorgen daf\u00fcr, dass die Gaming-Maus besonders lange h\u00e4lt. Au\u00dferdem spielst du dank der langen Akkulaufzeit einfach lange Sessions ohne aufladen zu m\u00fcssen.<\/p>\n","protected":false},"excerpt":{"rendered":"<p>W\u00e4hle die Razer Basilisk V3 X Hyperspeed-Gaming-Maus und bek\u00e4mpfe deine Gegner clever. Diese kabellose Gaming-Maus hat Razer Hypershift. Damit kannst du noch ein Set an Verkn\u00fcpfungen zus\u00e4tzlich zu deinen Standardverkn\u00fcpfungen einstellen. So erstellst du einfach zwei verschiedene Game-Profile f\u00fcr die am h\u00e4ufigsten gespielten Spiele. Spielst du viele unterschiedliche Games? Mit einem einstellbaren dpi von bis zu 18.000 kannst du deine Maus f\u00fcr eine Partie Warzone verwenden, aber auch f\u00fcr einen ruhigen Abend mit The Sims. Mit den sieben zus\u00e4tzlichen Tasten stellst du in-Game-Aktionen ein, sodass du per Knopfdruck eine spezielle Attacke ausf\u00fchrst. Die Razer mechanische Gen 2 Switches sorgen daf\u00fcr, dass die Gaming-Maus besonders lange h\u00e4lt. Au\u00dferdem spielst du dank der langen Akkulaufzeit einfach lange Sessions ohne aufladen zu m\u00fcssen.<\/p>\n","protected":false},"featured_media":0,"comment_status":"closed","ping_status":"open","template":"","meta":{"_acf_changed":false},"brand":[3451],"product_brand":[],"product_cat":[33],"product_tag":[3752],"class_list":{"0":"post-85323","1":"product","2":"type-product","3":"status-publish","5":"brand-razer","6":"product_cat-muse","7":"product_tag-gaming-muizen","8":"pa_condition-new","9":"pa_coolblue-de-verzending-morgen-gratis-geliefert","10":"pa_ean-14397","11":"pa_mpn-rz01-04870100-r3g1","13":"first","14":"instock","15":"product-type-external"},"acf":[],"_links":{"self":[{"href":"https:\/\/onlinehardwareshop.de\/index.php\/wp-json\/wp\/v2\/product\/85323","targetHints":{"allow":["GET"]}}],"collection":[{"href":"https:\/\/onlinehardwareshop.de\/index.php\/wp-json\/wp\/v2\/product"}],"about":[{"href":"https:\/\/onlinehardwareshop.de\/index.php\/wp-json\/wp\/v2\/types\/product"}],"replies":[{"embeddable":true,"href":"https:\/\/onlinehardwareshop.de\/index.php\/wp-json\/wp\/v2\/comments?post=85323"}],"wp:attachment":[{"href":"https:\/\/onlinehardwareshop.de\/index.php\/wp-json\/wp\/v2\/media?parent=85323"}],"wp:term":[{"taxonomy":"brand","embeddable":true,"href":"https:\/\/onlinehardwareshop.de\/index.php\/wp-json\/wp\/v2\/brand?post=85323"},{"taxonomy":"product_brand","embeddable":true,"href":"https:\/\/onlinehardwareshop.de\/index.php\/wp-json\/wp\/v2\/product_brand?post=85323"},{"taxonomy":"product_cat","embeddable":true,"href":"https:\/\/onlinehardwareshop.de\/index.php\/wp-json\/wp\/v2\/product_cat?post=85323"},{"taxonomy":"product_tag","embeddable":true,"href":"https:\/\/onlinehardwareshop.de\/index.php\/wp-json\/wp\/v2\/product_tag?post=85323"}],"curies":[{"name":"wp","href":"https:\/\/api.w.org\/{rel}","templated":true}]}}