{"id":85265,"date":"2025-05-08T15:33:53","date_gmt":"2025-05-08T15:33:53","guid":{"rendered":"https:\/\/onlinehardwareshop.de\/index.php\/produkt\/ninja-gr101eu\/"},"modified":"2025-05-14T12:08:02","modified_gmt":"2025-05-14T12:08:02","slug":"ninja-gr101eu","status":"publish","type":"product","link":"https:\/\/onlinehardwareshop.de\/index.php\/produkt\/ninja-gr101eu\/","title":{"rendered":"Ninja GR101EU"},"content":{"rendered":"<p>Mit dem Ninja Sizzle Grill GR101EU grillst du rauchfrei. Der perforierte Deckel h\u00e4lt n\u00e4mlich den Rauch w\u00e4hrend des Grillens zur\u00fcck. Das ist praktisch, denn so verhinderst du, dass der Rauchalarm in der K\u00fcche ausgel\u00f6st wird. Mit dem Drehknopf auf der Vorderseite des Grills stellst du die Temperatur auf bis zu 260 \u00b0C ein. Du bekommst eine gerippte und eine glatte Grillplatte mitgeliefert. So verwendest du die gerippte Platte, wenn du Fleischst\u00fccke oder Gem\u00fcse grillen willst. Willst du kleine Pfannkuchen oder ein Ei braten? Dann nimmst du am besten die glatte Grillplatte. Die Fettauffangschale f\u00e4ngt alles \u00fcbrige Fett auf. Das ist angenehm, weil du dann die Platte nach Gebrauch einfacher reinigst.<\/p>\n","protected":false},"excerpt":{"rendered":"<p>Mit dem Ninja Sizzle Grill GR101EU grillst du rauchfrei. Der perforierte Deckel h\u00e4lt n\u00e4mlich den Rauch w\u00e4hrend des Grillens zur\u00fcck. Das ist praktisch, denn so verhinderst du, dass der Rauchalarm in der K\u00fcche ausgel\u00f6st wird. Mit dem Drehknopf auf der Vorderseite des Grills stellst du die Temperatur auf bis zu 260 \u00b0C ein. Du bekommst eine gerippte und eine glatte Grillplatte mitgeliefert. So verwendest du die gerippte Platte, wenn du Fleischst\u00fccke oder Gem\u00fcse grillen willst. Willst du kleine Pfannkuchen oder ein Ei braten? Dann nimmst du am besten die glatte Grillplatte. Die Fettauffangschale f\u00e4ngt alles \u00fcbrige Fett auf. Das ist angenehm, weil du dann die Platte nach Gebrauch einfacher reinigst.<\/p>\n","protected":false},"featured_media":0,"comment_status":"closed","ping_status":"open","template":"","meta":{"_acf_changed":false},"brand":[6837],"product_brand":[],"product_cat":[300],"product_tag":[301],"class_list":{"0":"post-85265","1":"product","2":"type-product","3":"status-publish","5":"brand-ninja","6":"product_cat-kontaktgrills","7":"product_tag-contactgrills","8":"pa_condition-new","9":"pa_coolblue-de-verzending-morgen-gratis-geliefert","10":"pa_ean-20253","11":"pa_mpn-gr101eu","13":"first","14":"instock","15":"product-type-external"},"acf":[],"_links":{"self":[{"href":"https:\/\/onlinehardwareshop.de\/index.php\/wp-json\/wp\/v2\/product\/85265","targetHints":{"allow":["GET"]}}],"collection":[{"href":"https:\/\/onlinehardwareshop.de\/index.php\/wp-json\/wp\/v2\/product"}],"about":[{"href":"https:\/\/onlinehardwareshop.de\/index.php\/wp-json\/wp\/v2\/types\/product"}],"replies":[{"embeddable":true,"href":"https:\/\/onlinehardwareshop.de\/index.php\/wp-json\/wp\/v2\/comments?post=85265"}],"wp:attachment":[{"href":"https:\/\/onlinehardwareshop.de\/index.php\/wp-json\/wp\/v2\/media?parent=85265"}],"wp:term":[{"taxonomy":"brand","embeddable":true,"href":"https:\/\/onlinehardwareshop.de\/index.php\/wp-json\/wp\/v2\/brand?post=85265"},{"taxonomy":"product_brand","embeddable":true,"href":"https:\/\/onlinehardwareshop.de\/index.php\/wp-json\/wp\/v2\/product_brand?post=85265"},{"taxonomy":"product_cat","embeddable":true,"href":"https:\/\/onlinehardwareshop.de\/index.php\/wp-json\/wp\/v2\/product_cat?post=85265"},{"taxonomy":"product_tag","embeddable":true,"href":"https:\/\/onlinehardwareshop.de\/index.php\/wp-json\/wp\/v2\/product_tag?post=85265"}],"curies":[{"name":"wp","href":"https:\/\/api.w.org\/{rel}","templated":true}]}}