{"id":85167,"date":"2024-03-03T00:02:43","date_gmt":"2024-03-03T00:02:43","guid":{"rendered":"https:\/\/onlinehardwareshop.de\/index.php\/produkt\/einhell-tp-js-18-135-li-bl-solo-einhell-e-case-l\/"},"modified":"2025-05-14T16:05:42","modified_gmt":"2025-05-14T16:05:42","slug":"einhell-tp-js-18-135-li-bl-solo-einhell-e-case-l","status":"publish","type":"product","link":"https:\/\/onlinehardwareshop.de\/index.php\/produkt\/einhell-tp-js-18-135-li-bl-solo-einhell-e-case-l\/","title":{"rendered":"Einhell TP-JS 18\/135 Li BL Solo + Einhell E-Case L"},"content":{"rendered":"<p>Mit dem Set aus Einhell TP-JS 18\/135 Li BL Solo + Einhell E-Case L nimmst du die Stichs\u00e4ge einfach im mitgelieferten Werkzeugtrolley unterwegs mit. Diese Stichs\u00e4ge s\u00e4gt m\u00fchelos durch Holz und Metall. Sie s\u00e4gt bis zu einer Tiefe von 135\u00a0mm in Holz und bis zu 10\u00a0mm in Stahl. Der leistungsstarke PurePOWER Motor ohne B\u00fcrsten bietet dir mehr Kraft und h\u00e4lt mit einer Akkuladung l\u00e4nger (Akku nicht im Lieferumfang enthalten). Du s\u00e4gst gerade oder bis zu 45 Grad schr\u00e4g und wechselst die S\u00e4gebl\u00e4tter schnell ohne zus\u00e4tzliches Werkzeug. Mit der Blasfunktion beh\u00e4ltst du eine gute Sicht auf die Schnittlinie, w\u00e4hrend das integrierte Licht dir in dunklen R\u00e4umen hilft. Der Akku ist Teil des Einhell Power-X-Change 18V Akkusystems. Hast du bereits einen Akku dieses Systems? Dann verwendest du ihn auch f\u00fcr diese Maschine.<\/p>\n","protected":false},"excerpt":{"rendered":"<p>Mit dem Set aus Einhell TP-JS 18\/135 Li BL Solo + Einhell E-Case L nimmst du die Stichs\u00e4ge einfach im mitgelieferten Werkzeugtrolley unterwegs mit. Diese Stichs\u00e4ge s\u00e4gt m\u00fchelos durch Holz und Metall. Sie s\u00e4gt bis zu einer Tiefe von 135\u00a0mm in Holz und bis zu 10\u00a0mm in Stahl. Der leistungsstarke PurePOWER Motor ohne B\u00fcrsten bietet dir mehr Kraft und h\u00e4lt mit einer Akkuladung l\u00e4nger (Akku nicht im Lieferumfang enthalten). Du s\u00e4gst gerade oder bis zu 45 Grad schr\u00e4g und wechselst die S\u00e4gebl\u00e4tter schnell ohne zus\u00e4tzliches Werkzeug. Mit der Blasfunktion beh\u00e4ltst du eine gute Sicht auf die Schnittlinie, w\u00e4hrend das integrierte Licht dir in dunklen R\u00e4umen hilft. Der Akku ist Teil des Einhell Power-X-Change 18V Akkusystems. Hast du bereits einen Akku dieses Systems? Dann verwendest du ihn auch f\u00fcr diese Maschine.<\/p>\n","protected":false},"featured_media":0,"comment_status":"closed","ping_status":"open","template":"","meta":{"_acf_changed":false},"brand":[1564],"product_brand":[],"product_cat":[43],"product_tag":[2773],"class_list":{"0":"post-85167","1":"product","2":"type-product","3":"status-publish","5":"brand-einhell","6":"product_cat-stichsgen","7":"product_tag-accu-decoupeerzagen","8":"pa_condition-new","9":"pa_coolblue-de-verzending-morgen-gratis-geliefert","10":"pa_ean-28613","12":"first","13":"instock","14":"product-type-external"},"acf":[],"_links":{"self":[{"href":"https:\/\/onlinehardwareshop.de\/index.php\/wp-json\/wp\/v2\/product\/85167","targetHints":{"allow":["GET"]}}],"collection":[{"href":"https:\/\/onlinehardwareshop.de\/index.php\/wp-json\/wp\/v2\/product"}],"about":[{"href":"https:\/\/onlinehardwareshop.de\/index.php\/wp-json\/wp\/v2\/types\/product"}],"replies":[{"embeddable":true,"href":"https:\/\/onlinehardwareshop.de\/index.php\/wp-json\/wp\/v2\/comments?post=85167"}],"wp:attachment":[{"href":"https:\/\/onlinehardwareshop.de\/index.php\/wp-json\/wp\/v2\/media?parent=85167"}],"wp:term":[{"taxonomy":"brand","embeddable":true,"href":"https:\/\/onlinehardwareshop.de\/index.php\/wp-json\/wp\/v2\/brand?post=85167"},{"taxonomy":"product_brand","embeddable":true,"href":"https:\/\/onlinehardwareshop.de\/index.php\/wp-json\/wp\/v2\/product_brand?post=85167"},{"taxonomy":"product_cat","embeddable":true,"href":"https:\/\/onlinehardwareshop.de\/index.php\/wp-json\/wp\/v2\/product_cat?post=85167"},{"taxonomy":"product_tag","embeddable":true,"href":"https:\/\/onlinehardwareshop.de\/index.php\/wp-json\/wp\/v2\/product_tag?post=85167"}],"curies":[{"name":"wp","href":"https:\/\/api.w.org\/{rel}","templated":true}]}}