{"id":85163,"date":"2024-07-21T01:03:29","date_gmt":"2024-07-21T01:03:29","guid":{"rendered":"https:\/\/onlinehardwareshop.de\/index.php\/produkt\/einhell-tp-js-18-135-li-bl-solo-40ah-akku-2x-e-case-l-starterset\/"},"modified":"2025-05-14T16:06:01","modified_gmt":"2025-05-14T16:06:01","slug":"einhell-tp-js-18-135-li-bl-solo-40ah-akku-2x-e-case-l-starterset","status":"publish","type":"product","link":"https:\/\/onlinehardwareshop.de\/index.php\/produkt\/einhell-tp-js-18-135-li-bl-solo-40ah-akku-2x-e-case-l-starterset\/","title":{"rendered":"Einhell TP-JS 18\/135 Li BL Solo 4,0&#xA0;Ah Akku (2x) E-Case L Starterset"},"content":{"rendered":"<p>Mit dem Einhell TP-JS 18\/135 Li BL Solo 4,0\u00a0Ah Akku (2x) E-Case L s\u00e4gst du ohne Unterbrechungen und nimmst die S\u00e4ge einfach mit. Diese Stichs\u00e4ge bis zu einer Tiefe von 135\u00a0mm in Holz und bis zu 10\u00a0mm in Stahl. Der PurePOWER Motor ohne B\u00fcrsten bietet dir mehr Kraft und h\u00e4lt mit einer Akkuladung l\u00e4nger. Du s\u00e4gst gerade oder bis zu 45 Grad schr\u00e4g und wechselst die S\u00e4gebl\u00e4tter schnell ohne Werkzeug. Mit der Blasfunktion beh\u00e4ltst du eine gute Sicht auf die Schnittlinie, w\u00e4hrend das integrierte Licht dir in dunklen R\u00e4umen hilft. Der Akku ist Teil des Einhell Power-X-Change 18V Akkusystems. Du nutzt die Akkus auch f\u00fcr andere (Garten-)Ger\u00e4te desselben Systems.<\/p>\n","protected":false},"excerpt":{"rendered":"<p>Mit dem Einhell TP-JS 18\/135 Li BL Solo 4,0\u00a0Ah Akku (2x) E-Case L s\u00e4gst du ohne Unterbrechungen und nimmst die S\u00e4ge einfach mit. Diese Stichs\u00e4ge bis zu einer Tiefe von 135\u00a0mm in Holz und bis zu 10\u00a0mm in Stahl. Der PurePOWER Motor ohne B\u00fcrsten bietet dir mehr Kraft und h\u00e4lt mit einer Akkuladung l\u00e4nger. Du s\u00e4gst gerade oder bis zu 45 Grad schr\u00e4g und wechselst die S\u00e4gebl\u00e4tter schnell ohne Werkzeug. Mit der Blasfunktion beh\u00e4ltst du eine gute Sicht auf die Schnittlinie, w\u00e4hrend das integrierte Licht dir in dunklen R\u00e4umen hilft. Der Akku ist Teil des Einhell Power-X-Change 18V Akkusystems. Du nutzt die Akkus auch f\u00fcr andere (Garten-)Ger\u00e4te desselben Systems.<\/p>\n","protected":false},"featured_media":0,"comment_status":"closed","ping_status":"open","template":"","meta":{"_acf_changed":false},"brand":[1564],"product_brand":[],"product_cat":[43],"product_tag":[2773],"class_list":{"0":"post-85163","1":"product","2":"type-product","3":"status-publish","5":"brand-einhell","6":"product_cat-stichsgen","7":"product_tag-accu-decoupeerzagen","8":"pa_condition-new","9":"pa_coolblue-de-verzending-morgen-gratis-geliefert","10":"pa_ean-28615","12":"first","13":"instock","14":"product-type-external"},"acf":[],"_links":{"self":[{"href":"https:\/\/onlinehardwareshop.de\/index.php\/wp-json\/wp\/v2\/product\/85163","targetHints":{"allow":["GET"]}}],"collection":[{"href":"https:\/\/onlinehardwareshop.de\/index.php\/wp-json\/wp\/v2\/product"}],"about":[{"href":"https:\/\/onlinehardwareshop.de\/index.php\/wp-json\/wp\/v2\/types\/product"}],"replies":[{"embeddable":true,"href":"https:\/\/onlinehardwareshop.de\/index.php\/wp-json\/wp\/v2\/comments?post=85163"}],"wp:attachment":[{"href":"https:\/\/onlinehardwareshop.de\/index.php\/wp-json\/wp\/v2\/media?parent=85163"}],"wp:term":[{"taxonomy":"brand","embeddable":true,"href":"https:\/\/onlinehardwareshop.de\/index.php\/wp-json\/wp\/v2\/brand?post=85163"},{"taxonomy":"product_brand","embeddable":true,"href":"https:\/\/onlinehardwareshop.de\/index.php\/wp-json\/wp\/v2\/product_brand?post=85163"},{"taxonomy":"product_cat","embeddable":true,"href":"https:\/\/onlinehardwareshop.de\/index.php\/wp-json\/wp\/v2\/product_cat?post=85163"},{"taxonomy":"product_tag","embeddable":true,"href":"https:\/\/onlinehardwareshop.de\/index.php\/wp-json\/wp\/v2\/product_tag?post=85163"}],"curies":[{"name":"wp","href":"https:\/\/api.w.org\/{rel}","templated":true}]}}