{"id":85160,"date":"2025-04-04T18:00:41","date_gmt":"2025-04-04T18:00:41","guid":{"rendered":"https:\/\/onlinehardwareshop.de\/index.php\/produkt\/einhell-tp-jst-18-135-li-bl-solo-40ah-akku-2x-e-case-l-starterset\/"},"modified":"2025-05-14T16:06:33","modified_gmt":"2025-05-14T16:06:33","slug":"einhell-tp-jst-18-135-li-bl-solo-40ah-akku-2x-e-case-l-starterset","status":"publish","type":"product","link":"https:\/\/onlinehardwareshop.de\/index.php\/produkt\/einhell-tp-jst-18-135-li-bl-solo-40ah-akku-2x-e-case-l-starterset\/","title":{"rendered":"Einhell TP-JST 18\/135 Li BL Solo 4,0&#xA0;Ah Akku (2x) E-Case L Starterset"},"content":{"rendered":"<p>Mit dem Einhell TP-JST 18\/135 Li BL Solo 4,0\u00a0Ah Akku (2x) E-Case L Starterset f\u00fchrst du S\u00e4gearbeiten ohne Unterbrechungen aus. Dieses Paket enth\u00e4lt zwei Akkus und einen Aufbewahrungskoffer, um die S\u00e4ge ordentlich zu verstauen. Diese Stichs\u00e4ge s\u00e4gt bis zu 135\u00a0mm tief in Holz und bis zu 10\u00a0mm tief in Stahl. Du s\u00e4gst gerade und schr\u00e4g (auf Gehrung), sodass du viele verschiedene Arbeiten erledigst. Mit der Blasfunktion h\u00e4ltst du deinen Arbeitsbereich sauber und sorgst f\u00fcr gute Sicht. Dank der integrierten Beleuchtung arbeitest du problemlos in dunklen R\u00e4umen. Die S\u00e4gebl\u00e4tter lassen sich schnell und einfach ohne zus\u00e4tzliches Werkzeug wechseln. Der Akku ist Teil des Einhell Power X-Change 18V Akkusystems. Du nutzt die Akkus auch f\u00fcr andere (Garten-)Ger\u00e4te desselben Systems.<\/p>\n","protected":false},"excerpt":{"rendered":"<p>Mit dem Einhell TP-JST 18\/135 Li BL Solo 4,0\u00a0Ah Akku (2x) E-Case L Starterset f\u00fchrst du S\u00e4gearbeiten ohne Unterbrechungen aus. Dieses Paket enth\u00e4lt zwei Akkus und einen Aufbewahrungskoffer, um die S\u00e4ge ordentlich zu verstauen. Diese Stichs\u00e4ge s\u00e4gt bis zu 135\u00a0mm tief in Holz und bis zu 10\u00a0mm tief in Stahl. Du s\u00e4gst gerade und schr\u00e4g (auf Gehrung), sodass du viele verschiedene Arbeiten erledigst. Mit der Blasfunktion h\u00e4ltst du deinen Arbeitsbereich sauber und sorgst f\u00fcr gute Sicht. Dank der integrierten Beleuchtung arbeitest du problemlos in dunklen R\u00e4umen. Die S\u00e4gebl\u00e4tter lassen sich schnell und einfach ohne zus\u00e4tzliches Werkzeug wechseln. Der Akku ist Teil des Einhell Power X-Change 18V Akkusystems. Du nutzt die Akkus auch f\u00fcr andere (Garten-)Ger\u00e4te desselben Systems.<\/p>\n","protected":false},"featured_media":0,"comment_status":"closed","ping_status":"open","template":"","meta":{"_acf_changed":false},"brand":[1564],"product_brand":[],"product_cat":[43],"product_tag":[2773],"class_list":{"0":"post-85160","1":"product","2":"type-product","3":"status-publish","5":"brand-einhell","6":"product_cat-stichsgen","7":"product_tag-accu-decoupeerzagen","8":"pa_condition-new","9":"pa_coolblue-de-verzending-morgen-gratis-geliefert","10":"pa_ean-28618","12":"first","13":"instock","14":"product-type-external"},"acf":[],"_links":{"self":[{"href":"https:\/\/onlinehardwareshop.de\/index.php\/wp-json\/wp\/v2\/product\/85160","targetHints":{"allow":["GET"]}}],"collection":[{"href":"https:\/\/onlinehardwareshop.de\/index.php\/wp-json\/wp\/v2\/product"}],"about":[{"href":"https:\/\/onlinehardwareshop.de\/index.php\/wp-json\/wp\/v2\/types\/product"}],"replies":[{"embeddable":true,"href":"https:\/\/onlinehardwareshop.de\/index.php\/wp-json\/wp\/v2\/comments?post=85160"}],"wp:attachment":[{"href":"https:\/\/onlinehardwareshop.de\/index.php\/wp-json\/wp\/v2\/media?parent=85160"}],"wp:term":[{"taxonomy":"brand","embeddable":true,"href":"https:\/\/onlinehardwareshop.de\/index.php\/wp-json\/wp\/v2\/brand?post=85160"},{"taxonomy":"product_brand","embeddable":true,"href":"https:\/\/onlinehardwareshop.de\/index.php\/wp-json\/wp\/v2\/product_brand?post=85160"},{"taxonomy":"product_cat","embeddable":true,"href":"https:\/\/onlinehardwareshop.de\/index.php\/wp-json\/wp\/v2\/product_cat?post=85160"},{"taxonomy":"product_tag","embeddable":true,"href":"https:\/\/onlinehardwareshop.de\/index.php\/wp-json\/wp\/v2\/product_tag?post=85160"}],"curies":[{"name":"wp","href":"https:\/\/api.w.org\/{rel}","templated":true}]}}