{"id":85111,"date":"2024-09-06T10:43:54","date_gmt":"2024-09-06T10:43:54","guid":{"rendered":"https:\/\/onlinehardwareshop.de\/index.php\/produkt\/canon-ef-24-105mm-f-4l-is-ii-usm\/"},"modified":"2025-05-14T00:07:45","modified_gmt":"2025-05-14T00:07:45","slug":"canon-ef-24-105mm-f-4l-is-ii-usm","status":"publish","type":"product","link":"https:\/\/onlinehardwareshop.de\/index.php\/produkt\/canon-ef-24-105mm-f-4l-is-ii-usm\/","title":{"rendered":"Canon EF 24-105mm f\/4L IS II USM"},"content":{"rendered":"<p>Das Canon EF 24-105 mm f\/4L II USM ist ein Weitwinkelobjektiv mit Zoom, das f\u00fcr die Vollformat-Spiegelreflexkameras von Canon geeignet ist. Dieses Objektiv ist f\u00fcr den Bildsensor der Canon 5D Mark IV optimiert. Die maximale Blenden\u00f6ffnung von F\/4.0 ist \u00fcber den gesamten Zoombereich verf\u00fcgbar. Dieses Objektiv verf\u00fcgt \u00fcber einen Zoomring, mit dem du akkurat und pr\u00e4zise arbeiten kannst. Dank der vier asph\u00e4rischen Glaselemente werden deine Fotos ohne Objektivfehler aufgenommen. Das Objektiv ist mit zwei Spezialbeschichtungen versehen. Diese sorgen daf\u00fcr, dass Streulicht und ein zu hoher Kontrast bei Aufnahmen bei strahlender Sonne auf ein Minimum reduziert werden.<\/p>\n","protected":false},"excerpt":{"rendered":"<p>Das Canon EF 24-105 mm f\/4L II USM ist ein Weitwinkelobjektiv mit Zoom, das f\u00fcr die Vollformat-Spiegelreflexkameras von Canon geeignet ist. Dieses Objektiv ist f\u00fcr den Bildsensor der Canon 5D Mark IV optimiert. Die maximale Blenden\u00f6ffnung von F\/4.0 ist \u00fcber den gesamten Zoombereich verf\u00fcgbar. Dieses Objektiv verf\u00fcgt \u00fcber einen Zoomring, mit dem du akkurat und pr\u00e4zise arbeiten kannst. Dank der vier asph\u00e4rischen Glaselemente werden deine Fotos ohne Objektivfehler aufgenommen. Das Objektiv ist mit zwei Spezialbeschichtungen versehen. Diese sorgen daf\u00fcr, dass Streulicht und ein zu hoher Kontrast bei Aufnahmen bei strahlender Sonne auf ein Minimum reduziert werden.<\/p>\n","protected":false},"featured_media":0,"comment_status":"closed","ping_status":"open","template":"","meta":{"_acf_changed":false},"brand":[61],"product_brand":[],"product_cat":[187],"product_tag":[188],"class_list":{"0":"post-85111","1":"product","2":"type-product","3":"status-publish","5":"brand-canon","6":"product_cat-kameraobjektive","7":"product_tag-lenzen-voor-slr-cameras","8":"pa_condition-new","9":"pa_coolblue-de-verzending-morgen-gratis-geliefert","10":"pa_ean-2370","11":"pa_mpn-1380c005","13":"first","14":"instock","15":"product-type-external"},"acf":[],"_links":{"self":[{"href":"https:\/\/onlinehardwareshop.de\/index.php\/wp-json\/wp\/v2\/product\/85111","targetHints":{"allow":["GET"]}}],"collection":[{"href":"https:\/\/onlinehardwareshop.de\/index.php\/wp-json\/wp\/v2\/product"}],"about":[{"href":"https:\/\/onlinehardwareshop.de\/index.php\/wp-json\/wp\/v2\/types\/product"}],"replies":[{"embeddable":true,"href":"https:\/\/onlinehardwareshop.de\/index.php\/wp-json\/wp\/v2\/comments?post=85111"}],"wp:attachment":[{"href":"https:\/\/onlinehardwareshop.de\/index.php\/wp-json\/wp\/v2\/media?parent=85111"}],"wp:term":[{"taxonomy":"brand","embeddable":true,"href":"https:\/\/onlinehardwareshop.de\/index.php\/wp-json\/wp\/v2\/brand?post=85111"},{"taxonomy":"product_brand","embeddable":true,"href":"https:\/\/onlinehardwareshop.de\/index.php\/wp-json\/wp\/v2\/product_brand?post=85111"},{"taxonomy":"product_cat","embeddable":true,"href":"https:\/\/onlinehardwareshop.de\/index.php\/wp-json\/wp\/v2\/product_cat?post=85111"},{"taxonomy":"product_tag","embeddable":true,"href":"https:\/\/onlinehardwareshop.de\/index.php\/wp-json\/wp\/v2\/product_tag?post=85111"}],"curies":[{"name":"wp","href":"https:\/\/api.w.org\/{rel}","templated":true}]}}