{"id":85100,"date":"2025-02-15T22:25:30","date_gmt":"2025-02-15T22:25:30","guid":{"rendered":"https:\/\/onlinehardwareshop.de\/index.php\/produkt\/brabantia-bread-maker-stainless-steel-bbek1114\/"},"modified":"2025-05-14T19:00:19","modified_gmt":"2025-05-14T19:00:19","slug":"brabantia-bread-maker-stainless-steel-bbek1114","status":"publish","type":"product","link":"https:\/\/onlinehardwareshop.de\/index.php\/produkt\/brabantia-bread-maker-stainless-steel-bbek1114\/","title":{"rendered":"Brabantia Bread Maker Stainless Steel BBEK1114"},"content":{"rendered":"<p>Mit dem Brabantia Bread Maker Stainless Steel BBEK1114 bereitest du sogar Roggenbrot, Vollkornbrot und Pizzateig zu. Der Brotbackautomat l\u00e4sst sich dank der 19 automatischen Programme mit nur einem Knopfdruck einfach einstellen. Bei einigen Programmen f\u00fcgst du nachtr\u00e4glich Zutaten wie N\u00fcsse oder Rosinen hinzu. Mit dem 15-Stunden-Startzeit-Timer genie\u00dft du morgens frisch gebackenes, warmes Brot. Stelle den Timer vor dem Schlafengehen ein und du wachst mit dem Duft von frisch gebackenem Brot auf. M\u00f6chtest du noch etwas liegen bleiben? Dank der Warmhaltefunktion bleibt das Brot noch 60 Minuten warm.<\/p>\n","protected":false},"excerpt":{"rendered":"<p>Mit dem Brabantia Bread Maker Stainless Steel BBEK1114 bereitest du sogar Roggenbrot, Vollkornbrot und Pizzateig zu. Der Brotbackautomat l\u00e4sst sich dank der 19 automatischen Programme mit nur einem Knopfdruck einfach einstellen. Bei einigen Programmen f\u00fcgst du nachtr\u00e4glich Zutaten wie N\u00fcsse oder Rosinen hinzu. Mit dem 15-Stunden-Startzeit-Timer genie\u00dft du morgens frisch gebackenes, warmes Brot. Stelle den Timer vor dem Schlafengehen ein und du wachst mit dem Duft von frisch gebackenem Brot auf. M\u00f6chtest du noch etwas liegen bleiben? Dank der Warmhaltefunktion bleibt das Brot noch 60 Minuten warm.<\/p>\n","protected":false},"featured_media":0,"comment_status":"closed","ping_status":"open","template":"","meta":{"_acf_changed":false},"brand":[66],"product_brand":[],"product_cat":[1396],"product_tag":[1397],"class_list":{"0":"post-85100","1":"product","2":"type-product","3":"status-publish","5":"brand-brabantia","6":"product_cat-brotbackautomaten","7":"product_tag-broodbakmachines","8":"pa_condition-new","9":"pa_coolblue-de-verzending-morgen-gratis-geliefert","10":"pa_ean-34241","11":"pa_mpn-bbek1114","13":"first","14":"instock","15":"product-type-external"},"acf":[],"_links":{"self":[{"href":"https:\/\/onlinehardwareshop.de\/index.php\/wp-json\/wp\/v2\/product\/85100","targetHints":{"allow":["GET"]}}],"collection":[{"href":"https:\/\/onlinehardwareshop.de\/index.php\/wp-json\/wp\/v2\/product"}],"about":[{"href":"https:\/\/onlinehardwareshop.de\/index.php\/wp-json\/wp\/v2\/types\/product"}],"replies":[{"embeddable":true,"href":"https:\/\/onlinehardwareshop.de\/index.php\/wp-json\/wp\/v2\/comments?post=85100"}],"wp:attachment":[{"href":"https:\/\/onlinehardwareshop.de\/index.php\/wp-json\/wp\/v2\/media?parent=85100"}],"wp:term":[{"taxonomy":"brand","embeddable":true,"href":"https:\/\/onlinehardwareshop.de\/index.php\/wp-json\/wp\/v2\/brand?post=85100"},{"taxonomy":"product_brand","embeddable":true,"href":"https:\/\/onlinehardwareshop.de\/index.php\/wp-json\/wp\/v2\/product_brand?post=85100"},{"taxonomy":"product_cat","embeddable":true,"href":"https:\/\/onlinehardwareshop.de\/index.php\/wp-json\/wp\/v2\/product_cat?post=85100"},{"taxonomy":"product_tag","embeddable":true,"href":"https:\/\/onlinehardwareshop.de\/index.php\/wp-json\/wp\/v2\/product_tag?post=85100"}],"curies":[{"name":"wp","href":"https:\/\/api.w.org\/{rel}","templated":true}]}}